{"id":14214,"date":"2020-06-18T16:45:54","date_gmt":"2020-06-18T14:45:54","guid":{"rendered":"https:\/\/boutique2mode.com\/?post_type=product&#038;p=14214"},"modified":"2021-02-08T19:22:22","modified_gmt":"2021-02-08T18:22:22","slug":"pack-annuaire-des-marques-de-mode","status":"publish","type":"product","link":"https:\/\/boutique2mode.com\/en\/boutique\/pack-annuaire-des-marques-de-mode","title":{"rendered":"Pack Annuaire des marques de mode"},"content":{"rendered":"<!--themify_builder_content-->\n<div id=\"themify_builder_content-14214\" data-postid=\"14214\" class=\"themify_builder_content themify_builder_content-14214 themify_builder tf_clear\">\n    <\/div>\n<!--\/themify_builder_content-->\n","protected":false},"excerpt":{"rendered":"<p style=\"text-align: center;\"><span class=\"shortcode themify-icon bold\"><i class=\"themify-icon-icon\" style=\"color: #902a7d;\"><svg  class=\"tf_fa tf-fas-phone\" aria-hidden=\"true\"><use href=\"#tf-fas-phone\"><\/use><\/svg><\/i><\/span> <strong>Vos coordonn\u00e9es commerciales <\/strong><em>(email + t\u00e9l\u00e9phone ; Agent(s) &amp; Showroom)<br \/>\n<\/em><span class=\"shortcode themify-icon \"><i class=\"themify-icon-icon\" style=\"color: #902a7d;\"><svg  class=\"tf_fa tf-ti-world\" aria-hidden=\"true\"><use href=\"#tf-ti-world\"><\/use><\/svg><\/i><\/span> <strong>Lien vers votre site internet <\/strong><em>(Visibilit\u00e9 + <span style=\"text-decoration: underline;\">Backlink de qualit\u00e9 pour votre SEO<\/span>)<\/em><\/p>\n<p style=\"text-align: center;\"><em><span class=\"shortcode themify-icon \"><i class=\"themify-icon-icon\" style=\"color: #000000;\"><svg  class=\"tf_fa tf-fas-plus\" aria-hidden=\"true\"><use href=\"#tf-fas-plus\"><\/use><\/svg><\/i><\/span><\/em><\/p>\n<p style=\"text-align: center;\"><span class=\"shortcode themify-icon \"><i class=\"themify-icon-icon\" style=\"color: #902a7d;\"><svg  class=\"tf_fa tf-fas-paper-plane\" aria-hidden=\"true\"><use href=\"#tf-fas-paper-plane\"><\/use><\/svg><\/i><\/span> <strong>1 insertion de votre marque dans une newsletter Boutique2Mode<\/strong><br \/>\n<em>(Envoy\u00e9e \u00e0 + de 10.000 commer\u00e7ants ind\u00e9pendants)<\/em><\/p>\n<p style=\"text-align: center;\"><em><span class=\"shortcode themify-icon \"><i class=\"themify-icon-icon\" style=\"color: #000000;\"><svg  class=\"tf_fa tf-fas-plus\" aria-hidden=\"true\"><use href=\"#tf-fas-plus\"><\/use><\/svg><\/i><\/span><\/em><\/p>\n<p style=\"text-align: center;\"><span class=\"shortcode themify-icon bold\"><i class=\"themify-icon-icon\" style=\"color: #902a7d;\"><svg  class=\"tf_fa tf-far-newspaper\" aria-hidden=\"true\"><use href=\"#tf-far-newspaper\"><\/use><\/svg><\/i><\/span> <strong>Abonnement au magazine Boutique2Mode<br \/>\n<\/strong><em>(tous les contenus du site en illimit\u00e9)<\/em><\/p>\n","protected":false},"featured_media":0,"template":"","meta":{"_monsterinsights_skip_tracking":false,"_monsterinsights_sitenote_active":false,"_monsterinsights_sitenote_note":"","_monsterinsights_sitenote_category":0,"jetpack_post_was_ever_published":false,"jetpack_publicize_message":"","jetpack_publicize_feature_enabled":true,"jetpack_social_post_already_shared":true,"jetpack_social_options":{"image_generator_settings":{"template":"highway","default_image_id":0,"font":"","enabled":false},"version":2}},"product_brand":[],"product_cat":[39],"product_tag":[],"class_list":{"0":"post-14214","1":"product","2":"type-product","3":"status-publish","5":"product_cat-non-classe","6":"has-post-title","7":"has-post-date","8":"has-post-category","9":"has-post-tag","10":"has-post-comment","11":"has-post-author","12":"","14":"first","15":"instock","16":"shipping-taxable","17":"purchasable","18":"product-type-variable-subscription","19":"has-default-attributes"},"yoast_head":"<!-- This site is optimized with the Yoast SEO plugin v27.4 - https:\/\/yoast.com\/product\/yoast-seo-wordpress\/ -->\n<title>Pack Annuaire des marques de mode - Boutique2Mode<\/title>\n<meta name=\"robots\" content=\"index, follow, max-snippet:-1, max-image-preview:large, max-video-preview:-1\" \/>\n<link rel=\"canonical\" href=\"https:\/\/boutique2mode.com\/boutique\/pack-annuaire-des-marques-de-mode\" \/>\n<meta property=\"og:locale\" content=\"en_US\" \/>\n<meta property=\"og:type\" content=\"article\" \/>\n<meta property=\"og:title\" content=\"Pack Annuaire des marques de mode - Boutique2Mode\" \/>\n<meta property=\"og:description\" content=\"Vos coordonn\u00e9es commerciales (email + t\u00e9l\u00e9phone ; Agent(s) &amp; Showroom)  Lien vers votre site internet (Visibilit\u00e9 + Backlink de qualit\u00e9 pour votre SEO)   1 insertion de votre marque dans une newsletter Boutique2Mode (Envoy\u00e9e \u00e0 + de 10.000 commer\u00e7ants ind\u00e9pendants)   Abonnement au magazine Boutique2Mode (tous les contenus du site en illimit\u00e9)\" \/>\n<meta property=\"og:url\" content=\"https:\/\/boutique2mode.com\/boutique\/pack-annuaire-des-marques-de-mode\" \/>\n<meta property=\"og:site_name\" content=\"Boutique2Mode\" \/>\n<meta property=\"article:modified_time\" content=\"2021-02-08T18:22:22+00:00\" \/>\n<meta name=\"twitter:card\" content=\"summary_large_image\" \/>\n<script type=\"application\/ld+json\" class=\"yoast-schema-graph\">{\"@context\":\"https:\\\/\\\/schema.org\",\"@graph\":[{\"@type\":\"WebPage\",\"@id\":\"https:\\\/\\\/boutique2mode.com\\\/boutique\\\/pack-annuaire-des-marques-de-mode\",\"url\":\"https:\\\/\\\/boutique2mode.com\\\/boutique\\\/pack-annuaire-des-marques-de-mode\",\"name\":\"Pack Annuaire des marques de mode - Boutique2Mode\",\"isPartOf\":{\"@id\":\"https:\\\/\\\/boutique2mode.com\\\/#website\"},\"datePublished\":\"2020-06-18T14:45:54+00:00\",\"dateModified\":\"2021-02-08T18:22:22+00:00\",\"breadcrumb\":{\"@id\":\"https:\\\/\\\/boutique2mode.com\\\/boutique\\\/pack-annuaire-des-marques-de-mode#breadcrumb\"},\"inLanguage\":\"en-US\",\"potentialAction\":[{\"@type\":\"ReadAction\",\"target\":[\"https:\\\/\\\/boutique2mode.com\\\/boutique\\\/pack-annuaire-des-marques-de-mode\"]}]},{\"@type\":\"BreadcrumbList\",\"@id\":\"https:\\\/\\\/boutique2mode.com\\\/boutique\\\/pack-annuaire-des-marques-de-mode#breadcrumb\",\"itemListElement\":[{\"@type\":\"ListItem\",\"position\":1,\"name\":\"Accueil\",\"item\":\"https:\\\/\\\/boutique2mode.com\\\/en\"},{\"@type\":\"ListItem\",\"position\":2,\"name\":\"La boutique\",\"item\":\"https:\\\/\\\/boutique2mode.com\\\/boutique\"},{\"@type\":\"ListItem\",\"position\":3,\"name\":\"Pack Annuaire des marques de mode\"}]},{\"@type\":\"WebSite\",\"@id\":\"https:\\\/\\\/boutique2mode.com\\\/#website\",\"url\":\"https:\\\/\\\/boutique2mode.com\\\/\",\"name\":\"Boutique2Mode\",\"description\":\"Le magazine des professionnels de la mode\",\"potentialAction\":[{\"@type\":\"SearchAction\",\"target\":{\"@type\":\"EntryPoint\",\"urlTemplate\":\"https:\\\/\\\/boutique2mode.com\\\/?s={search_term_string}\"},\"query-input\":{\"@type\":\"PropertyValueSpecification\",\"valueRequired\":true,\"valueName\":\"search_term_string\"}}],\"inLanguage\":\"en-US\"}]}<\/script>\n<!-- \/ Yoast SEO plugin. -->","yoast_head_json":{"title":"Pack Annuaire des marques de mode - Boutique2Mode","robots":{"index":"index","follow":"follow","max-snippet":"max-snippet:-1","max-image-preview":"max-image-preview:large","max-video-preview":"max-video-preview:-1"},"canonical":"https:\/\/boutique2mode.com\/boutique\/pack-annuaire-des-marques-de-mode","og_locale":"en_US","og_type":"article","og_title":"Pack Annuaire des marques de mode - Boutique2Mode","og_description":"Vos coordonn\u00e9es commerciales (email + t\u00e9l\u00e9phone ; Agent(s) &amp; Showroom)  Lien vers votre site internet (Visibilit\u00e9 + Backlink de qualit\u00e9 pour votre SEO)   1 insertion de votre marque dans une newsletter Boutique2Mode (Envoy\u00e9e \u00e0 + de 10.000 commer\u00e7ants ind\u00e9pendants)   Abonnement au magazine Boutique2Mode (tous les contenus du site en illimit\u00e9)","og_url":"https:\/\/boutique2mode.com\/boutique\/pack-annuaire-des-marques-de-mode","og_site_name":"Boutique2Mode","article_modified_time":"2021-02-08T18:22:22+00:00","twitter_card":"summary_large_image","schema":{"@context":"https:\/\/schema.org","@graph":[{"@type":"WebPage","@id":"https:\/\/boutique2mode.com\/boutique\/pack-annuaire-des-marques-de-mode","url":"https:\/\/boutique2mode.com\/boutique\/pack-annuaire-des-marques-de-mode","name":"Pack Annuaire des marques de mode - Boutique2Mode","isPartOf":{"@id":"https:\/\/boutique2mode.com\/#website"},"datePublished":"2020-06-18T14:45:54+00:00","dateModified":"2021-02-08T18:22:22+00:00","breadcrumb":{"@id":"https:\/\/boutique2mode.com\/boutique\/pack-annuaire-des-marques-de-mode#breadcrumb"},"inLanguage":"en-US","potentialAction":[{"@type":"ReadAction","target":["https:\/\/boutique2mode.com\/boutique\/pack-annuaire-des-marques-de-mode"]}]},{"@type":"BreadcrumbList","@id":"https:\/\/boutique2mode.com\/boutique\/pack-annuaire-des-marques-de-mode#breadcrumb","itemListElement":[{"@type":"ListItem","position":1,"name":"Accueil","item":"https:\/\/boutique2mode.com\/en"},{"@type":"ListItem","position":2,"name":"La boutique","item":"https:\/\/boutique2mode.com\/boutique"},{"@type":"ListItem","position":3,"name":"Pack Annuaire des marques de mode"}]},{"@type":"WebSite","@id":"https:\/\/boutique2mode.com\/#website","url":"https:\/\/boutique2mode.com\/","name":"Boutique2Mode","description":"Le magazine des professionnels de la mode","potentialAction":[{"@type":"SearchAction","target":{"@type":"EntryPoint","urlTemplate":"https:\/\/boutique2mode.com\/?s={search_term_string}"},"query-input":{"@type":"PropertyValueSpecification","valueRequired":true,"valueName":"search_term_string"}}],"inLanguage":"en-US"}]}},"jetpack_publicize_connections":[],"jetpack_sharing_enabled":true,"builder_content":"","_links":{"self":[{"href":"https:\/\/boutique2mode.com\/en\/wp-json\/wp\/v2\/product\/14214","targetHints":{"allow":["GET"]}}],"collection":[{"href":"https:\/\/boutique2mode.com\/en\/wp-json\/wp\/v2\/product"}],"about":[{"href":"https:\/\/boutique2mode.com\/en\/wp-json\/wp\/v2\/types\/product"}],"wp:attachment":[{"href":"https:\/\/boutique2mode.com\/en\/wp-json\/wp\/v2\/media?parent=14214"}],"wp:term":[{"taxonomy":"product_brand","embeddable":true,"href":"https:\/\/boutique2mode.com\/en\/wp-json\/wp\/v2\/product_brand?post=14214"},{"taxonomy":"product_cat","embeddable":true,"href":"https:\/\/boutique2mode.com\/en\/wp-json\/wp\/v2\/product_cat?post=14214"},{"taxonomy":"product_tag","embeddable":true,"href":"https:\/\/boutique2mode.com\/en\/wp-json\/wp\/v2\/product_tag?post=14214"}],"curies":[{"name":"wp","href":"https:\/\/api.w.org\/{rel}","templated":true}]}}