{"id":3509,"date":"2018-06-05T08:00:03","date_gmt":"2018-06-05T06:00:03","guid":{"rendered":"https:\/\/dev.boutique2mode.com\/?post_type=product&#038;p=3509"},"modified":"2019-07-30T03:09:06","modified_gmt":"2019-07-30T01:09:06","slug":"b2m-41-comment-selectionner-votre-meilleure-offre","status":"publish","type":"product","link":"https:\/\/boutique2mode.com\/en\/boutique\/b2m-41-comment-selectionner-votre-meilleure-offre","title":{"rendered":"B2M 41 &#8211; Comment s\u00e9lectionner votre meilleure offre"},"content":{"rendered":"<p><strong>Dossier Achats : Comment s\u00e9lectionner votre meilleure offre ?<\/strong><br \/>\nDes d\u00e9taillants multimarques passionn\u00e9s livrent leurs secrets pour une offre qui sait trouver sa client\u00e8le et la fid\u00e9liser.<\/p>\n<p><strong>Merchandising : Mannequins de vitrine, ces \u00ab \u00e9g\u00e9ries \u00bb qui dopent vos ventes<\/strong><br \/>\nLe mannequin de vitrine permet au client de mieux visualiser vos collections et renforce l&#8217;attractivit\u00e9 de votre boutique. La preuve en image.<\/p>\n<p><strong>Enqu\u00eate exclusive : Que se passe-t-il \u00e0 la F\u00e9d\u00e9ration Nationale de l\u2019Habillement ?<\/strong><br \/>\nConditions de travail difficiles, chute du nombre d\u2019adh\u00e9rents, d\u00e9missions \u00e0 la chaine des administrateurs\u2026 Plongez \u00e0 travers cette enqu\u00eate exclusive au c\u0153ur du fonctionnement de la FNH.<\/p>\n<p><strong>ITW exclusive \u00ab Les salons professionnels sont des facilitateurs de business \u00bb<\/strong><br \/>\nFrederic Maus, co-directeur g\u00e9n\u00e9ral de Who\u2019s Next \/ Premiere Classe et Arnaud Gallet, Directeur de Paris Retail Week, exposent leur vision des salons et du commerce de demain.<\/p>\n<p><a id=\"sommaire\"><\/a><strong>D\u00e9couvrez le sommaire complet :<br \/>\n<\/strong><\/p>\n<p><img data-recalc-dims=\"1\" loading=\"lazy\" decoding=\"async\" class=\"aligncenter wp-image-5046 size-full\" title=\"L\u2019avenir des m\u00e9tiers du pass\u00e9\" src=\"https:\/\/i0.wp.com\/dev.boutique2mode.com\/wp-content\/uploads\/2018\/06\/sommaire-B2M-41.jpg?resize=1165%2C1447&#038;ssl=1\" alt=\"\u00abDemain, on ne peut pas garder les m\u00e9tiers du pass\u00e9.\u00bb En commentant ainsi la suppression de 466 emplois dans le groupe de pr\u00eat-\u00e0-porter Happychic et en pleine crise de d\u00e9croissance du commerce physique, les propos de la ministre du travail, Muriel P\u00e9nicaud, ont suscit\u00e9 la pol\u00e9mique notamment aupr\u00e8s des f\u00e9d\u00e9rations professionnelles du commerce. Et lorsque Mme P\u00e9nicaud \u00e9voque la mutation des m\u00e9tiers dans la distribution, c\u2019est dans le but \u00abd\u2019accompagner le d\u00e9veloppement de l\u2019e-commerce, avec moins de magasins et plus de logistique\u00bb. Moins de magasins ? Chiche ! A quand un projet de loi interdisant la cr\u00e9ation de nouveaux centres commerciaux et centres de marques? Muriel P\u00e9nicaud fait preuve en revanche de plus d\u2019attention envers \u00ables petits commer\u00e7ants \u00bb lorsqu\u2019elle pr\u00f4ne \u00abun investissement massif afin que tout le monde puisse aller dans l\u2019\u00e8re de l\u2019internet, ou dans les m\u00e9tiers du futur\u00bb. Mais le commerce physique est-il devenu un m\u00e9tier du pass\u00e9, quand l\u2019e-commerce serait un m\u00e9tier d\u2019avenir? L\u2019ann\u00e9e derni\u00e8re aux \u00c9tats- Unis, seulement 8,9% des ventes de d\u00e9tail ont \u00e9t\u00e9 effectu\u00e9es en ligne, Amazon compris. Autrement dit, 91,1% des 5700 milliards de dollars d\u00e9pens\u00e9s par les m\u00e9nages am\u00e9ricains en 2017 se sont faits dans des magasins physiques. Et si la part du e-commerce continuera de progresser encore quelque temps, cela ne durera pas \u00e9ternellement. Bien \u00e9videmment, \u00e0 l\u2019heure ou un ado pose plus facilement des questions \u00e0 Google qu\u2019\u00e0 ses propres parents, le commer\u00e7ant doit \u00abouvrir sa boutique aux diff\u00e9rents canaux digitaux\u00bb. Mais ne jetons pas le b\u00e9b\u00e9 avec l\u2019eau du bain, \u00ab l\u2019\u00e8re de l\u2019internet \u00bb qu\u2019\u00e9voque Mme la Ministre, ne se traduit en fait que par de nouveaux outils mis \u00e0 la disposition des commer\u00e7ants, les fondamentaux demeurent et les enseignes qui survivront sont celles qui savent pr\u00e9cis\u00e9ment la client\u00e8le qu\u2019elles visent et la valeur qu\u2019elles apportent. PHILIPPE MAUREL R\u00e9dacteur en chef\" width=\"1165\" height=\"1447\" srcset=\"https:\/\/i0.wp.com\/boutique2mode.com\/wp-content\/uploads\/2018\/06\/sommaire-B2M-41.jpg?w=2370&amp;ssl=1 2370w, https:\/\/i0.wp.com\/boutique2mode.com\/wp-content\/uploads\/2018\/06\/sommaire-B2M-41.jpg?resize=242%2C300&amp;ssl=1 242w, https:\/\/i0.wp.com\/boutique2mode.com\/wp-content\/uploads\/2018\/06\/sommaire-B2M-41.jpg?resize=768%2C954&amp;ssl=1 768w, https:\/\/i0.wp.com\/boutique2mode.com\/wp-content\/uploads\/2018\/06\/sommaire-B2M-41.jpg?resize=825%2C1024&amp;ssl=1 825w, https:\/\/i0.wp.com\/boutique2mode.com\/wp-content\/uploads\/2018\/06\/sommaire-B2M-41.jpg?resize=600%2C745&amp;ssl=1 600w\" sizes=\"auto, (max-width: 1165px) 100vw, 1165px\" \/><\/p>\n<!--themify_builder_content-->\n<div id=\"themify_builder_content-3509\" data-postid=\"3509\" class=\"themify_builder_content themify_builder_content-3509 themify_builder tf_clear\">\n    <\/div>\n<!--\/themify_builder_content-->\n","protected":false},"excerpt":{"rendered":"<p>Pl\u00e9thores d\u2019offres en ligne, fast fashion globalis\u00e9e, comment faire face \u00e0 une concurrence toujours plus agressive? Des d\u00e9taillants multimarques passionn\u00e9s nous livrent leurs secrets pour une offre qui sait trouver sa client\u00e8le et la fid\u00e9liser.<br \/>\n<span style=\"text-decoration: underline; color: #902a7d;\"><a style=\"color: #902a7d;\" href=\"#tab-description\">Lire la description compl\u00e8te<\/a><\/span><\/p>\n<p><span style=\"color: #000000;\"><a href=\"#sommaire\"><img loading=\"lazy\" decoding=\"async\" class=\"alignleft wp-image-4930\" src=\"https:\/\/boutique2mode.com\/wp-content\/uploads\/2019\/07\/sommaire-magazine-2-244x300.jpg\" alt=\"sommaire du magazine\" width=\"58\" height=\"71\" srcset=\"https:\/\/i0.wp.com\/boutique2mode.com\/wp-content\/uploads\/2019\/07\/sommaire-magazine-2.jpg?resize=244%2C300&amp;ssl=1 244w, https:\/\/i0.wp.com\/boutique2mode.com\/wp-content\/uploads\/2019\/07\/sommaire-magazine-2.jpg?w=487&amp;ssl=1 487w\" sizes=\"auto, (max-width: 58px) 100vw, 58px\" \/><\/a><\/span><a href=\"#sommaire\" class=\"shortcode button  small  \" style=\"color: #902a7d;\">Consulter le sommaire<\/a><\/p>\n","protected":false},"featured_media":4934,"template":"","meta":{"_monsterinsights_skip_tracking":false,"_monsterinsights_sitenote_active":false,"_monsterinsights_sitenote_note":"","_monsterinsights_sitenote_category":0,"jetpack_post_was_ever_published":false,"jetpack_publicize_message":"","jetpack_publicize_feature_enabled":true,"jetpack_social_post_already_shared":true,"jetpack_social_options":{"image_generator_settings":{"template":"highway","default_image_id":0,"font":"","enabled":false},"version":2}},"product_brand":[],"product_cat":[51],"product_tag":[],"class_list":{"0":"post-3509","1":"product","2":"type-product","3":"status-publish","4":"has-post-thumbnail","6":"product_cat-vente-au-numero","7":"has-post-title","8":"has-post-date","9":"has-post-category","10":"has-post-tag","11":"has-post-comment","12":"has-post-author","13":"","15":"first","16":"instock","17":"shipping-taxable","18":"purchasable","19":"product-type-simple"},"yoast_head":"<!-- This site is optimized with the Yoast SEO plugin v27.0 - https:\/\/yoast.com\/product\/yoast-seo-wordpress\/ -->\n<title>B2M 41 - Comment s\u00e9lectionner votre meilleure offre - Boutique2Mode<\/title>\n<meta name=\"robots\" content=\"index, follow, max-snippet:-1, max-image-preview:large, max-video-preview:-1\" \/>\n<link rel=\"canonical\" href=\"https:\/\/boutique2mode.com\/boutique\/b2m-41-comment-selectionner-votre-meilleure-offre\" \/>\n<meta property=\"og:locale\" content=\"en_US\" \/>\n<meta property=\"og:type\" content=\"article\" \/>\n<meta property=\"og:title\" content=\"B2M 41 - Comment s\u00e9lectionner votre meilleure offre - Boutique2Mode\" \/>\n<meta property=\"og:description\" content=\"Pl\u00e9thores d\u2019offres en ligne, fast fashion globalis\u00e9e, comment faire face \u00e0 une concurrence toujours plus agressive? Des d\u00e9taillants multimarques passionn\u00e9s nous livrent leurs secrets pour une offre qui sait trouver sa client\u00e8le et la fid\u00e9liser. Lire la description compl\u00e8te\" \/>\n<meta property=\"og:url\" content=\"https:\/\/boutique2mode.com\/boutique\/b2m-41-comment-selectionner-votre-meilleure-offre\" \/>\n<meta property=\"og:site_name\" content=\"Boutique2Mode\" \/>\n<meta property=\"article:modified_time\" content=\"2019-07-30T01:09:06+00:00\" \/>\n<meta property=\"og:image\" content=\"https:\/\/i2.wp.com\/boutique2mode.com\/wp-content\/uploads\/2019\/07\/B2M_41_p01_COUV-modif.jpg?fit=1500%2C1500&ssl=1\" \/>\n\t<meta property=\"og:image:width\" content=\"1500\" \/>\n\t<meta property=\"og:image:height\" content=\"1500\" \/>\n\t<meta property=\"og:image:type\" content=\"image\/jpeg\" \/>\n<meta name=\"twitter:card\" content=\"summary_large_image\" \/>\n<meta name=\"twitter:label1\" content=\"Est. reading time\" \/>\n\t<meta name=\"twitter:data1\" content=\"1 minute\" \/>\n<script type=\"application\/ld+json\" class=\"yoast-schema-graph\">{\"@context\":\"https:\/\/schema.org\",\"@graph\":[{\"@type\":\"WebPage\",\"@id\":\"https:\/\/boutique2mode.com\/boutique\/b2m-41-comment-selectionner-votre-meilleure-offre\",\"url\":\"https:\/\/boutique2mode.com\/boutique\/b2m-41-comment-selectionner-votre-meilleure-offre\",\"name\":\"B2M 41 - Comment s\u00e9lectionner votre meilleure offre - Boutique2Mode\",\"isPartOf\":{\"@id\":\"https:\/\/boutique2mode.com\/#website\"},\"primaryImageOfPage\":{\"@id\":\"https:\/\/boutique2mode.com\/boutique\/b2m-41-comment-selectionner-votre-meilleure-offre#primaryimage\"},\"image\":{\"@id\":\"https:\/\/boutique2mode.com\/boutique\/b2m-41-comment-selectionner-votre-meilleure-offre#primaryimage\"},\"thumbnailUrl\":\"https:\/\/i0.wp.com\/boutique2mode.com\/wp-content\/uploads\/2019\/07\/B2M_41_p01_COUV-modif.jpg?fit=1500%2C1500&ssl=1\",\"datePublished\":\"2018-06-05T06:00:03+00:00\",\"dateModified\":\"2019-07-30T01:09:06+00:00\",\"breadcrumb\":{\"@id\":\"https:\/\/boutique2mode.com\/boutique\/b2m-41-comment-selectionner-votre-meilleure-offre#breadcrumb\"},\"inLanguage\":\"en-US\",\"potentialAction\":[{\"@type\":\"ReadAction\",\"target\":[\"https:\/\/boutique2mode.com\/boutique\/b2m-41-comment-selectionner-votre-meilleure-offre\"]}]},{\"@type\":\"ImageObject\",\"inLanguage\":\"en-US\",\"@id\":\"https:\/\/boutique2mode.com\/boutique\/b2m-41-comment-selectionner-votre-meilleure-offre#primaryimage\",\"url\":\"https:\/\/i0.wp.com\/boutique2mode.com\/wp-content\/uploads\/2019\/07\/B2M_41_p01_COUV-modif.jpg?fit=1500%2C1500&ssl=1\",\"contentUrl\":\"https:\/\/i0.wp.com\/boutique2mode.com\/wp-content\/uploads\/2019\/07\/B2M_41_p01_COUV-modif.jpg?fit=1500%2C1500&ssl=1\",\"width\":1500,\"height\":1500},{\"@type\":\"BreadcrumbList\",\"@id\":\"https:\/\/boutique2mode.com\/boutique\/b2m-41-comment-selectionner-votre-meilleure-offre#breadcrumb\",\"itemListElement\":[{\"@type\":\"ListItem\",\"position\":1,\"name\":\"Accueil\",\"item\":\"https:\/\/boutique2mode.com\/en\"},{\"@type\":\"ListItem\",\"position\":2,\"name\":\"La boutique\",\"item\":\"https:\/\/boutique2mode.com\/boutique\"},{\"@type\":\"ListItem\",\"position\":3,\"name\":\"B2M 41 &#8211; Comment s\u00e9lectionner votre meilleure offre\"}]},{\"@type\":\"WebSite\",\"@id\":\"https:\/\/boutique2mode.com\/#website\",\"url\":\"https:\/\/boutique2mode.com\/\",\"name\":\"Boutique2Mode\",\"description\":\"Le magazine des professionnels de la mode\",\"potentialAction\":[{\"@type\":\"SearchAction\",\"target\":{\"@type\":\"EntryPoint\",\"urlTemplate\":\"https:\/\/boutique2mode.com\/?s={search_term_string}\"},\"query-input\":{\"@type\":\"PropertyValueSpecification\",\"valueRequired\":true,\"valueName\":\"search_term_string\"}}],\"inLanguage\":\"en-US\"}]}<\/script>\n<!-- \/ Yoast SEO plugin. -->","yoast_head_json":{"title":"B2M 41 - Comment s\u00e9lectionner votre meilleure offre - Boutique2Mode","robots":{"index":"index","follow":"follow","max-snippet":"max-snippet:-1","max-image-preview":"max-image-preview:large","max-video-preview":"max-video-preview:-1"},"canonical":"https:\/\/boutique2mode.com\/boutique\/b2m-41-comment-selectionner-votre-meilleure-offre","og_locale":"en_US","og_type":"article","og_title":"B2M 41 - Comment s\u00e9lectionner votre meilleure offre - Boutique2Mode","og_description":"Pl\u00e9thores d\u2019offres en ligne, fast fashion globalis\u00e9e, comment faire face \u00e0 une concurrence toujours plus agressive? Des d\u00e9taillants multimarques passionn\u00e9s nous livrent leurs secrets pour une offre qui sait trouver sa client\u00e8le et la fid\u00e9liser. Lire la description compl\u00e8te","og_url":"https:\/\/boutique2mode.com\/boutique\/b2m-41-comment-selectionner-votre-meilleure-offre","og_site_name":"Boutique2Mode","article_modified_time":"2019-07-30T01:09:06+00:00","og_image":[{"width":1500,"height":1500,"url":"https:\/\/i2.wp.com\/boutique2mode.com\/wp-content\/uploads\/2019\/07\/B2M_41_p01_COUV-modif.jpg?fit=1500%2C1500&ssl=1","type":"image\/jpeg"}],"twitter_card":"summary_large_image","twitter_misc":{"Est. reading time":"1 minute"},"schema":{"@context":"https:\/\/schema.org","@graph":[{"@type":"WebPage","@id":"https:\/\/boutique2mode.com\/boutique\/b2m-41-comment-selectionner-votre-meilleure-offre","url":"https:\/\/boutique2mode.com\/boutique\/b2m-41-comment-selectionner-votre-meilleure-offre","name":"B2M 41 - Comment s\u00e9lectionner votre meilleure offre - Boutique2Mode","isPartOf":{"@id":"https:\/\/boutique2mode.com\/#website"},"primaryImageOfPage":{"@id":"https:\/\/boutique2mode.com\/boutique\/b2m-41-comment-selectionner-votre-meilleure-offre#primaryimage"},"image":{"@id":"https:\/\/boutique2mode.com\/boutique\/b2m-41-comment-selectionner-votre-meilleure-offre#primaryimage"},"thumbnailUrl":"https:\/\/i0.wp.com\/boutique2mode.com\/wp-content\/uploads\/2019\/07\/B2M_41_p01_COUV-modif.jpg?fit=1500%2C1500&ssl=1","datePublished":"2018-06-05T06:00:03+00:00","dateModified":"2019-07-30T01:09:06+00:00","breadcrumb":{"@id":"https:\/\/boutique2mode.com\/boutique\/b2m-41-comment-selectionner-votre-meilleure-offre#breadcrumb"},"inLanguage":"en-US","potentialAction":[{"@type":"ReadAction","target":["https:\/\/boutique2mode.com\/boutique\/b2m-41-comment-selectionner-votre-meilleure-offre"]}]},{"@type":"ImageObject","inLanguage":"en-US","@id":"https:\/\/boutique2mode.com\/boutique\/b2m-41-comment-selectionner-votre-meilleure-offre#primaryimage","url":"https:\/\/i0.wp.com\/boutique2mode.com\/wp-content\/uploads\/2019\/07\/B2M_41_p01_COUV-modif.jpg?fit=1500%2C1500&ssl=1","contentUrl":"https:\/\/i0.wp.com\/boutique2mode.com\/wp-content\/uploads\/2019\/07\/B2M_41_p01_COUV-modif.jpg?fit=1500%2C1500&ssl=1","width":1500,"height":1500},{"@type":"BreadcrumbList","@id":"https:\/\/boutique2mode.com\/boutique\/b2m-41-comment-selectionner-votre-meilleure-offre#breadcrumb","itemListElement":[{"@type":"ListItem","position":1,"name":"Accueil","item":"https:\/\/boutique2mode.com\/en"},{"@type":"ListItem","position":2,"name":"La boutique","item":"https:\/\/boutique2mode.com\/boutique"},{"@type":"ListItem","position":3,"name":"B2M 41 &#8211; Comment s\u00e9lectionner votre meilleure offre"}]},{"@type":"WebSite","@id":"https:\/\/boutique2mode.com\/#website","url":"https:\/\/boutique2mode.com\/","name":"Boutique2Mode","description":"Le magazine des professionnels de la mode","potentialAction":[{"@type":"SearchAction","target":{"@type":"EntryPoint","urlTemplate":"https:\/\/boutique2mode.com\/?s={search_term_string}"},"query-input":{"@type":"PropertyValueSpecification","valueRequired":true,"valueName":"search_term_string"}}],"inLanguage":"en-US"}]}},"jetpack_publicize_connections":[],"jetpack_sharing_enabled":true,"builder_content":"","_links":{"self":[{"href":"https:\/\/boutique2mode.com\/en\/wp-json\/wp\/v2\/product\/3509","targetHints":{"allow":["GET"]}}],"collection":[{"href":"https:\/\/boutique2mode.com\/en\/wp-json\/wp\/v2\/product"}],"about":[{"href":"https:\/\/boutique2mode.com\/en\/wp-json\/wp\/v2\/types\/product"}],"wp:featuredmedia":[{"embeddable":true,"href":"https:\/\/boutique2mode.com\/en\/wp-json\/wp\/v2\/media\/4934"}],"wp:attachment":[{"href":"https:\/\/boutique2mode.com\/en\/wp-json\/wp\/v2\/media?parent=3509"}],"wp:term":[{"taxonomy":"product_brand","embeddable":true,"href":"https:\/\/boutique2mode.com\/en\/wp-json\/wp\/v2\/product_brand?post=3509"},{"taxonomy":"product_cat","embeddable":true,"href":"https:\/\/boutique2mode.com\/en\/wp-json\/wp\/v2\/product_cat?post=3509"},{"taxonomy":"product_tag","embeddable":true,"href":"https:\/\/boutique2mode.com\/en\/wp-json\/wp\/v2\/product_tag?post=3509"}],"curies":[{"name":"wp","href":"https:\/\/api.w.org\/{rel}","templated":true}]}}