{"id":5048,"date":"2019-01-18T10:56:29","date_gmt":"2019-01-18T09:56:29","guid":{"rendered":"https:\/\/dev.boutique2mode.com\/?post_type=product&#038;p=5048"},"modified":"2019-07-30T02:56:57","modified_gmt":"2019-07-30T00:56:57","slug":"b2m-42-boostez-votre-trafic-en-boutique-grace-au-web","status":"publish","type":"product","link":"https:\/\/boutique2mode.com\/en\/boutique\/b2m-42-boostez-votre-trafic-en-boutique-grace-au-web","title":{"rendered":"B2M 42 \u2013 Boostez votre trafic en boutique gr\u00e2ce au web"},"content":{"rendered":"<p><strong>Strat\u00e9gie : Quelle strat\u00e9gie adopter face aux promotions ?<br \/>\n<\/strong>Soldes, ventes priv\u00e9es, d\u00e9stockages, Black Friday, \u2026 Dans ce contexte destructeur pour les marges, des commer\u00e7ants nous d\u00e9voilent leurs strat\u00e9gies pour survivre.<\/p>\n<p><strong>Enqu\u00eate : Le positionnement des d\u00e9taillants en question<br \/>\n<\/strong>Structurellement d\u00e9sarm\u00e9s face au bas de gamme, les ind\u00e9pendants peuvent faire le choix du moyen ou du haut de gamme en comblant les interstices que laissent les marques dans leurs politiques de retail. Nous avons men\u00e9 l\u2019enqu\u00eate.<\/p>\n<p><strong>Merchandising : 5 techniques pour am\u00e9liorer la lisibilit\u00e9 de votre boutique.<br \/>\n<\/strong>Votre offre est-elle facilement compr\u00e9hensible pour les nouveaux venus dans votre boutique ? Une probl\u00e9matique r\u00e9currente chez le multimarque, d\u2019o\u00f9 la n\u00e9cessit\u00e9 d\u2019accorder du temps pour l\u2019agencement de votre magasin.<\/p>\n<p><a id=\"sommaire\"><\/a><strong>D\u00e9couvrez le sommaire complet :<br \/>\n<\/strong><\/p>\n<p><img data-recalc-dims=\"1\" loading=\"lazy\" decoding=\"async\" class=\"aligncenter wp-image-5049 size-full\" title=\"L\u2019avenir des m\u00e9tiers du pass\u00e9\" src=\"https:\/\/i0.wp.com\/dev.boutique2mode.com\/wp-content\/uploads\/2019\/07\/sommaire-B2M-42.jpg?resize=1165%2C1409&#038;ssl=1\" alt=\"Il y a une vingtaine d\u2019ann\u00e9es, Jacques Chirac \u00ab battait campagne \u00bb sur le th\u00e8me de la fracture sociale. Quatre pr\u00e9sidences plus tard, force est de constater que cette fracture, faute d\u2019\u00eatre r\u00e9duite, a provoqu\u00e9 un blocage de la soci\u00e9t\u00e9 fran\u00e7aise, pour ne pas dire une sortie de route en plein ronds-points... Marianne bless\u00e9e, certains d\u2019entre nous ont enfil\u00e9 leurs d\u00e9sormais c\u00e9l\u00e8bres gilets jaunes pour exprimer leur d\u00e9tresse et leur col\u00e8re et en sont arriv\u00e9s \u00e0 bloquer : \u00ab comportement caract\u00e9ris\u00e9 par un refus, une incapacit\u00e9 apparente et provisoire de poursuivre un apprentissage, de r\u00e9agir \u00e0 une situation \u00bb (d\u00e9f. Larousse). Est-ce grave docteur ? Apparemment il s\u2019agirait d\u2019un manque d\u2019adaptation \u00e0 notre soci\u00e9t\u00e9 \u00e0 moins que ce ne soit l\u2019inverse ? \u00c0 tout le moins ce pourrait \u00eatre provisoire, sous r\u00e9serve que le mal-\u00eatre soit trait\u00e9\u2026 Et les commer\u00e7ants dans tout \u00e7a ? Historiquement situ\u00e9s sur la place centrale des cit\u00e9s, les commerces occupent toujours une position centrale dans notre soci\u00e9t\u00e9. En bloquant l\u2019acc\u00e8s aux centres commerciaux les gilets jaunes ont, d\u2019une certaine mani\u00e8re, act\u00e9 le d\u00e9placement des \u00e9changes commerciaux en p\u00e9riph\u00e9rie, quitte \u00e0 ouvrir au e-mastodonte de Seattle, un boulevard aussi large que l\u2019Amazone\u2026 Reste qu\u2019ayant subi en premier ces blocages, les commerces pourraient \u00eatre les premiers b\u00e9n\u00e9ficiaires du d\u00e9blocage des 10 Milliards d\u2019euros par le gouvernement. Sous r\u00e9serve que cette hausse de pouvoir d\u2019achat incite les consommateurs \u00e0 consommer ! Et qu\u2019apr\u00e8s les blocages physiques, les clients ne soient pas frein\u00e9s par des blocages psychologiques. Et c\u2019est bien l\u00e0 que se niche la valeur ajout\u00e9e des \u00ab petits commer\u00e7ants \u00bb, en associant l\u2019\u00e9change humain aux \u00e9changes commerciaux. Et si, apr\u00e8s la reconnaissance du r\u00f4le de relais d\u00e9mocratique des Maires aupr\u00e8s de la population, l\u2019\u00c9tat prenait conscience du r\u00f4le social des commer\u00e7ants aupr\u00e8s des citoyens ? PHILIPPE MAUREL R\u00e9dacteur en chef\" width=\"1165\" height=\"1409\" srcset=\"https:\/\/i0.wp.com\/boutique2mode.com\/wp-content\/uploads\/2019\/07\/sommaire-B2M-42.jpg?w=2386&amp;ssl=1 2386w, https:\/\/i0.wp.com\/boutique2mode.com\/wp-content\/uploads\/2019\/07\/sommaire-B2M-42.jpg?resize=248%2C300&amp;ssl=1 248w, https:\/\/i0.wp.com\/boutique2mode.com\/wp-content\/uploads\/2019\/07\/sommaire-B2M-42.jpg?resize=768%2C929&amp;ssl=1 768w, https:\/\/i0.wp.com\/boutique2mode.com\/wp-content\/uploads\/2019\/07\/sommaire-B2M-42.jpg?resize=847%2C1024&amp;ssl=1 847w, https:\/\/i0.wp.com\/boutique2mode.com\/wp-content\/uploads\/2019\/07\/sommaire-B2M-42.jpg?resize=600%2C726&amp;ssl=1 600w, https:\/\/i0.wp.com\/boutique2mode.com\/wp-content\/uploads\/2019\/07\/sommaire-B2M-42.jpg?w=2330&amp;ssl=1 2330w\" sizes=\"auto, (max-width: 1165px) 100vw, 1165px\" \/><\/p>\n<!--themify_builder_content-->\n<div id=\"themify_builder_content-5048\" data-postid=\"5048\" class=\"themify_builder_content themify_builder_content-5048 themify_builder tf_clear\">\n    <\/div>\n<!--\/themify_builder_content-->\n","protected":false},"excerpt":{"rendered":"<p><strong>Marketing : Comment le web peut booster votre trafic en boutique ?<br \/>\n<\/strong>\u00c0 l\u2019heure o\u00f9 les ventes sur internet explosent, la tentation est grande pour les ind\u00e9pendants d\u2019ouvrir leur site e-commerce. Et si on utilisait plut\u00f4t internet pour faire revenir les clients en boutique ?<br \/>\n<span style=\"text-decoration: underline; color: #902a7d;\"><a style=\"color: #902a7d;\" href=\"#tab-description\">D\u00e9couvrir tous les sujets<\/a><\/span><\/p>\n<p><a href=\"#sommaire\"><span style=\"color: #000000;\"><img loading=\"lazy\" decoding=\"async\" class=\"alignleft wp-image-4930\" src=\"https:\/\/boutique2mode.com\/wp-content\/uploads\/2019\/07\/sommaire-magazine-2-244x300.jpg\" alt=\"sommaire du magazine\" width=\"58\" height=\"71\" srcset=\"https:\/\/i0.wp.com\/boutique2mode.com\/wp-content\/uploads\/2019\/07\/sommaire-magazine-2.jpg?resize=244%2C300&amp;ssl=1 244w, https:\/\/i0.wp.com\/boutique2mode.com\/wp-content\/uploads\/2019\/07\/sommaire-magazine-2.jpg?w=487&amp;ssl=1 487w\" sizes=\"auto, (max-width: 58px) 100vw, 58px\" \/><\/span><\/a><a href=\"#sommaire\" class=\"shortcode button  small  \" style=\"color: #902a7d;\">Consulter le sommaire<\/a><\/p>\n","protected":false},"featured_media":4941,"template":"","meta":{"_monsterinsights_skip_tracking":false,"_monsterinsights_sitenote_active":false,"_monsterinsights_sitenote_note":"","_monsterinsights_sitenote_category":0,"jetpack_post_was_ever_published":false,"jetpack_publicize_message":"","jetpack_publicize_feature_enabled":true,"jetpack_social_post_already_shared":true,"jetpack_social_options":{"image_generator_settings":{"template":"highway","default_image_id":0,"font":"","enabled":false},"version":2}},"product_brand":[],"product_cat":[51],"product_tag":[],"class_list":{"0":"post-5048","1":"product","2":"type-product","3":"status-publish","4":"has-post-thumbnail","6":"product_cat-vente-au-numero","7":"has-post-title","8":"has-post-date","9":"has-post-category","10":"has-post-tag","11":"has-post-comment","12":"has-post-author","13":"","15":"first","16":"instock","17":"shipping-taxable","18":"purchasable","19":"product-type-simple"},"yoast_head":"<!-- This site is optimized with the Yoast SEO plugin v27.4 - https:\/\/yoast.com\/product\/yoast-seo-wordpress\/ -->\n<title>B2M 42 \u2013 Boostez votre trafic en boutique gr\u00e2ce au web - Boutique2Mode<\/title>\n<meta name=\"robots\" content=\"index, follow, max-snippet:-1, max-image-preview:large, max-video-preview:-1\" \/>\n<link rel=\"canonical\" href=\"https:\/\/boutique2mode.com\/boutique\/b2m-42-boostez-votre-trafic-en-boutique-grace-au-web\" \/>\n<meta property=\"og:locale\" content=\"en_US\" \/>\n<meta property=\"og:type\" content=\"article\" \/>\n<meta property=\"og:title\" content=\"B2M 42 \u2013 Boostez votre trafic en boutique gr\u00e2ce au web - Boutique2Mode\" \/>\n<meta property=\"og:description\" content=\"Marketing : Comment le web peut booster votre trafic en boutique ? \u00c0 l\u2019heure o\u00f9 les ventes sur internet explosent, la tentation est grande pour les ind\u00e9pendants d\u2019ouvrir leur site e-commerce. Et si on utilisait plut\u00f4t internet pour faire revenir les clients en boutique ? D\u00e9couvrir tous les sujets\" \/>\n<meta property=\"og:url\" content=\"https:\/\/boutique2mode.com\/boutique\/b2m-42-boostez-votre-trafic-en-boutique-grace-au-web\" \/>\n<meta property=\"og:site_name\" content=\"Boutique2Mode\" \/>\n<meta property=\"article:modified_time\" content=\"2019-07-30T00:56:57+00:00\" \/>\n<meta property=\"og:image\" content=\"https:\/\/i1.wp.com\/boutique2mode.com\/wp-content\/uploads\/2019\/07\/B2M-42-Boostez-votre-trafic-en-boutique-gr\u00e2ce-au-web.jpg?fit=2023%2C2023&ssl=1\" \/>\n\t<meta property=\"og:image:width\" content=\"2023\" \/>\n\t<meta property=\"og:image:height\" content=\"2023\" \/>\n\t<meta property=\"og:image:type\" content=\"image\/jpeg\" \/>\n<meta name=\"twitter:card\" content=\"summary_large_image\" \/>\n<meta name=\"twitter:label1\" content=\"Est. reading time\" \/>\n\t<meta name=\"twitter:data1\" content=\"1 minute\" \/>\n<script type=\"application\/ld+json\" class=\"yoast-schema-graph\">{\"@context\":\"https:\\\/\\\/schema.org\",\"@graph\":[{\"@type\":\"WebPage\",\"@id\":\"https:\\\/\\\/boutique2mode.com\\\/boutique\\\/b2m-42-boostez-votre-trafic-en-boutique-grace-au-web\",\"url\":\"https:\\\/\\\/boutique2mode.com\\\/boutique\\\/b2m-42-boostez-votre-trafic-en-boutique-grace-au-web\",\"name\":\"B2M 42 \u2013 Boostez votre trafic en boutique gr\u00e2ce au web - Boutique2Mode\",\"isPartOf\":{\"@id\":\"https:\\\/\\\/boutique2mode.com\\\/#website\"},\"primaryImageOfPage\":{\"@id\":\"https:\\\/\\\/boutique2mode.com\\\/boutique\\\/b2m-42-boostez-votre-trafic-en-boutique-grace-au-web#primaryimage\"},\"image\":{\"@id\":\"https:\\\/\\\/boutique2mode.com\\\/boutique\\\/b2m-42-boostez-votre-trafic-en-boutique-grace-au-web#primaryimage\"},\"thumbnailUrl\":\"https:\\\/\\\/i0.wp.com\\\/boutique2mode.com\\\/wp-content\\\/uploads\\\/2019\\\/07\\\/B2M-42-Boostez-votre-trafic-en-boutique-gr%C3%A2ce-au-web.jpg?fit=2023%2C2023&ssl=1\",\"datePublished\":\"2019-01-18T09:56:29+00:00\",\"dateModified\":\"2019-07-30T00:56:57+00:00\",\"breadcrumb\":{\"@id\":\"https:\\\/\\\/boutique2mode.com\\\/boutique\\\/b2m-42-boostez-votre-trafic-en-boutique-grace-au-web#breadcrumb\"},\"inLanguage\":\"en-US\",\"potentialAction\":[{\"@type\":\"ReadAction\",\"target\":[\"https:\\\/\\\/boutique2mode.com\\\/boutique\\\/b2m-42-boostez-votre-trafic-en-boutique-grace-au-web\"]}]},{\"@type\":\"ImageObject\",\"inLanguage\":\"en-US\",\"@id\":\"https:\\\/\\\/boutique2mode.com\\\/boutique\\\/b2m-42-boostez-votre-trafic-en-boutique-grace-au-web#primaryimage\",\"url\":\"https:\\\/\\\/i0.wp.com\\\/boutique2mode.com\\\/wp-content\\\/uploads\\\/2019\\\/07\\\/B2M-42-Boostez-votre-trafic-en-boutique-gr%C3%A2ce-au-web.jpg?fit=2023%2C2023&ssl=1\",\"contentUrl\":\"https:\\\/\\\/i0.wp.com\\\/boutique2mode.com\\\/wp-content\\\/uploads\\\/2019\\\/07\\\/B2M-42-Boostez-votre-trafic-en-boutique-gr%C3%A2ce-au-web.jpg?fit=2023%2C2023&ssl=1\",\"width\":2023,\"height\":2023},{\"@type\":\"BreadcrumbList\",\"@id\":\"https:\\\/\\\/boutique2mode.com\\\/boutique\\\/b2m-42-boostez-votre-trafic-en-boutique-grace-au-web#breadcrumb\",\"itemListElement\":[{\"@type\":\"ListItem\",\"position\":1,\"name\":\"Accueil\",\"item\":\"https:\\\/\\\/boutique2mode.com\\\/en\"},{\"@type\":\"ListItem\",\"position\":2,\"name\":\"La boutique\",\"item\":\"https:\\\/\\\/boutique2mode.com\\\/boutique\"},{\"@type\":\"ListItem\",\"position\":3,\"name\":\"B2M 42 \u2013 Boostez votre trafic en boutique gr\u00e2ce au web\"}]},{\"@type\":\"WebSite\",\"@id\":\"https:\\\/\\\/boutique2mode.com\\\/#website\",\"url\":\"https:\\\/\\\/boutique2mode.com\\\/\",\"name\":\"Boutique2Mode\",\"description\":\"Le magazine des professionnels de la mode\",\"potentialAction\":[{\"@type\":\"SearchAction\",\"target\":{\"@type\":\"EntryPoint\",\"urlTemplate\":\"https:\\\/\\\/boutique2mode.com\\\/?s={search_term_string}\"},\"query-input\":{\"@type\":\"PropertyValueSpecification\",\"valueRequired\":true,\"valueName\":\"search_term_string\"}}],\"inLanguage\":\"en-US\"}]}<\/script>\n<!-- \/ Yoast SEO plugin. -->","yoast_head_json":{"title":"B2M 42 \u2013 Boostez votre trafic en boutique gr\u00e2ce au web - Boutique2Mode","robots":{"index":"index","follow":"follow","max-snippet":"max-snippet:-1","max-image-preview":"max-image-preview:large","max-video-preview":"max-video-preview:-1"},"canonical":"https:\/\/boutique2mode.com\/boutique\/b2m-42-boostez-votre-trafic-en-boutique-grace-au-web","og_locale":"en_US","og_type":"article","og_title":"B2M 42 \u2013 Boostez votre trafic en boutique gr\u00e2ce au web - Boutique2Mode","og_description":"Marketing : Comment le web peut booster votre trafic en boutique ? \u00c0 l\u2019heure o\u00f9 les ventes sur internet explosent, la tentation est grande pour les ind\u00e9pendants d\u2019ouvrir leur site e-commerce. Et si on utilisait plut\u00f4t internet pour faire revenir les clients en boutique ? D\u00e9couvrir tous les sujets","og_url":"https:\/\/boutique2mode.com\/boutique\/b2m-42-boostez-votre-trafic-en-boutique-grace-au-web","og_site_name":"Boutique2Mode","article_modified_time":"2019-07-30T00:56:57+00:00","og_image":[{"width":2023,"height":2023,"url":"https:\/\/i1.wp.com\/boutique2mode.com\/wp-content\/uploads\/2019\/07\/B2M-42-Boostez-votre-trafic-en-boutique-gr\u00e2ce-au-web.jpg?fit=2023%2C2023&ssl=1","type":"image\/jpeg"}],"twitter_card":"summary_large_image","twitter_misc":{"Est. reading time":"1 minute"},"schema":{"@context":"https:\/\/schema.org","@graph":[{"@type":"WebPage","@id":"https:\/\/boutique2mode.com\/boutique\/b2m-42-boostez-votre-trafic-en-boutique-grace-au-web","url":"https:\/\/boutique2mode.com\/boutique\/b2m-42-boostez-votre-trafic-en-boutique-grace-au-web","name":"B2M 42 \u2013 Boostez votre trafic en boutique gr\u00e2ce au web - Boutique2Mode","isPartOf":{"@id":"https:\/\/boutique2mode.com\/#website"},"primaryImageOfPage":{"@id":"https:\/\/boutique2mode.com\/boutique\/b2m-42-boostez-votre-trafic-en-boutique-grace-au-web#primaryimage"},"image":{"@id":"https:\/\/boutique2mode.com\/boutique\/b2m-42-boostez-votre-trafic-en-boutique-grace-au-web#primaryimage"},"thumbnailUrl":"https:\/\/i0.wp.com\/boutique2mode.com\/wp-content\/uploads\/2019\/07\/B2M-42-Boostez-votre-trafic-en-boutique-gr%C3%A2ce-au-web.jpg?fit=2023%2C2023&ssl=1","datePublished":"2019-01-18T09:56:29+00:00","dateModified":"2019-07-30T00:56:57+00:00","breadcrumb":{"@id":"https:\/\/boutique2mode.com\/boutique\/b2m-42-boostez-votre-trafic-en-boutique-grace-au-web#breadcrumb"},"inLanguage":"en-US","potentialAction":[{"@type":"ReadAction","target":["https:\/\/boutique2mode.com\/boutique\/b2m-42-boostez-votre-trafic-en-boutique-grace-au-web"]}]},{"@type":"ImageObject","inLanguage":"en-US","@id":"https:\/\/boutique2mode.com\/boutique\/b2m-42-boostez-votre-trafic-en-boutique-grace-au-web#primaryimage","url":"https:\/\/i0.wp.com\/boutique2mode.com\/wp-content\/uploads\/2019\/07\/B2M-42-Boostez-votre-trafic-en-boutique-gr%C3%A2ce-au-web.jpg?fit=2023%2C2023&ssl=1","contentUrl":"https:\/\/i0.wp.com\/boutique2mode.com\/wp-content\/uploads\/2019\/07\/B2M-42-Boostez-votre-trafic-en-boutique-gr%C3%A2ce-au-web.jpg?fit=2023%2C2023&ssl=1","width":2023,"height":2023},{"@type":"BreadcrumbList","@id":"https:\/\/boutique2mode.com\/boutique\/b2m-42-boostez-votre-trafic-en-boutique-grace-au-web#breadcrumb","itemListElement":[{"@type":"ListItem","position":1,"name":"Accueil","item":"https:\/\/boutique2mode.com\/en"},{"@type":"ListItem","position":2,"name":"La boutique","item":"https:\/\/boutique2mode.com\/boutique"},{"@type":"ListItem","position":3,"name":"B2M 42 \u2013 Boostez votre trafic en boutique gr\u00e2ce au web"}]},{"@type":"WebSite","@id":"https:\/\/boutique2mode.com\/#website","url":"https:\/\/boutique2mode.com\/","name":"Boutique2Mode","description":"Le magazine des professionnels de la mode","potentialAction":[{"@type":"SearchAction","target":{"@type":"EntryPoint","urlTemplate":"https:\/\/boutique2mode.com\/?s={search_term_string}"},"query-input":{"@type":"PropertyValueSpecification","valueRequired":true,"valueName":"search_term_string"}}],"inLanguage":"en-US"}]}},"jetpack_publicize_connections":[],"jetpack_sharing_enabled":true,"builder_content":"","_links":{"self":[{"href":"https:\/\/boutique2mode.com\/en\/wp-json\/wp\/v2\/product\/5048","targetHints":{"allow":["GET"]}}],"collection":[{"href":"https:\/\/boutique2mode.com\/en\/wp-json\/wp\/v2\/product"}],"about":[{"href":"https:\/\/boutique2mode.com\/en\/wp-json\/wp\/v2\/types\/product"}],"wp:featuredmedia":[{"embeddable":true,"href":"https:\/\/boutique2mode.com\/en\/wp-json\/wp\/v2\/media\/4941"}],"wp:attachment":[{"href":"https:\/\/boutique2mode.com\/en\/wp-json\/wp\/v2\/media?parent=5048"}],"wp:term":[{"taxonomy":"product_brand","embeddable":true,"href":"https:\/\/boutique2mode.com\/en\/wp-json\/wp\/v2\/product_brand?post=5048"},{"taxonomy":"product_cat","embeddable":true,"href":"https:\/\/boutique2mode.com\/en\/wp-json\/wp\/v2\/product_cat?post=5048"},{"taxonomy":"product_tag","embeddable":true,"href":"https:\/\/boutique2mode.com\/en\/wp-json\/wp\/v2\/product_tag?post=5048"}],"curies":[{"name":"wp","href":"https:\/\/api.w.org\/{rel}","templated":true}]}}