{"id":5218,"date":"2017-02-01T11:17:04","date_gmt":"2017-02-01T10:17:04","guid":{"rendered":"https:\/\/dev.boutique2mode.com\/?post_type=product&#038;p=5218"},"modified":"2019-07-30T03:03:11","modified_gmt":"2019-07-30T01:03:11","slug":"b2m-36-selection-franchises-tout-secteur","status":"publish","type":"product","link":"https:\/\/boutique2mode.com\/en\/boutique\/b2m-36-selection-franchises-tout-secteur","title":{"rendered":"B2M 36 \u2013 S\u00e9lection Franchises tout secteur"},"content":{"rendered":"<p><strong>Election &#8211; Le programme des candidats \u00e0 la loupe<\/strong><br \/>\nQuelles sont les propositions des candidats majeurs \u00e0 l\u2019\u00e9lection pr\u00e9sidentielle pour les chefs d\u2019entreprises ? Fiscalit\u00e9, droit du travail, mesures sp\u00e9cifiques aux ind\u00e9pendants, nous avons pass\u00e9 au crible les diff\u00e9rents programmes.<\/p>\n<p><strong>Marketing &#8211; 3 bonnes pratiques \u00e0 adopter sur les r\u00e9seaux sociaux<\/strong><br \/>\nFacebook, Instagram, Twitter, Snapchat\u2026 les r\u00e9seaux sociaux sont d\u00e9sormais au c\u0153ur des \u00e9changes, donc du commerce, et accessibles aux d\u00e9taillants. Les bonnes pratiques sont simples \u00e0 mettre en place, il suffit juste de s\u2019y int\u00e9resser et d\u2019y accorder un peu de temps !<\/p>\n<p><strong>Strat\u00e9gie \u2013 Homme\/Femme, le mix gagnant ?<\/strong><br \/>\n\u00c0 la fois ludique et signifiante, la mode s\u2019impose de plus en plus comme un langage commun aux jeunes g\u00e9n\u00e9rations. Le traditionnel clivage homme\/femme est-il alors encore pertinent ? Avantages et freins \u00e0 une mixit\u00e9 en terre individualiste.<\/p>\n<p><strong>Merchan Design \u2013 Pronovias conceptualise le r\u00eave<\/strong><br \/>\nL\u2019enseigne espagnole de robes nuptiales Pronovias a ouvert \u00e0 Paris en octobre dernier, un<br \/>\nflagship reprenant le nouveau concept de sa boutique de Barcelone. C\u2019est une r\u00e9ussite, tant cet univers f\u00e9minin, romantique, est en ad\u00e9quation avec les articles propos\u00e9s. Pour les futures mari\u00e9es, le r\u00eave d\u00e9bute d\u00e8s le seuil franchi.<\/p>\n<p><span style=\"color: #ff0000;\"><strong>Dossier sp\u00e9cial Affiliation \/ Franchise<\/strong> <\/span><br \/>\nAbonnez-vous et recevez en suppl\u00e9ment la nouvelle \u00e9dition num\u00e9rique du dossier Affiliation \/ Franchise. Une \u00e9dition hors-s\u00e9rie qui d\u00e9crypte le march\u00e9 de la franchise dans la mode, avec plus de 100 marques s\u00e9lectionn\u00e9es dans les diff\u00e9rents secteurs d\u2019activit\u00e9s (pr\u00eat-\u00e0-porter, chaussures, accessoire\u2026) :<\/p>\n<ul>\n<li>La s\u00e9lection de la r\u00e9daction<\/li>\n<li>+ de 25 pages d\u2019articles compil\u00e9s<\/li>\n<li>Les s\u00e9lections 2010\/2017<\/li>\n<\/ul>\n<p><a id=\"sommaire\"><\/a><strong>D\u00e9couvrez le sommaire complet :<br \/>\n<\/strong><\/p>\n<p><img data-recalc-dims=\"1\" loading=\"lazy\" decoding=\"async\" class=\"aligncenter wp-image-5219 size-full\" title=\"L\u2019avenir des m\u00e9tiers du pass\u00e9\" src=\"https:\/\/i0.wp.com\/dev.boutique2mode.com\/wp-content\/uploads\/2019\/07\/Sommaire-B2M-36.jpg?resize=1165%2C1421&#038;ssl=1\" alt=\"\" width=\"1165\" height=\"1421\" srcset=\"https:\/\/i0.wp.com\/boutique2mode.com\/wp-content\/uploads\/2019\/07\/Sommaire-B2M-36.jpg?w=2364&amp;ssl=1 2364w, https:\/\/i0.wp.com\/boutique2mode.com\/wp-content\/uploads\/2019\/07\/Sommaire-B2M-36.jpg?resize=246%2C300&amp;ssl=1 246w, https:\/\/i0.wp.com\/boutique2mode.com\/wp-content\/uploads\/2019\/07\/Sommaire-B2M-36.jpg?resize=768%2C937&amp;ssl=1 768w, https:\/\/i0.wp.com\/boutique2mode.com\/wp-content\/uploads\/2019\/07\/Sommaire-B2M-36.jpg?resize=840%2C1024&amp;ssl=1 840w, https:\/\/i0.wp.com\/boutique2mode.com\/wp-content\/uploads\/2019\/07\/Sommaire-B2M-36.jpg?resize=600%2C732&amp;ssl=1 600w\" sizes=\"auto, (max-width: 1165px) 100vw, 1165px\" \/><\/p>\n<!--themify_builder_content-->\n<div id=\"themify_builder_content-5218\" data-postid=\"5218\" class=\"themify_builder_content themify_builder_content-5218 themify_builder tf_clear\">\n    <\/div>\n<!--\/themify_builder_content-->\n","protected":false},"excerpt":{"rendered":"<p><strong>Franchise &#8211; Des r\u00e9seaux pour tous les go\u00fbts<\/strong><br \/>\nAvec 358 enseignes, le secteur de l\u2019\u00e9quipement de la personne est celui qui compte le plus grand nombre de r\u00e9seaux de franchise. Voici une s\u00e9lection d\u2019enseignes \u00ab exp\u00e9riment\u00e9es \u00bb et de nouveaux venus, pour vendre aussi bien des gants, des montres, des bijoux, que des sous-v\u00eatements\u2026<br \/>\n<span style=\"text-decoration: underline; color: #902a7d;\"><a style=\"color: #902a7d;\" href=\"#tab-description\">D\u00e9couvrir tous les sujets<\/a><\/span><\/p>\n<p><span style=\"color: #000000;\"><a href=\"#sommaire\"><img loading=\"lazy\" decoding=\"async\" class=\"alignleft wp-image-4930\" src=\"https:\/\/boutique2mode.com\/wp-content\/uploads\/2019\/07\/sommaire-magazine-2-244x300.jpg\" alt=\"sommaire du magazine\" width=\"58\" height=\"71\" srcset=\"https:\/\/i0.wp.com\/boutique2mode.com\/wp-content\/uploads\/2019\/07\/sommaire-magazine-2.jpg?resize=244%2C300&amp;ssl=1 244w, https:\/\/i0.wp.com\/boutique2mode.com\/wp-content\/uploads\/2019\/07\/sommaire-magazine-2.jpg?w=487&amp;ssl=1 487w\" sizes=\"auto, (max-width: 58px) 100vw, 58px\" \/><\/a><\/span><a href=\"#sommaire\" class=\"shortcode button  small  \" style=\"color: #902a7d;\">Consulter le sommaire<\/a><\/p>\n","protected":false},"featured_media":5221,"template":"","meta":{"_monsterinsights_skip_tracking":false,"_monsterinsights_sitenote_active":false,"_monsterinsights_sitenote_note":"","_monsterinsights_sitenote_category":0,"jetpack_post_was_ever_published":false,"jetpack_publicize_message":"","jetpack_publicize_feature_enabled":true,"jetpack_social_post_already_shared":true,"jetpack_social_options":{"image_generator_settings":{"template":"highway","default_image_id":0,"font":"","enabled":false},"version":2}},"product_brand":[],"product_cat":[51],"product_tag":[],"class_list":{"0":"post-5218","1":"product","2":"type-product","3":"status-publish","4":"has-post-thumbnail","6":"product_cat-vente-au-numero","7":"has-post-title","8":"has-post-date","9":"has-post-category","10":"has-post-tag","11":"has-post-comment","12":"has-post-author","13":"","15":"first","16":"instock","17":"shipping-taxable","18":"purchasable","19":"product-type-simple"},"yoast_head":"<!-- This site is optimized with the Yoast SEO plugin v27.4 - https:\/\/yoast.com\/product\/yoast-seo-wordpress\/ -->\n<title>B2M 36 \u2013 S\u00e9lection Franchises tout secteur - Boutique2Mode<\/title>\n<meta name=\"robots\" content=\"index, follow, max-snippet:-1, max-image-preview:large, max-video-preview:-1\" \/>\n<link rel=\"canonical\" href=\"https:\/\/boutique2mode.com\/boutique\/b2m-36-selection-franchises-tout-secteur\" \/>\n<meta property=\"og:locale\" content=\"en_US\" \/>\n<meta property=\"og:type\" content=\"article\" \/>\n<meta property=\"og:title\" content=\"B2M 36 \u2013 S\u00e9lection Franchises tout secteur - Boutique2Mode\" \/>\n<meta property=\"og:description\" content=\"Franchise - Des r\u00e9seaux pour tous les go\u00fbts Avec 358 enseignes, le secteur de l\u2019\u00e9quipement de la personne est celui qui compte le plus grand nombre de r\u00e9seaux de franchise. Voici une s\u00e9lection d\u2019enseignes \u00ab exp\u00e9riment\u00e9es \u00bb et de nouveaux venus, pour vendre aussi bien des gants, des montres, des bijoux, que des sous-v\u00eatements\u2026 D\u00e9couvrir tous les sujets\" \/>\n<meta property=\"og:url\" content=\"https:\/\/boutique2mode.com\/boutique\/b2m-36-selection-franchises-tout-secteur\" \/>\n<meta property=\"og:site_name\" content=\"Boutique2Mode\" \/>\n<meta property=\"article:modified_time\" content=\"2019-07-30T01:03:11+00:00\" \/>\n<meta property=\"og:image\" content=\"https:\/\/i2.wp.com\/boutique2mode.com\/wp-content\/uploads\/2019\/07\/B2M-36-\u2013-S\u00e9lection-Franchises-tout-secteur.jpg?fit=1141%2C1141&ssl=1\" \/>\n\t<meta property=\"og:image:width\" content=\"1141\" \/>\n\t<meta property=\"og:image:height\" content=\"1141\" \/>\n\t<meta property=\"og:image:type\" content=\"image\/jpeg\" \/>\n<meta name=\"twitter:card\" content=\"summary_large_image\" \/>\n<meta name=\"twitter:label1\" content=\"Est. reading time\" \/>\n\t<meta name=\"twitter:data1\" content=\"1 minute\" \/>\n<script type=\"application\/ld+json\" class=\"yoast-schema-graph\">{\"@context\":\"https:\\\/\\\/schema.org\",\"@graph\":[{\"@type\":\"WebPage\",\"@id\":\"https:\\\/\\\/boutique2mode.com\\\/boutique\\\/b2m-36-selection-franchises-tout-secteur\",\"url\":\"https:\\\/\\\/boutique2mode.com\\\/boutique\\\/b2m-36-selection-franchises-tout-secteur\",\"name\":\"B2M 36 \u2013 S\u00e9lection Franchises tout secteur - Boutique2Mode\",\"isPartOf\":{\"@id\":\"https:\\\/\\\/boutique2mode.com\\\/#website\"},\"primaryImageOfPage\":{\"@id\":\"https:\\\/\\\/boutique2mode.com\\\/boutique\\\/b2m-36-selection-franchises-tout-secteur#primaryimage\"},\"image\":{\"@id\":\"https:\\\/\\\/boutique2mode.com\\\/boutique\\\/b2m-36-selection-franchises-tout-secteur#primaryimage\"},\"thumbnailUrl\":\"https:\\\/\\\/i0.wp.com\\\/boutique2mode.com\\\/wp-content\\\/uploads\\\/2019\\\/07\\\/B2M-36-%E2%80%93-S%C3%A9lection-Franchises-tout-secteur.jpg?fit=1141%2C1141&ssl=1\",\"datePublished\":\"2017-02-01T10:17:04+00:00\",\"dateModified\":\"2019-07-30T01:03:11+00:00\",\"breadcrumb\":{\"@id\":\"https:\\\/\\\/boutique2mode.com\\\/boutique\\\/b2m-36-selection-franchises-tout-secteur#breadcrumb\"},\"inLanguage\":\"en-US\",\"potentialAction\":[{\"@type\":\"ReadAction\",\"target\":[\"https:\\\/\\\/boutique2mode.com\\\/boutique\\\/b2m-36-selection-franchises-tout-secteur\"]}]},{\"@type\":\"ImageObject\",\"inLanguage\":\"en-US\",\"@id\":\"https:\\\/\\\/boutique2mode.com\\\/boutique\\\/b2m-36-selection-franchises-tout-secteur#primaryimage\",\"url\":\"https:\\\/\\\/i0.wp.com\\\/boutique2mode.com\\\/wp-content\\\/uploads\\\/2019\\\/07\\\/B2M-36-%E2%80%93-S%C3%A9lection-Franchises-tout-secteur.jpg?fit=1141%2C1141&ssl=1\",\"contentUrl\":\"https:\\\/\\\/i0.wp.com\\\/boutique2mode.com\\\/wp-content\\\/uploads\\\/2019\\\/07\\\/B2M-36-%E2%80%93-S%C3%A9lection-Franchises-tout-secteur.jpg?fit=1141%2C1141&ssl=1\",\"width\":1141,\"height\":1141},{\"@type\":\"BreadcrumbList\",\"@id\":\"https:\\\/\\\/boutique2mode.com\\\/boutique\\\/b2m-36-selection-franchises-tout-secteur#breadcrumb\",\"itemListElement\":[{\"@type\":\"ListItem\",\"position\":1,\"name\":\"Accueil\",\"item\":\"https:\\\/\\\/boutique2mode.com\\\/en\"},{\"@type\":\"ListItem\",\"position\":2,\"name\":\"La boutique\",\"item\":\"https:\\\/\\\/boutique2mode.com\\\/boutique\"},{\"@type\":\"ListItem\",\"position\":3,\"name\":\"B2M 36 \u2013 S\u00e9lection Franchises tout secteur\"}]},{\"@type\":\"WebSite\",\"@id\":\"https:\\\/\\\/boutique2mode.com\\\/#website\",\"url\":\"https:\\\/\\\/boutique2mode.com\\\/\",\"name\":\"Boutique2Mode\",\"description\":\"Le magazine des professionnels de la mode\",\"potentialAction\":[{\"@type\":\"SearchAction\",\"target\":{\"@type\":\"EntryPoint\",\"urlTemplate\":\"https:\\\/\\\/boutique2mode.com\\\/?s={search_term_string}\"},\"query-input\":{\"@type\":\"PropertyValueSpecification\",\"valueRequired\":true,\"valueName\":\"search_term_string\"}}],\"inLanguage\":\"en-US\"}]}<\/script>\n<!-- \/ Yoast SEO plugin. -->","yoast_head_json":{"title":"B2M 36 \u2013 S\u00e9lection Franchises tout secteur - Boutique2Mode","robots":{"index":"index","follow":"follow","max-snippet":"max-snippet:-1","max-image-preview":"max-image-preview:large","max-video-preview":"max-video-preview:-1"},"canonical":"https:\/\/boutique2mode.com\/boutique\/b2m-36-selection-franchises-tout-secteur","og_locale":"en_US","og_type":"article","og_title":"B2M 36 \u2013 S\u00e9lection Franchises tout secteur - Boutique2Mode","og_description":"Franchise - Des r\u00e9seaux pour tous les go\u00fbts Avec 358 enseignes, le secteur de l\u2019\u00e9quipement de la personne est celui qui compte le plus grand nombre de r\u00e9seaux de franchise. Voici une s\u00e9lection d\u2019enseignes \u00ab exp\u00e9riment\u00e9es \u00bb et de nouveaux venus, pour vendre aussi bien des gants, des montres, des bijoux, que des sous-v\u00eatements\u2026 D\u00e9couvrir tous les sujets","og_url":"https:\/\/boutique2mode.com\/boutique\/b2m-36-selection-franchises-tout-secteur","og_site_name":"Boutique2Mode","article_modified_time":"2019-07-30T01:03:11+00:00","og_image":[{"width":1141,"height":1141,"url":"https:\/\/i2.wp.com\/boutique2mode.com\/wp-content\/uploads\/2019\/07\/B2M-36-\u2013-S\u00e9lection-Franchises-tout-secteur.jpg?fit=1141%2C1141&ssl=1","type":"image\/jpeg"}],"twitter_card":"summary_large_image","twitter_misc":{"Est. reading time":"1 minute"},"schema":{"@context":"https:\/\/schema.org","@graph":[{"@type":"WebPage","@id":"https:\/\/boutique2mode.com\/boutique\/b2m-36-selection-franchises-tout-secteur","url":"https:\/\/boutique2mode.com\/boutique\/b2m-36-selection-franchises-tout-secteur","name":"B2M 36 \u2013 S\u00e9lection Franchises tout secteur - Boutique2Mode","isPartOf":{"@id":"https:\/\/boutique2mode.com\/#website"},"primaryImageOfPage":{"@id":"https:\/\/boutique2mode.com\/boutique\/b2m-36-selection-franchises-tout-secteur#primaryimage"},"image":{"@id":"https:\/\/boutique2mode.com\/boutique\/b2m-36-selection-franchises-tout-secteur#primaryimage"},"thumbnailUrl":"https:\/\/i0.wp.com\/boutique2mode.com\/wp-content\/uploads\/2019\/07\/B2M-36-%E2%80%93-S%C3%A9lection-Franchises-tout-secteur.jpg?fit=1141%2C1141&ssl=1","datePublished":"2017-02-01T10:17:04+00:00","dateModified":"2019-07-30T01:03:11+00:00","breadcrumb":{"@id":"https:\/\/boutique2mode.com\/boutique\/b2m-36-selection-franchises-tout-secteur#breadcrumb"},"inLanguage":"en-US","potentialAction":[{"@type":"ReadAction","target":["https:\/\/boutique2mode.com\/boutique\/b2m-36-selection-franchises-tout-secteur"]}]},{"@type":"ImageObject","inLanguage":"en-US","@id":"https:\/\/boutique2mode.com\/boutique\/b2m-36-selection-franchises-tout-secteur#primaryimage","url":"https:\/\/i0.wp.com\/boutique2mode.com\/wp-content\/uploads\/2019\/07\/B2M-36-%E2%80%93-S%C3%A9lection-Franchises-tout-secteur.jpg?fit=1141%2C1141&ssl=1","contentUrl":"https:\/\/i0.wp.com\/boutique2mode.com\/wp-content\/uploads\/2019\/07\/B2M-36-%E2%80%93-S%C3%A9lection-Franchises-tout-secteur.jpg?fit=1141%2C1141&ssl=1","width":1141,"height":1141},{"@type":"BreadcrumbList","@id":"https:\/\/boutique2mode.com\/boutique\/b2m-36-selection-franchises-tout-secteur#breadcrumb","itemListElement":[{"@type":"ListItem","position":1,"name":"Accueil","item":"https:\/\/boutique2mode.com\/en"},{"@type":"ListItem","position":2,"name":"La boutique","item":"https:\/\/boutique2mode.com\/boutique"},{"@type":"ListItem","position":3,"name":"B2M 36 \u2013 S\u00e9lection Franchises tout secteur"}]},{"@type":"WebSite","@id":"https:\/\/boutique2mode.com\/#website","url":"https:\/\/boutique2mode.com\/","name":"Boutique2Mode","description":"Le magazine des professionnels de la mode","potentialAction":[{"@type":"SearchAction","target":{"@type":"EntryPoint","urlTemplate":"https:\/\/boutique2mode.com\/?s={search_term_string}"},"query-input":{"@type":"PropertyValueSpecification","valueRequired":true,"valueName":"search_term_string"}}],"inLanguage":"en-US"}]}},"jetpack_publicize_connections":[],"jetpack_sharing_enabled":true,"builder_content":"","_links":{"self":[{"href":"https:\/\/boutique2mode.com\/en\/wp-json\/wp\/v2\/product\/5218","targetHints":{"allow":["GET"]}}],"collection":[{"href":"https:\/\/boutique2mode.com\/en\/wp-json\/wp\/v2\/product"}],"about":[{"href":"https:\/\/boutique2mode.com\/en\/wp-json\/wp\/v2\/types\/product"}],"wp:featuredmedia":[{"embeddable":true,"href":"https:\/\/boutique2mode.com\/en\/wp-json\/wp\/v2\/media\/5221"}],"wp:attachment":[{"href":"https:\/\/boutique2mode.com\/en\/wp-json\/wp\/v2\/media?parent=5218"}],"wp:term":[{"taxonomy":"product_brand","embeddable":true,"href":"https:\/\/boutique2mode.com\/en\/wp-json\/wp\/v2\/product_brand?post=5218"},{"taxonomy":"product_cat","embeddable":true,"href":"https:\/\/boutique2mode.com\/en\/wp-json\/wp\/v2\/product_cat?post=5218"},{"taxonomy":"product_tag","embeddable":true,"href":"https:\/\/boutique2mode.com\/en\/wp-json\/wp\/v2\/product_tag?post=5218"}],"curies":[{"name":"wp","href":"https:\/\/api.w.org\/{rel}","templated":true}]}}