{"id":5236,"date":"2016-07-21T12:00:56","date_gmt":"2016-07-21T10:00:56","guid":{"rendered":"https:\/\/dev.boutique2mode.com\/?post_type=product&#038;p=5236"},"modified":"2019-07-30T03:06:59","modified_gmt":"2019-07-30T01:06:59","slug":"b2m-34-12-idees-pour-enrichir-lexperience-client","status":"publish","type":"product","link":"https:\/\/boutique2mode.com\/en\/boutique\/b2m-34-12-idees-pour-enrichir-lexperience-client","title":{"rendered":"B2M 34 \u2013 12 id\u00e9es pour enrichir l\u2019exp\u00e9rience client"},"content":{"rendered":"<p><strong>7 conseils pour communiquer efficacement par email<\/strong><br \/>\nFid\u00e9liser un client existant co\u00fbte deux fois moins cher que d\u2019en prospecter un nouveau. D\u2019o\u00f9 l\u2019importance d\u2019investir dans des campagnes emailing, \u00e0 condition qu\u2019elles soient bien construites !<\/p>\n<p><strong>MerchanDesign<\/strong><br \/>\nAlexander McQueen a ouvert sa premi\u00e8re boutique parisienne en septembre dernier, dans la tr\u00e8s chic rue Saint Honor\u00e9. D\u00e9couvrez le laur\u00e9at du Prix Versailles d\u2019architecture 2016 dans la cat\u00e9gorie \u00ab magasins \u00bb, un concept, imagin\u00e9 par la directrice cr\u00e9ative de la marque, Sarah Burton, en collaboration avec le Studio David Collins (Londres).<\/p>\n<p>Cette \u00e9dition comprend \u00e9galement le magazine <span style=\"color: #800080;\">Boutique2Mode Style <strong>#<\/strong>6<\/span> d\u00e9di\u00e9e aux tendances du march\u00e9 f\u00e9minin (\u00e9t\u00e9 2017)<\/p>\n<p><a id=\"sommaire\"><\/a><strong>D\u00e9couvrez le sommaire complet :<br \/>\n<\/strong><\/p>\n<p><img data-recalc-dims=\"1\" loading=\"lazy\" decoding=\"async\" class=\"aligncenter wp-image-5241 size-full\" title=\"L\u2019avenir des m\u00e9tiers du pass\u00e9\" src=\"https:\/\/i0.wp.com\/dev.boutique2mode.com\/wp-content\/uploads\/2019\/07\/Sommaire-B2M-34.jpg?resize=1165%2C1412&#038;ssl=1\" alt=\"\" width=\"1165\" height=\"1412\" srcset=\"https:\/\/i0.wp.com\/boutique2mode.com\/wp-content\/uploads\/2019\/07\/Sommaire-B2M-34.jpg?w=2379&amp;ssl=1 2379w, https:\/\/i0.wp.com\/boutique2mode.com\/wp-content\/uploads\/2019\/07\/Sommaire-B2M-34.jpg?resize=248%2C300&amp;ssl=1 248w, https:\/\/i0.wp.com\/boutique2mode.com\/wp-content\/uploads\/2019\/07\/Sommaire-B2M-34.jpg?resize=768%2C931&amp;ssl=1 768w, https:\/\/i0.wp.com\/boutique2mode.com\/wp-content\/uploads\/2019\/07\/Sommaire-B2M-34.jpg?resize=845%2C1024&amp;ssl=1 845w, https:\/\/i0.wp.com\/boutique2mode.com\/wp-content\/uploads\/2019\/07\/Sommaire-B2M-34.jpg?resize=600%2C727&amp;ssl=1 600w\" sizes=\"auto, (max-width: 1165px) 100vw, 1165px\" \/><\/p>\n<!--themify_builder_content-->\n<div id=\"themify_builder_content-5236\" data-postid=\"5236\" class=\"themify_builder_content themify_builder_content-5236 themify_builder tf_clear\">\n    <\/div>\n<!--\/themify_builder_content-->\n","protected":false},"excerpt":{"rendered":"<p>Tous les commer\u00e7ants cherchent \u00e0 se d\u00e9marquer, ce qui rend la t\u00e2che d\u2019autant plus difficile pour appara\u00eetre unique aux yeux du client. Pour y parvenir, la cl\u00e9 est la pers\u00e9v\u00e9rance, mais aussi l\u2019audace d\u2019essayer de nouvelles choses.<br \/>\nTour d\u2019horizon de 12 id\u00e9es originales que vous pourriez appliquer en boutique.<br \/>\n<span style=\"text-decoration: underline; color: #902a7d;\"><a style=\"color: #902a7d;\" href=\"#tab-description\">D\u00e9couvrir tous les sujets<\/a><\/span><\/p>\n<p><span style=\"color: #000000;\"><a href=\"#sommaire\"><img loading=\"lazy\" decoding=\"async\" class=\"alignleft wp-image-4930\" src=\"https:\/\/boutique2mode.com\/wp-content\/uploads\/2019\/07\/sommaire-magazine-2-244x300.jpg\" alt=\"sommaire du magazine\" width=\"58\" height=\"71\" srcset=\"https:\/\/i0.wp.com\/boutique2mode.com\/wp-content\/uploads\/2019\/07\/sommaire-magazine-2.jpg?resize=244%2C300&amp;ssl=1 244w, https:\/\/i0.wp.com\/boutique2mode.com\/wp-content\/uploads\/2019\/07\/sommaire-magazine-2.jpg?w=487&amp;ssl=1 487w\" sizes=\"auto, (max-width: 58px) 100vw, 58px\" \/><\/a><\/span><a href=\"#sommaire\" class=\"shortcode button  small  \" style=\"color: #902a7d;\">Consulter le sommaire<\/a><\/p>\n","protected":false},"featured_media":5239,"template":"","meta":{"_monsterinsights_skip_tracking":false,"_monsterinsights_sitenote_active":false,"_monsterinsights_sitenote_note":"","_monsterinsights_sitenote_category":0,"jetpack_post_was_ever_published":false,"jetpack_publicize_message":"","jetpack_publicize_feature_enabled":true,"jetpack_social_post_already_shared":true,"jetpack_social_options":{"image_generator_settings":{"template":"highway","default_image_id":0,"font":"","enabled":false},"version":2}},"product_brand":[],"product_cat":[51],"product_tag":[],"class_list":{"0":"post-5236","1":"product","2":"type-product","3":"status-publish","4":"has-post-thumbnail","6":"product_cat-vente-au-numero","7":"has-post-title","8":"has-post-date","9":"has-post-category","10":"has-post-tag","11":"has-post-comment","12":"has-post-author","13":"","15":"first","16":"instock","17":"shipping-taxable","18":"purchasable","19":"product-type-simple"},"yoast_head":"<!-- This site is optimized with the Yoast SEO plugin v27.4 - https:\/\/yoast.com\/product\/yoast-seo-wordpress\/ -->\n<title>B2M 34 \u2013 12 id\u00e9es pour enrichir l\u2019exp\u00e9rience client - Boutique2Mode<\/title>\n<meta name=\"robots\" content=\"index, follow, max-snippet:-1, max-image-preview:large, max-video-preview:-1\" \/>\n<link rel=\"canonical\" href=\"https:\/\/boutique2mode.com\/boutique\/b2m-34-12-idees-pour-enrichir-lexperience-client\" \/>\n<meta property=\"og:locale\" content=\"en_US\" \/>\n<meta property=\"og:type\" content=\"article\" \/>\n<meta property=\"og:title\" content=\"B2M 34 \u2013 12 id\u00e9es pour enrichir l\u2019exp\u00e9rience client - Boutique2Mode\" \/>\n<meta property=\"og:description\" content=\"Tous les commer\u00e7ants cherchent \u00e0 se d\u00e9marquer, ce qui rend la t\u00e2che d\u2019autant plus difficile pour appara\u00eetre unique aux yeux du client. Pour y parvenir, la cl\u00e9 est la pers\u00e9v\u00e9rance, mais aussi l\u2019audace d\u2019essayer de nouvelles choses. Tour d\u2019horizon de 12 id\u00e9es originales que vous pourriez appliquer en boutique. D\u00e9couvrir tous les sujets\" \/>\n<meta property=\"og:url\" content=\"https:\/\/boutique2mode.com\/boutique\/b2m-34-12-idees-pour-enrichir-lexperience-client\" \/>\n<meta property=\"og:site_name\" content=\"Boutique2Mode\" \/>\n<meta property=\"article:modified_time\" content=\"2019-07-30T01:06:59+00:00\" \/>\n<meta property=\"og:image\" content=\"https:\/\/i2.wp.com\/boutique2mode.com\/wp-content\/uploads\/2019\/07\/Couv-B2M-34-\u2013-12-id\u00e9es-pour-enrichir-l\u2019exp\u00e9rience-client.jpg?fit=1160%2C1160&ssl=1\" \/>\n\t<meta property=\"og:image:width\" content=\"1160\" \/>\n\t<meta property=\"og:image:height\" content=\"1160\" \/>\n\t<meta property=\"og:image:type\" content=\"image\/jpeg\" \/>\n<meta name=\"twitter:card\" content=\"summary_large_image\" \/>\n<meta name=\"twitter:label1\" content=\"Est. reading time\" \/>\n\t<meta name=\"twitter:data1\" content=\"1 minute\" \/>\n<script type=\"application\/ld+json\" class=\"yoast-schema-graph\">{\"@context\":\"https:\\\/\\\/schema.org\",\"@graph\":[{\"@type\":\"WebPage\",\"@id\":\"https:\\\/\\\/boutique2mode.com\\\/boutique\\\/b2m-34-12-idees-pour-enrichir-lexperience-client\",\"url\":\"https:\\\/\\\/boutique2mode.com\\\/boutique\\\/b2m-34-12-idees-pour-enrichir-lexperience-client\",\"name\":\"B2M 34 \u2013 12 id\u00e9es pour enrichir l\u2019exp\u00e9rience client - Boutique2Mode\",\"isPartOf\":{\"@id\":\"https:\\\/\\\/boutique2mode.com\\\/#website\"},\"primaryImageOfPage\":{\"@id\":\"https:\\\/\\\/boutique2mode.com\\\/boutique\\\/b2m-34-12-idees-pour-enrichir-lexperience-client#primaryimage\"},\"image\":{\"@id\":\"https:\\\/\\\/boutique2mode.com\\\/boutique\\\/b2m-34-12-idees-pour-enrichir-lexperience-client#primaryimage\"},\"thumbnailUrl\":\"https:\\\/\\\/i0.wp.com\\\/boutique2mode.com\\\/wp-content\\\/uploads\\\/2019\\\/07\\\/Couv-B2M-34-%E2%80%93-12-id%C3%A9es-pour-enrichir-l%E2%80%99exp%C3%A9rience-client.jpg?fit=1160%2C1160&ssl=1\",\"datePublished\":\"2016-07-21T10:00:56+00:00\",\"dateModified\":\"2019-07-30T01:06:59+00:00\",\"breadcrumb\":{\"@id\":\"https:\\\/\\\/boutique2mode.com\\\/boutique\\\/b2m-34-12-idees-pour-enrichir-lexperience-client#breadcrumb\"},\"inLanguage\":\"en-US\",\"potentialAction\":[{\"@type\":\"ReadAction\",\"target\":[\"https:\\\/\\\/boutique2mode.com\\\/boutique\\\/b2m-34-12-idees-pour-enrichir-lexperience-client\"]}]},{\"@type\":\"ImageObject\",\"inLanguage\":\"en-US\",\"@id\":\"https:\\\/\\\/boutique2mode.com\\\/boutique\\\/b2m-34-12-idees-pour-enrichir-lexperience-client#primaryimage\",\"url\":\"https:\\\/\\\/i0.wp.com\\\/boutique2mode.com\\\/wp-content\\\/uploads\\\/2019\\\/07\\\/Couv-B2M-34-%E2%80%93-12-id%C3%A9es-pour-enrichir-l%E2%80%99exp%C3%A9rience-client.jpg?fit=1160%2C1160&ssl=1\",\"contentUrl\":\"https:\\\/\\\/i0.wp.com\\\/boutique2mode.com\\\/wp-content\\\/uploads\\\/2019\\\/07\\\/Couv-B2M-34-%E2%80%93-12-id%C3%A9es-pour-enrichir-l%E2%80%99exp%C3%A9rience-client.jpg?fit=1160%2C1160&ssl=1\",\"width\":1160,\"height\":1160},{\"@type\":\"BreadcrumbList\",\"@id\":\"https:\\\/\\\/boutique2mode.com\\\/boutique\\\/b2m-34-12-idees-pour-enrichir-lexperience-client#breadcrumb\",\"itemListElement\":[{\"@type\":\"ListItem\",\"position\":1,\"name\":\"Accueil\",\"item\":\"https:\\\/\\\/boutique2mode.com\\\/en\"},{\"@type\":\"ListItem\",\"position\":2,\"name\":\"La boutique\",\"item\":\"https:\\\/\\\/boutique2mode.com\\\/boutique\"},{\"@type\":\"ListItem\",\"position\":3,\"name\":\"B2M 34 \u2013 12 id\u00e9es pour enrichir l\u2019exp\u00e9rience client\"}]},{\"@type\":\"WebSite\",\"@id\":\"https:\\\/\\\/boutique2mode.com\\\/#website\",\"url\":\"https:\\\/\\\/boutique2mode.com\\\/\",\"name\":\"Boutique2Mode\",\"description\":\"Le magazine des professionnels de la mode\",\"potentialAction\":[{\"@type\":\"SearchAction\",\"target\":{\"@type\":\"EntryPoint\",\"urlTemplate\":\"https:\\\/\\\/boutique2mode.com\\\/?s={search_term_string}\"},\"query-input\":{\"@type\":\"PropertyValueSpecification\",\"valueRequired\":true,\"valueName\":\"search_term_string\"}}],\"inLanguage\":\"en-US\"}]}<\/script>\n<!-- \/ Yoast SEO plugin. -->","yoast_head_json":{"title":"B2M 34 \u2013 12 id\u00e9es pour enrichir l\u2019exp\u00e9rience client - Boutique2Mode","robots":{"index":"index","follow":"follow","max-snippet":"max-snippet:-1","max-image-preview":"max-image-preview:large","max-video-preview":"max-video-preview:-1"},"canonical":"https:\/\/boutique2mode.com\/boutique\/b2m-34-12-idees-pour-enrichir-lexperience-client","og_locale":"en_US","og_type":"article","og_title":"B2M 34 \u2013 12 id\u00e9es pour enrichir l\u2019exp\u00e9rience client - Boutique2Mode","og_description":"Tous les commer\u00e7ants cherchent \u00e0 se d\u00e9marquer, ce qui rend la t\u00e2che d\u2019autant plus difficile pour appara\u00eetre unique aux yeux du client. Pour y parvenir, la cl\u00e9 est la pers\u00e9v\u00e9rance, mais aussi l\u2019audace d\u2019essayer de nouvelles choses. Tour d\u2019horizon de 12 id\u00e9es originales que vous pourriez appliquer en boutique. D\u00e9couvrir tous les sujets","og_url":"https:\/\/boutique2mode.com\/boutique\/b2m-34-12-idees-pour-enrichir-lexperience-client","og_site_name":"Boutique2Mode","article_modified_time":"2019-07-30T01:06:59+00:00","og_image":[{"width":1160,"height":1160,"url":"https:\/\/i2.wp.com\/boutique2mode.com\/wp-content\/uploads\/2019\/07\/Couv-B2M-34-\u2013-12-id\u00e9es-pour-enrichir-l\u2019exp\u00e9rience-client.jpg?fit=1160%2C1160&ssl=1","type":"image\/jpeg"}],"twitter_card":"summary_large_image","twitter_misc":{"Est. reading time":"1 minute"},"schema":{"@context":"https:\/\/schema.org","@graph":[{"@type":"WebPage","@id":"https:\/\/boutique2mode.com\/boutique\/b2m-34-12-idees-pour-enrichir-lexperience-client","url":"https:\/\/boutique2mode.com\/boutique\/b2m-34-12-idees-pour-enrichir-lexperience-client","name":"B2M 34 \u2013 12 id\u00e9es pour enrichir l\u2019exp\u00e9rience client - Boutique2Mode","isPartOf":{"@id":"https:\/\/boutique2mode.com\/#website"},"primaryImageOfPage":{"@id":"https:\/\/boutique2mode.com\/boutique\/b2m-34-12-idees-pour-enrichir-lexperience-client#primaryimage"},"image":{"@id":"https:\/\/boutique2mode.com\/boutique\/b2m-34-12-idees-pour-enrichir-lexperience-client#primaryimage"},"thumbnailUrl":"https:\/\/i0.wp.com\/boutique2mode.com\/wp-content\/uploads\/2019\/07\/Couv-B2M-34-%E2%80%93-12-id%C3%A9es-pour-enrichir-l%E2%80%99exp%C3%A9rience-client.jpg?fit=1160%2C1160&ssl=1","datePublished":"2016-07-21T10:00:56+00:00","dateModified":"2019-07-30T01:06:59+00:00","breadcrumb":{"@id":"https:\/\/boutique2mode.com\/boutique\/b2m-34-12-idees-pour-enrichir-lexperience-client#breadcrumb"},"inLanguage":"en-US","potentialAction":[{"@type":"ReadAction","target":["https:\/\/boutique2mode.com\/boutique\/b2m-34-12-idees-pour-enrichir-lexperience-client"]}]},{"@type":"ImageObject","inLanguage":"en-US","@id":"https:\/\/boutique2mode.com\/boutique\/b2m-34-12-idees-pour-enrichir-lexperience-client#primaryimage","url":"https:\/\/i0.wp.com\/boutique2mode.com\/wp-content\/uploads\/2019\/07\/Couv-B2M-34-%E2%80%93-12-id%C3%A9es-pour-enrichir-l%E2%80%99exp%C3%A9rience-client.jpg?fit=1160%2C1160&ssl=1","contentUrl":"https:\/\/i0.wp.com\/boutique2mode.com\/wp-content\/uploads\/2019\/07\/Couv-B2M-34-%E2%80%93-12-id%C3%A9es-pour-enrichir-l%E2%80%99exp%C3%A9rience-client.jpg?fit=1160%2C1160&ssl=1","width":1160,"height":1160},{"@type":"BreadcrumbList","@id":"https:\/\/boutique2mode.com\/boutique\/b2m-34-12-idees-pour-enrichir-lexperience-client#breadcrumb","itemListElement":[{"@type":"ListItem","position":1,"name":"Accueil","item":"https:\/\/boutique2mode.com\/en"},{"@type":"ListItem","position":2,"name":"La boutique","item":"https:\/\/boutique2mode.com\/boutique"},{"@type":"ListItem","position":3,"name":"B2M 34 \u2013 12 id\u00e9es pour enrichir l\u2019exp\u00e9rience client"}]},{"@type":"WebSite","@id":"https:\/\/boutique2mode.com\/#website","url":"https:\/\/boutique2mode.com\/","name":"Boutique2Mode","description":"Le magazine des professionnels de la mode","potentialAction":[{"@type":"SearchAction","target":{"@type":"EntryPoint","urlTemplate":"https:\/\/boutique2mode.com\/?s={search_term_string}"},"query-input":{"@type":"PropertyValueSpecification","valueRequired":true,"valueName":"search_term_string"}}],"inLanguage":"en-US"}]}},"jetpack_publicize_connections":[],"jetpack_sharing_enabled":true,"builder_content":"","_links":{"self":[{"href":"https:\/\/boutique2mode.com\/en\/wp-json\/wp\/v2\/product\/5236","targetHints":{"allow":["GET"]}}],"collection":[{"href":"https:\/\/boutique2mode.com\/en\/wp-json\/wp\/v2\/product"}],"about":[{"href":"https:\/\/boutique2mode.com\/en\/wp-json\/wp\/v2\/types\/product"}],"wp:featuredmedia":[{"embeddable":true,"href":"https:\/\/boutique2mode.com\/en\/wp-json\/wp\/v2\/media\/5239"}],"wp:attachment":[{"href":"https:\/\/boutique2mode.com\/en\/wp-json\/wp\/v2\/media?parent=5236"}],"wp:term":[{"taxonomy":"product_brand","embeddable":true,"href":"https:\/\/boutique2mode.com\/en\/wp-json\/wp\/v2\/product_brand?post=5236"},{"taxonomy":"product_cat","embeddable":true,"href":"https:\/\/boutique2mode.com\/en\/wp-json\/wp\/v2\/product_cat?post=5236"},{"taxonomy":"product_tag","embeddable":true,"href":"https:\/\/boutique2mode.com\/en\/wp-json\/wp\/v2\/product_tag?post=5236"}],"curies":[{"name":"wp","href":"https:\/\/api.w.org\/{rel}","templated":true}]}}