{"id":5248,"date":"2016-04-21T12:23:30","date_gmt":"2016-04-21T10:23:30","guid":{"rendered":"https:\/\/dev.boutique2mode.com\/?post_type=product&#038;p=5248"},"modified":"2019-07-30T03:07:25","modified_gmt":"2019-07-30T01:07:25","slug":"b2m-33-realisez-des-vitrines-exceptionnelles","status":"publish","type":"product","link":"https:\/\/boutique2mode.com\/en\/boutique\/b2m-33-realisez-des-vitrines-exceptionnelles","title":{"rendered":"B2M 33 \u2013 R\u00e9alisez des vitrines exceptionnelles !"},"content":{"rendered":"<p><strong>Comment la Grande Distribution de Mode parasite toute une fili\u00e8re ?<\/strong><br \/>\nQue cachent les prix imbattables pratiqu\u00e9s par les grandes enseignes internationales, Primark en t\u00eate ? Apportent-elles r\u00e9ellement une valeur ajout\u00e9e \u00e0 notre \u00e9conomie ? Dans ce num\u00e9ro vous d\u00e9couvrirez notre enqu\u00eate exclusive qui d\u00e9cortique les pratiques des divers acteurs de la vente et de la distribution de mode, grandes enseignes, franchises, ind\u00e9pendants&#8230;<\/p>\n<p><strong>Cahier style : Zoom sur le march\u00e9 de l\u2019Homme et de l\u2019Enfant<\/strong><br \/>\nLe march\u00e9 Enfant mise sur plus de transparence et privil\u00e9gie le confort pour un \u00e9t\u00e9 2017 au Naturel, tandis que l\u2019Homme se place de nouveau sous l\u2019empire du sport et du confort. D\u00e9couvrez \u00e9galement nos s\u00e9lections exclusives de marques choisies par la r\u00e9daction \u00e0 partir d\u2019\u00e9l\u00e9ments factuels (mati\u00e8re, qualit\u00e9\/prix, coupe\/confort, finitions&#8230;) recueillis aupr\u00e8s de professionnels et d\u00e9taillants\/revendeurs.<\/p>\n<p><a id=\"sommaire\"><\/a><strong>D\u00e9couvrez le sommaire complet :<br \/>\n<\/strong><\/p>\n<p><img data-recalc-dims=\"1\" loading=\"lazy\" decoding=\"async\" class=\"aligncenter wp-image-5249 size-full\" title=\"L\u2019avenir des m\u00e9tiers du pass\u00e9\" src=\"https:\/\/i0.wp.com\/dev.boutique2mode.com\/wp-content\/uploads\/2019\/07\/sommaire-B2M-33.jpg?resize=1165%2C1395&#038;ssl=1\" alt=\"\" width=\"1165\" height=\"1395\" srcset=\"https:\/\/i0.wp.com\/boutique2mode.com\/wp-content\/uploads\/2019\/07\/sommaire-B2M-33.jpg?w=2407&amp;ssl=1 2407w, https:\/\/i0.wp.com\/boutique2mode.com\/wp-content\/uploads\/2019\/07\/sommaire-B2M-33.jpg?resize=250%2C300&amp;ssl=1 250w, https:\/\/i0.wp.com\/boutique2mode.com\/wp-content\/uploads\/2019\/07\/sommaire-B2M-33.jpg?resize=768%2C920&amp;ssl=1 768w, https:\/\/i0.wp.com\/boutique2mode.com\/wp-content\/uploads\/2019\/07\/sommaire-B2M-33.jpg?resize=855%2C1024&amp;ssl=1 855w, https:\/\/i0.wp.com\/boutique2mode.com\/wp-content\/uploads\/2019\/07\/sommaire-B2M-33.jpg?resize=600%2C719&amp;ssl=1 600w, https:\/\/i0.wp.com\/boutique2mode.com\/wp-content\/uploads\/2019\/07\/sommaire-B2M-33.jpg?w=2330&amp;ssl=1 2330w\" sizes=\"auto, (max-width: 1165px) 100vw, 1165px\" \/><\/p>\n<!--themify_builder_content-->\n<div id=\"themify_builder_content-5248\" data-postid=\"5248\" class=\"themify_builder_content themify_builder_content-5248 themify_builder tf_clear\">\n    <\/div>\n<!--\/themify_builder_content-->\n","protected":false},"excerpt":{"rendered":"<p>Comment r\u00e9ussir \u00e0 retenir l\u2019attention du passant gr\u00e2ce \u00e0 vos vitrines ? Les professionnels de l\u2019agencement de vitrines livrent ici leurs conseils, retours d\u2019exp\u00e9riences et petites astuces qui vous permettront de rendre vos vitrines inoubliables.<br \/>\n<span style=\"text-decoration: underline; color: #902a7d;\"><a style=\"color: #902a7d;\" href=\"#tab-description\">D\u00e9couvrir tous les sujets<\/a><\/span><\/p>\n<p><span style=\"color: #000000;\"><a href=\"#sommaire\"><img loading=\"lazy\" decoding=\"async\" class=\"alignleft wp-image-4930\" src=\"https:\/\/boutique2mode.com\/wp-content\/uploads\/2019\/07\/sommaire-magazine-2-244x300.jpg\" alt=\"sommaire du magazine\" width=\"58\" height=\"71\" srcset=\"https:\/\/i0.wp.com\/boutique2mode.com\/wp-content\/uploads\/2019\/07\/sommaire-magazine-2.jpg?resize=244%2C300&amp;ssl=1 244w, https:\/\/i0.wp.com\/boutique2mode.com\/wp-content\/uploads\/2019\/07\/sommaire-magazine-2.jpg?w=487&amp;ssl=1 487w\" sizes=\"auto, (max-width: 58px) 100vw, 58px\" \/><\/a><\/span><a href=\"#sommaire\" class=\"shortcode button  small  \" style=\"color: #902a7d;\">Consulter le sommaire<\/a><\/p>\n","protected":false},"featured_media":5251,"template":"","meta":{"_monsterinsights_skip_tracking":false,"_monsterinsights_sitenote_active":false,"_monsterinsights_sitenote_note":"","_monsterinsights_sitenote_category":0,"jetpack_post_was_ever_published":false,"jetpack_publicize_message":"","jetpack_publicize_feature_enabled":true,"jetpack_social_post_already_shared":true,"jetpack_social_options":{"image_generator_settings":{"template":"highway","default_image_id":0,"font":"","enabled":false},"version":2}},"product_brand":[],"product_cat":[51],"product_tag":[],"class_list":{"0":"post-5248","1":"product","2":"type-product","3":"status-publish","4":"has-post-thumbnail","6":"product_cat-vente-au-numero","7":"has-post-title","8":"has-post-date","9":"has-post-category","10":"has-post-tag","11":"has-post-comment","12":"has-post-author","13":"","15":"first","16":"instock","17":"shipping-taxable","18":"purchasable","19":"product-type-simple"},"yoast_head":"<!-- This site is optimized with the Yoast SEO plugin v27.4 - https:\/\/yoast.com\/product\/yoast-seo-wordpress\/ -->\n<title>B2M 33 \u2013 R\u00e9alisez des vitrines exceptionnelles ! - Boutique2Mode<\/title>\n<meta name=\"robots\" content=\"index, follow, max-snippet:-1, max-image-preview:large, max-video-preview:-1\" \/>\n<link rel=\"canonical\" href=\"https:\/\/boutique2mode.com\/boutique\/b2m-33-realisez-des-vitrines-exceptionnelles\" \/>\n<meta property=\"og:locale\" content=\"en_US\" \/>\n<meta property=\"og:type\" content=\"article\" \/>\n<meta property=\"og:title\" content=\"B2M 33 \u2013 R\u00e9alisez des vitrines exceptionnelles ! - Boutique2Mode\" \/>\n<meta property=\"og:description\" content=\"Comment r\u00e9ussir \u00e0 retenir l\u2019attention du passant gr\u00e2ce \u00e0 vos vitrines ? Les professionnels de l\u2019agencement de vitrines livrent ici leurs conseils, retours d\u2019exp\u00e9riences et petites astuces qui vous permettront de rendre vos vitrines inoubliables. D\u00e9couvrir tous les sujets\" \/>\n<meta property=\"og:url\" content=\"https:\/\/boutique2mode.com\/boutique\/b2m-33-realisez-des-vitrines-exceptionnelles\" \/>\n<meta property=\"og:site_name\" content=\"Boutique2Mode\" \/>\n<meta property=\"article:modified_time\" content=\"2019-07-30T01:07:25+00:00\" \/>\n<meta property=\"og:image\" content=\"https:\/\/i2.wp.com\/boutique2mode.com\/wp-content\/uploads\/2019\/07\/Couv-B2M-33-\u2013-R\u00e9alisez-des-vitrines-exceptionnelles.jpg?fit=1159%2C1159&ssl=1\" \/>\n\t<meta property=\"og:image:width\" content=\"1159\" \/>\n\t<meta property=\"og:image:height\" content=\"1159\" \/>\n\t<meta property=\"og:image:type\" content=\"image\/jpeg\" \/>\n<meta name=\"twitter:card\" content=\"summary_large_image\" \/>\n<meta name=\"twitter:label1\" content=\"Est. reading time\" \/>\n\t<meta name=\"twitter:data1\" content=\"1 minute\" \/>\n<script type=\"application\/ld+json\" class=\"yoast-schema-graph\">{\"@context\":\"https:\\\/\\\/schema.org\",\"@graph\":[{\"@type\":\"WebPage\",\"@id\":\"https:\\\/\\\/boutique2mode.com\\\/boutique\\\/b2m-33-realisez-des-vitrines-exceptionnelles\",\"url\":\"https:\\\/\\\/boutique2mode.com\\\/boutique\\\/b2m-33-realisez-des-vitrines-exceptionnelles\",\"name\":\"B2M 33 \u2013 R\u00e9alisez des vitrines exceptionnelles ! - Boutique2Mode\",\"isPartOf\":{\"@id\":\"https:\\\/\\\/boutique2mode.com\\\/#website\"},\"primaryImageOfPage\":{\"@id\":\"https:\\\/\\\/boutique2mode.com\\\/boutique\\\/b2m-33-realisez-des-vitrines-exceptionnelles#primaryimage\"},\"image\":{\"@id\":\"https:\\\/\\\/boutique2mode.com\\\/boutique\\\/b2m-33-realisez-des-vitrines-exceptionnelles#primaryimage\"},\"thumbnailUrl\":\"https:\\\/\\\/i0.wp.com\\\/boutique2mode.com\\\/wp-content\\\/uploads\\\/2019\\\/07\\\/Couv-B2M-33-%E2%80%93-R%C3%A9alisez-des-vitrines-exceptionnelles.jpg?fit=1159%2C1159&ssl=1\",\"datePublished\":\"2016-04-21T10:23:30+00:00\",\"dateModified\":\"2019-07-30T01:07:25+00:00\",\"breadcrumb\":{\"@id\":\"https:\\\/\\\/boutique2mode.com\\\/boutique\\\/b2m-33-realisez-des-vitrines-exceptionnelles#breadcrumb\"},\"inLanguage\":\"en-US\",\"potentialAction\":[{\"@type\":\"ReadAction\",\"target\":[\"https:\\\/\\\/boutique2mode.com\\\/boutique\\\/b2m-33-realisez-des-vitrines-exceptionnelles\"]}]},{\"@type\":\"ImageObject\",\"inLanguage\":\"en-US\",\"@id\":\"https:\\\/\\\/boutique2mode.com\\\/boutique\\\/b2m-33-realisez-des-vitrines-exceptionnelles#primaryimage\",\"url\":\"https:\\\/\\\/i0.wp.com\\\/boutique2mode.com\\\/wp-content\\\/uploads\\\/2019\\\/07\\\/Couv-B2M-33-%E2%80%93-R%C3%A9alisez-des-vitrines-exceptionnelles.jpg?fit=1159%2C1159&ssl=1\",\"contentUrl\":\"https:\\\/\\\/i0.wp.com\\\/boutique2mode.com\\\/wp-content\\\/uploads\\\/2019\\\/07\\\/Couv-B2M-33-%E2%80%93-R%C3%A9alisez-des-vitrines-exceptionnelles.jpg?fit=1159%2C1159&ssl=1\",\"width\":1159,\"height\":1159},{\"@type\":\"BreadcrumbList\",\"@id\":\"https:\\\/\\\/boutique2mode.com\\\/boutique\\\/b2m-33-realisez-des-vitrines-exceptionnelles#breadcrumb\",\"itemListElement\":[{\"@type\":\"ListItem\",\"position\":1,\"name\":\"Accueil\",\"item\":\"https:\\\/\\\/boutique2mode.com\\\/en\"},{\"@type\":\"ListItem\",\"position\":2,\"name\":\"La boutique\",\"item\":\"https:\\\/\\\/boutique2mode.com\\\/boutique\"},{\"@type\":\"ListItem\",\"position\":3,\"name\":\"B2M 33 \u2013 R\u00e9alisez des vitrines exceptionnelles !\"}]},{\"@type\":\"WebSite\",\"@id\":\"https:\\\/\\\/boutique2mode.com\\\/#website\",\"url\":\"https:\\\/\\\/boutique2mode.com\\\/\",\"name\":\"Boutique2Mode\",\"description\":\"Le magazine des professionnels de la mode\",\"potentialAction\":[{\"@type\":\"SearchAction\",\"target\":{\"@type\":\"EntryPoint\",\"urlTemplate\":\"https:\\\/\\\/boutique2mode.com\\\/?s={search_term_string}\"},\"query-input\":{\"@type\":\"PropertyValueSpecification\",\"valueRequired\":true,\"valueName\":\"search_term_string\"}}],\"inLanguage\":\"en-US\"}]}<\/script>\n<!-- \/ Yoast SEO plugin. -->","yoast_head_json":{"title":"B2M 33 \u2013 R\u00e9alisez des vitrines exceptionnelles ! - Boutique2Mode","robots":{"index":"index","follow":"follow","max-snippet":"max-snippet:-1","max-image-preview":"max-image-preview:large","max-video-preview":"max-video-preview:-1"},"canonical":"https:\/\/boutique2mode.com\/boutique\/b2m-33-realisez-des-vitrines-exceptionnelles","og_locale":"en_US","og_type":"article","og_title":"B2M 33 \u2013 R\u00e9alisez des vitrines exceptionnelles ! - Boutique2Mode","og_description":"Comment r\u00e9ussir \u00e0 retenir l\u2019attention du passant gr\u00e2ce \u00e0 vos vitrines ? Les professionnels de l\u2019agencement de vitrines livrent ici leurs conseils, retours d\u2019exp\u00e9riences et petites astuces qui vous permettront de rendre vos vitrines inoubliables. D\u00e9couvrir tous les sujets","og_url":"https:\/\/boutique2mode.com\/boutique\/b2m-33-realisez-des-vitrines-exceptionnelles","og_site_name":"Boutique2Mode","article_modified_time":"2019-07-30T01:07:25+00:00","og_image":[{"width":1159,"height":1159,"url":"https:\/\/i2.wp.com\/boutique2mode.com\/wp-content\/uploads\/2019\/07\/Couv-B2M-33-\u2013-R\u00e9alisez-des-vitrines-exceptionnelles.jpg?fit=1159%2C1159&ssl=1","type":"image\/jpeg"}],"twitter_card":"summary_large_image","twitter_misc":{"Est. reading time":"1 minute"},"schema":{"@context":"https:\/\/schema.org","@graph":[{"@type":"WebPage","@id":"https:\/\/boutique2mode.com\/boutique\/b2m-33-realisez-des-vitrines-exceptionnelles","url":"https:\/\/boutique2mode.com\/boutique\/b2m-33-realisez-des-vitrines-exceptionnelles","name":"B2M 33 \u2013 R\u00e9alisez des vitrines exceptionnelles ! - Boutique2Mode","isPartOf":{"@id":"https:\/\/boutique2mode.com\/#website"},"primaryImageOfPage":{"@id":"https:\/\/boutique2mode.com\/boutique\/b2m-33-realisez-des-vitrines-exceptionnelles#primaryimage"},"image":{"@id":"https:\/\/boutique2mode.com\/boutique\/b2m-33-realisez-des-vitrines-exceptionnelles#primaryimage"},"thumbnailUrl":"https:\/\/i0.wp.com\/boutique2mode.com\/wp-content\/uploads\/2019\/07\/Couv-B2M-33-%E2%80%93-R%C3%A9alisez-des-vitrines-exceptionnelles.jpg?fit=1159%2C1159&ssl=1","datePublished":"2016-04-21T10:23:30+00:00","dateModified":"2019-07-30T01:07:25+00:00","breadcrumb":{"@id":"https:\/\/boutique2mode.com\/boutique\/b2m-33-realisez-des-vitrines-exceptionnelles#breadcrumb"},"inLanguage":"en-US","potentialAction":[{"@type":"ReadAction","target":["https:\/\/boutique2mode.com\/boutique\/b2m-33-realisez-des-vitrines-exceptionnelles"]}]},{"@type":"ImageObject","inLanguage":"en-US","@id":"https:\/\/boutique2mode.com\/boutique\/b2m-33-realisez-des-vitrines-exceptionnelles#primaryimage","url":"https:\/\/i0.wp.com\/boutique2mode.com\/wp-content\/uploads\/2019\/07\/Couv-B2M-33-%E2%80%93-R%C3%A9alisez-des-vitrines-exceptionnelles.jpg?fit=1159%2C1159&ssl=1","contentUrl":"https:\/\/i0.wp.com\/boutique2mode.com\/wp-content\/uploads\/2019\/07\/Couv-B2M-33-%E2%80%93-R%C3%A9alisez-des-vitrines-exceptionnelles.jpg?fit=1159%2C1159&ssl=1","width":1159,"height":1159},{"@type":"BreadcrumbList","@id":"https:\/\/boutique2mode.com\/boutique\/b2m-33-realisez-des-vitrines-exceptionnelles#breadcrumb","itemListElement":[{"@type":"ListItem","position":1,"name":"Accueil","item":"https:\/\/boutique2mode.com\/en"},{"@type":"ListItem","position":2,"name":"La boutique","item":"https:\/\/boutique2mode.com\/boutique"},{"@type":"ListItem","position":3,"name":"B2M 33 \u2013 R\u00e9alisez des vitrines exceptionnelles !"}]},{"@type":"WebSite","@id":"https:\/\/boutique2mode.com\/#website","url":"https:\/\/boutique2mode.com\/","name":"Boutique2Mode","description":"Le magazine des professionnels de la mode","potentialAction":[{"@type":"SearchAction","target":{"@type":"EntryPoint","urlTemplate":"https:\/\/boutique2mode.com\/?s={search_term_string}"},"query-input":{"@type":"PropertyValueSpecification","valueRequired":true,"valueName":"search_term_string"}}],"inLanguage":"en-US"}]}},"jetpack_publicize_connections":[],"jetpack_sharing_enabled":true,"builder_content":"","_links":{"self":[{"href":"https:\/\/boutique2mode.com\/en\/wp-json\/wp\/v2\/product\/5248","targetHints":{"allow":["GET"]}}],"collection":[{"href":"https:\/\/boutique2mode.com\/en\/wp-json\/wp\/v2\/product"}],"about":[{"href":"https:\/\/boutique2mode.com\/en\/wp-json\/wp\/v2\/types\/product"}],"wp:featuredmedia":[{"embeddable":true,"href":"https:\/\/boutique2mode.com\/en\/wp-json\/wp\/v2\/media\/5251"}],"wp:attachment":[{"href":"https:\/\/boutique2mode.com\/en\/wp-json\/wp\/v2\/media?parent=5248"}],"wp:term":[{"taxonomy":"product_brand","embeddable":true,"href":"https:\/\/boutique2mode.com\/en\/wp-json\/wp\/v2\/product_brand?post=5248"},{"taxonomy":"product_cat","embeddable":true,"href":"https:\/\/boutique2mode.com\/en\/wp-json\/wp\/v2\/product_cat?post=5248"},{"taxonomy":"product_tag","embeddable":true,"href":"https:\/\/boutique2mode.com\/en\/wp-json\/wp\/v2\/product_tag?post=5248"}],"curies":[{"name":"wp","href":"https:\/\/api.w.org\/{rel}","templated":true}]}}