{"id":5265,"date":"2015-07-21T13:47:38","date_gmt":"2015-07-21T11:47:38","guid":{"rendered":"https:\/\/dev.boutique2mode.com\/?post_type=product&#038;p=5265"},"modified":"2019-07-30T03:08:57","modified_gmt":"2019-07-30T01:08:57","slug":"b2m-30-e-commerce-quels-investissements-pour-quels-resultats","status":"publish","type":"product","link":"https:\/\/boutique2mode.com\/en\/boutique\/b2m-30-e-commerce-quels-investissements-pour-quels-resultats","title":{"rendered":"B2M 30 \u2013 E-commerce : Quels investissements pour quels r\u00e9sultats ?"},"content":{"rendered":"<p><strong>Ind\u00e9pendants multimarques : 5 r\u00e8gles \u00e0 suivre<\/strong><br \/>\nPromotions r\u00e9currentes, soldes trop t\u00f4t dans la saison, loyers trop \u00e9lev\u00e9s, charges trop importantes\u2026 et le m\u00e9tier de d\u00e9taillant devient parfois trop difficile. A d\u00e9faut de pouvoir compter sur l\u2019aide des pouvoirs publics, les commer\u00e7ants ind\u00e9pendants doivent se concentrer sur la valeur ajout\u00e9e qui les distingue des grands enseignes, Le service, et pour certains, leur r\u00e9activit\u00e9 et leur cr\u00e9ativit\u00e9. A l\u2019heure o\u00f9 le consommateur cherche \u00e0 donner un sens \u00e0 ses achats, le d\u00e9taillant dispose de nombreux arguments \u00e0 faire valoir : proximit\u00e9, qualit\u00e9 et originalit\u00e9 des produits, conseil et relation avec la client\u00e8le. Mais dans le secteur de la mode, la concurrence est tr\u00e8s forte et le commer\u00e7ant est souvent bien seul dans sa boutique. Dans ce contexte et face au d\u00e9ploiement des strat\u00e9gies multi-canal et &#8220;multi-promo&#8221;&#8230; des grandes marques, comment tenir ?<br \/>\nD\u00e9couvrez dans cette \u00e9dition les 5 r\u00e8gles \u00e0 suivre pour survivre et progresser.<\/p>\n<p><strong>Ouvrir un point de vente \u00e9ph\u00e9m\u00e8re<\/strong><br \/>\nPour augmenter leur chiffre d\u2019affaires, ou simplement maintenir leur activit\u00e9, les d\u00e9taillants peuvent organiser des ventes hors de leur boutique. On pense souvent aux pop-up stores, mais il existe de nombreuses formules de points de vente \u00e9ph\u00e9m\u00e8res pour aller conqu\u00e9rir une nouvelle client\u00e8le. Quels sont les avantages, les inconv\u00e9nients ?<br \/>\nDe la mise en \u0153uvre aux retomb\u00e9es, Boutique2Mode passe en revue toutes les \u00e9tapes et permet de d\u00e9jouer les emb\u00fbches.<\/p>\n<p><strong>A d\u00e9couvrir \u00e9galement :<\/strong><\/p>\n<blockquote><p>\n  E-boutique : Quelle formule choisir ? Quelles options pour refaire ou cr\u00e9er son site e-commerce ?<br \/>\n  Une image vaut 1 000 clics ! Les diff\u00e9rentes solutions pour afficher de belles photos sur le Web\n<\/p><\/blockquote>\n<p><a id=\"sommaire\"><\/a><strong>D\u00e9couvrez le sommaire complet :<br \/>\n<\/strong><\/p>\n<p><img data-recalc-dims=\"1\" loading=\"lazy\" decoding=\"async\" class=\"aligncenter wp-image-5268 size-full\" title=\"L\u2019avenir des m\u00e9tiers du pass\u00e9\" src=\"https:\/\/i0.wp.com\/dev.boutique2mode.com\/wp-content\/uploads\/2019\/07\/sommaire-B2M-30.jpg?resize=1165%2C1576&#038;ssl=1\" alt=\"\" width=\"1165\" height=\"1576\" srcset=\"https:\/\/i0.wp.com\/boutique2mode.com\/wp-content\/uploads\/2019\/07\/sommaire-B2M-30.jpg?w=2400&amp;ssl=1 2400w, https:\/\/i0.wp.com\/boutique2mode.com\/wp-content\/uploads\/2019\/07\/sommaire-B2M-30.jpg?resize=222%2C300&amp;ssl=1 222w, https:\/\/i0.wp.com\/boutique2mode.com\/wp-content\/uploads\/2019\/07\/sommaire-B2M-30.jpg?resize=768%2C1039&amp;ssl=1 768w, https:\/\/i0.wp.com\/boutique2mode.com\/wp-content\/uploads\/2019\/07\/sommaire-B2M-30.jpg?resize=757%2C1024&amp;ssl=1 757w, https:\/\/i0.wp.com\/boutique2mode.com\/wp-content\/uploads\/2019\/07\/sommaire-B2M-30.jpg?resize=600%2C812&amp;ssl=1 600w, https:\/\/i0.wp.com\/boutique2mode.com\/wp-content\/uploads\/2019\/07\/sommaire-B2M-30.jpg?w=2330&amp;ssl=1 2330w\" sizes=\"auto, (max-width: 1165px) 100vw, 1165px\" \/><\/p>\n<!--themify_builder_content-->\n<div id=\"themify_builder_content-5265\" data-postid=\"5265\" class=\"themify_builder_content themify_builder_content-5265 themify_builder tf_clear\">\n    <\/div>\n<!--\/themify_builder_content-->\n","protected":false},"excerpt":{"rendered":"<p>La e-fashion cr\u00e8ve l\u2019\u00e9cran ! Pr\u00eat-\u00e0-porter, chaussures, lingerie, accessoires\u2026 Tous ont le vent en poupe sur Internet. Dans le secteur de l&#8217;habillement et selon une enqu\u00eate men\u00e9e par l\u2019IFM, plus de 4,4 milliards d&#8217;euros ont ainsi \u00e9t\u00e9 d\u00e9pens\u00e9s en ligne l&#8217;ann\u00e9e derni\u00e8re. A date, la Toile absorbe donc 14,6 % de l&#8217;ensemble des d\u00e9penses textile des consommateurs Fran\u00e7ais. Et le mouvement est identique dans le secteur de la chaussure tout comme pour les accessoires ou encore la lingerie. De quoi faire r\u00e9fl\u00e9chir les d\u00e9taillants et marques qui ne sont pas encore pr\u00e9sents sur le web ! Pour autant, la question du retour sur investissement m\u00e9rite d&#8217;\u00eatre pos\u00e9e.<br \/>\nLe magazine Boutique2Mode a men\u00e9 une grande enqu\u00eate sur ce sujet aupr\u00e8s des multimarques et marques de mode et vous d\u00e9voile dans cette \u00e9dition les bons plans et les moins bons !<br \/>\n<span style=\"text-decoration: underline; color: #902a7d;\"><a style=\"color: #902a7d;\" href=\"#tab-description\">D\u00e9couvrir tous les sujets<\/a><\/span><\/p>\n<p><span style=\"color: #000000;\"><a href=\"#sommaire\"><img loading=\"lazy\" decoding=\"async\" class=\"alignleft wp-image-4930\" src=\"https:\/\/boutique2mode.com\/wp-content\/uploads\/2019\/07\/sommaire-magazine-2-244x300.jpg\" alt=\"sommaire du magazine\" width=\"58\" height=\"71\" srcset=\"https:\/\/i0.wp.com\/boutique2mode.com\/wp-content\/uploads\/2019\/07\/sommaire-magazine-2.jpg?resize=244%2C300&amp;ssl=1 244w, https:\/\/i0.wp.com\/boutique2mode.com\/wp-content\/uploads\/2019\/07\/sommaire-magazine-2.jpg?w=487&amp;ssl=1 487w\" sizes=\"auto, (max-width: 58px) 100vw, 58px\" \/><\/a><\/span><a href=\"#sommaire\" class=\"shortcode button  small  \" style=\"color: #902a7d;\">Consulter le sommaire<\/a><\/p>\n","protected":false},"featured_media":5266,"template":"","meta":{"_monsterinsights_skip_tracking":false,"_monsterinsights_sitenote_active":false,"_monsterinsights_sitenote_note":"","_monsterinsights_sitenote_category":0,"jetpack_post_was_ever_published":false,"jetpack_publicize_message":"","jetpack_publicize_feature_enabled":true,"jetpack_social_post_already_shared":true,"jetpack_social_options":{"image_generator_settings":{"template":"highway","default_image_id":0,"font":"","enabled":false},"version":2}},"product_brand":[],"product_cat":[51],"product_tag":[],"class_list":{"0":"post-5265","1":"product","2":"type-product","3":"status-publish","4":"has-post-thumbnail","6":"product_cat-vente-au-numero","7":"has-post-title","8":"has-post-date","9":"has-post-category","10":"has-post-tag","11":"has-post-comment","12":"has-post-author","13":"","15":"first","16":"instock","17":"shipping-taxable","18":"purchasable","19":"product-type-simple"},"yoast_head":"<!-- This site is optimized with the Yoast SEO plugin v27.4 - https:\/\/yoast.com\/product\/yoast-seo-wordpress\/ -->\n<title>B2M 30 \u2013 E-commerce : Quels investissements pour quels r\u00e9sultats ? - Boutique2Mode<\/title>\n<meta name=\"robots\" content=\"index, follow, max-snippet:-1, max-image-preview:large, max-video-preview:-1\" \/>\n<link rel=\"canonical\" href=\"https:\/\/boutique2mode.com\/boutique\/b2m-30-e-commerce-quels-investissements-pour-quels-resultats\" \/>\n<meta property=\"og:locale\" content=\"en_US\" \/>\n<meta property=\"og:type\" content=\"article\" \/>\n<meta property=\"og:title\" content=\"B2M 30 \u2013 E-commerce : Quels investissements pour quels r\u00e9sultats ? - Boutique2Mode\" \/>\n<meta property=\"og:description\" content=\"La e-fashion cr\u00e8ve l\u2019\u00e9cran ! Pr\u00eat-\u00e0-porter, chaussures, lingerie, accessoires\u2026 Tous ont le vent en poupe sur Internet. Dans le secteur de l&#039;habillement et selon une enqu\u00eate men\u00e9e par l\u2019IFM, plus de 4,4 milliards d&#039;euros ont ainsi \u00e9t\u00e9 d\u00e9pens\u00e9s en ligne l&#039;ann\u00e9e derni\u00e8re. A date, la Toile absorbe donc 14,6 % de l&#039;ensemble des d\u00e9penses textile des consommateurs Fran\u00e7ais. Et le mouvement est identique dans le secteur de la chaussure tout comme pour les accessoires ou encore la lingerie. De quoi faire r\u00e9fl\u00e9chir les d\u00e9taillants et marques qui ne sont pas encore pr\u00e9sents sur le web ! Pour autant, la question du retour sur investissement m\u00e9rite d&#039;\u00eatre pos\u00e9e. Le magazine Boutique2Mode a men\u00e9 une grande enqu\u00eate sur ce sujet aupr\u00e8s des multimarques et marques de mode et vous d\u00e9voile dans cette \u00e9dition les bons plans et les moins bons ! D\u00e9couvrir tous les sujets\" \/>\n<meta property=\"og:url\" content=\"https:\/\/boutique2mode.com\/boutique\/b2m-30-e-commerce-quels-investissements-pour-quels-resultats\" \/>\n<meta property=\"og:site_name\" content=\"Boutique2Mode\" \/>\n<meta property=\"article:modified_time\" content=\"2019-07-30T01:08:57+00:00\" \/>\n<meta property=\"og:image\" content=\"https:\/\/i1.wp.com\/boutique2mode.com\/wp-content\/uploads\/2019\/07\/Couv-B2M-30-E-commerce-Quels-investissements-pour-quels-r\u00e9sultats.jpg?fit=1142%2C1142&ssl=1\" \/>\n\t<meta property=\"og:image:width\" content=\"1142\" \/>\n\t<meta property=\"og:image:height\" content=\"1142\" \/>\n\t<meta property=\"og:image:type\" content=\"image\/jpeg\" \/>\n<meta name=\"twitter:card\" content=\"summary_large_image\" \/>\n<meta name=\"twitter:label1\" content=\"Est. reading time\" \/>\n\t<meta name=\"twitter:data1\" content=\"1 minute\" \/>\n<script type=\"application\/ld+json\" class=\"yoast-schema-graph\">{\"@context\":\"https:\\\/\\\/schema.org\",\"@graph\":[{\"@type\":\"WebPage\",\"@id\":\"https:\\\/\\\/boutique2mode.com\\\/boutique\\\/b2m-30-e-commerce-quels-investissements-pour-quels-resultats\",\"url\":\"https:\\\/\\\/boutique2mode.com\\\/boutique\\\/b2m-30-e-commerce-quels-investissements-pour-quels-resultats\",\"name\":\"B2M 30 \u2013 E-commerce : Quels investissements pour quels r\u00e9sultats ? - Boutique2Mode\",\"isPartOf\":{\"@id\":\"https:\\\/\\\/boutique2mode.com\\\/#website\"},\"primaryImageOfPage\":{\"@id\":\"https:\\\/\\\/boutique2mode.com\\\/boutique\\\/b2m-30-e-commerce-quels-investissements-pour-quels-resultats#primaryimage\"},\"image\":{\"@id\":\"https:\\\/\\\/boutique2mode.com\\\/boutique\\\/b2m-30-e-commerce-quels-investissements-pour-quels-resultats#primaryimage\"},\"thumbnailUrl\":\"https:\\\/\\\/i0.wp.com\\\/boutique2mode.com\\\/wp-content\\\/uploads\\\/2019\\\/07\\\/Couv-B2M-30-E-commerce-Quels-investissements-pour-quels-r%C3%A9sultats.jpg?fit=1142%2C1142&ssl=1\",\"datePublished\":\"2015-07-21T11:47:38+00:00\",\"dateModified\":\"2019-07-30T01:08:57+00:00\",\"breadcrumb\":{\"@id\":\"https:\\\/\\\/boutique2mode.com\\\/boutique\\\/b2m-30-e-commerce-quels-investissements-pour-quels-resultats#breadcrumb\"},\"inLanguage\":\"en-US\",\"potentialAction\":[{\"@type\":\"ReadAction\",\"target\":[\"https:\\\/\\\/boutique2mode.com\\\/boutique\\\/b2m-30-e-commerce-quels-investissements-pour-quels-resultats\"]}]},{\"@type\":\"ImageObject\",\"inLanguage\":\"en-US\",\"@id\":\"https:\\\/\\\/boutique2mode.com\\\/boutique\\\/b2m-30-e-commerce-quels-investissements-pour-quels-resultats#primaryimage\",\"url\":\"https:\\\/\\\/i0.wp.com\\\/boutique2mode.com\\\/wp-content\\\/uploads\\\/2019\\\/07\\\/Couv-B2M-30-E-commerce-Quels-investissements-pour-quels-r%C3%A9sultats.jpg?fit=1142%2C1142&ssl=1\",\"contentUrl\":\"https:\\\/\\\/i0.wp.com\\\/boutique2mode.com\\\/wp-content\\\/uploads\\\/2019\\\/07\\\/Couv-B2M-30-E-commerce-Quels-investissements-pour-quels-r%C3%A9sultats.jpg?fit=1142%2C1142&ssl=1\",\"width\":1142,\"height\":1142},{\"@type\":\"BreadcrumbList\",\"@id\":\"https:\\\/\\\/boutique2mode.com\\\/boutique\\\/b2m-30-e-commerce-quels-investissements-pour-quels-resultats#breadcrumb\",\"itemListElement\":[{\"@type\":\"ListItem\",\"position\":1,\"name\":\"Accueil\",\"item\":\"https:\\\/\\\/boutique2mode.com\\\/en\"},{\"@type\":\"ListItem\",\"position\":2,\"name\":\"La boutique\",\"item\":\"https:\\\/\\\/boutique2mode.com\\\/boutique\"},{\"@type\":\"ListItem\",\"position\":3,\"name\":\"B2M 30 \u2013 E-commerce : Quels investissements pour quels r\u00e9sultats ?\"}]},{\"@type\":\"WebSite\",\"@id\":\"https:\\\/\\\/boutique2mode.com\\\/#website\",\"url\":\"https:\\\/\\\/boutique2mode.com\\\/\",\"name\":\"Boutique2Mode\",\"description\":\"Le magazine des professionnels de la mode\",\"potentialAction\":[{\"@type\":\"SearchAction\",\"target\":{\"@type\":\"EntryPoint\",\"urlTemplate\":\"https:\\\/\\\/boutique2mode.com\\\/?s={search_term_string}\"},\"query-input\":{\"@type\":\"PropertyValueSpecification\",\"valueRequired\":true,\"valueName\":\"search_term_string\"}}],\"inLanguage\":\"en-US\"}]}<\/script>\n<!-- \/ Yoast SEO plugin. -->","yoast_head_json":{"title":"B2M 30 \u2013 E-commerce : Quels investissements pour quels r\u00e9sultats ? - Boutique2Mode","robots":{"index":"index","follow":"follow","max-snippet":"max-snippet:-1","max-image-preview":"max-image-preview:large","max-video-preview":"max-video-preview:-1"},"canonical":"https:\/\/boutique2mode.com\/boutique\/b2m-30-e-commerce-quels-investissements-pour-quels-resultats","og_locale":"en_US","og_type":"article","og_title":"B2M 30 \u2013 E-commerce : Quels investissements pour quels r\u00e9sultats ? - Boutique2Mode","og_description":"La e-fashion cr\u00e8ve l\u2019\u00e9cran ! Pr\u00eat-\u00e0-porter, chaussures, lingerie, accessoires\u2026 Tous ont le vent en poupe sur Internet. Dans le secteur de l'habillement et selon une enqu\u00eate men\u00e9e par l\u2019IFM, plus de 4,4 milliards d'euros ont ainsi \u00e9t\u00e9 d\u00e9pens\u00e9s en ligne l'ann\u00e9e derni\u00e8re. A date, la Toile absorbe donc 14,6 % de l'ensemble des d\u00e9penses textile des consommateurs Fran\u00e7ais. Et le mouvement est identique dans le secteur de la chaussure tout comme pour les accessoires ou encore la lingerie. De quoi faire r\u00e9fl\u00e9chir les d\u00e9taillants et marques qui ne sont pas encore pr\u00e9sents sur le web ! Pour autant, la question du retour sur investissement m\u00e9rite d'\u00eatre pos\u00e9e. Le magazine Boutique2Mode a men\u00e9 une grande enqu\u00eate sur ce sujet aupr\u00e8s des multimarques et marques de mode et vous d\u00e9voile dans cette \u00e9dition les bons plans et les moins bons ! D\u00e9couvrir tous les sujets","og_url":"https:\/\/boutique2mode.com\/boutique\/b2m-30-e-commerce-quels-investissements-pour-quels-resultats","og_site_name":"Boutique2Mode","article_modified_time":"2019-07-30T01:08:57+00:00","og_image":[{"width":1142,"height":1142,"url":"https:\/\/i1.wp.com\/boutique2mode.com\/wp-content\/uploads\/2019\/07\/Couv-B2M-30-E-commerce-Quels-investissements-pour-quels-r\u00e9sultats.jpg?fit=1142%2C1142&ssl=1","type":"image\/jpeg"}],"twitter_card":"summary_large_image","twitter_misc":{"Est. reading time":"1 minute"},"schema":{"@context":"https:\/\/schema.org","@graph":[{"@type":"WebPage","@id":"https:\/\/boutique2mode.com\/boutique\/b2m-30-e-commerce-quels-investissements-pour-quels-resultats","url":"https:\/\/boutique2mode.com\/boutique\/b2m-30-e-commerce-quels-investissements-pour-quels-resultats","name":"B2M 30 \u2013 E-commerce : Quels investissements pour quels r\u00e9sultats ? - Boutique2Mode","isPartOf":{"@id":"https:\/\/boutique2mode.com\/#website"},"primaryImageOfPage":{"@id":"https:\/\/boutique2mode.com\/boutique\/b2m-30-e-commerce-quels-investissements-pour-quels-resultats#primaryimage"},"image":{"@id":"https:\/\/boutique2mode.com\/boutique\/b2m-30-e-commerce-quels-investissements-pour-quels-resultats#primaryimage"},"thumbnailUrl":"https:\/\/i0.wp.com\/boutique2mode.com\/wp-content\/uploads\/2019\/07\/Couv-B2M-30-E-commerce-Quels-investissements-pour-quels-r%C3%A9sultats.jpg?fit=1142%2C1142&ssl=1","datePublished":"2015-07-21T11:47:38+00:00","dateModified":"2019-07-30T01:08:57+00:00","breadcrumb":{"@id":"https:\/\/boutique2mode.com\/boutique\/b2m-30-e-commerce-quels-investissements-pour-quels-resultats#breadcrumb"},"inLanguage":"en-US","potentialAction":[{"@type":"ReadAction","target":["https:\/\/boutique2mode.com\/boutique\/b2m-30-e-commerce-quels-investissements-pour-quels-resultats"]}]},{"@type":"ImageObject","inLanguage":"en-US","@id":"https:\/\/boutique2mode.com\/boutique\/b2m-30-e-commerce-quels-investissements-pour-quels-resultats#primaryimage","url":"https:\/\/i0.wp.com\/boutique2mode.com\/wp-content\/uploads\/2019\/07\/Couv-B2M-30-E-commerce-Quels-investissements-pour-quels-r%C3%A9sultats.jpg?fit=1142%2C1142&ssl=1","contentUrl":"https:\/\/i0.wp.com\/boutique2mode.com\/wp-content\/uploads\/2019\/07\/Couv-B2M-30-E-commerce-Quels-investissements-pour-quels-r%C3%A9sultats.jpg?fit=1142%2C1142&ssl=1","width":1142,"height":1142},{"@type":"BreadcrumbList","@id":"https:\/\/boutique2mode.com\/boutique\/b2m-30-e-commerce-quels-investissements-pour-quels-resultats#breadcrumb","itemListElement":[{"@type":"ListItem","position":1,"name":"Accueil","item":"https:\/\/boutique2mode.com\/en"},{"@type":"ListItem","position":2,"name":"La boutique","item":"https:\/\/boutique2mode.com\/boutique"},{"@type":"ListItem","position":3,"name":"B2M 30 \u2013 E-commerce : Quels investissements pour quels r\u00e9sultats ?"}]},{"@type":"WebSite","@id":"https:\/\/boutique2mode.com\/#website","url":"https:\/\/boutique2mode.com\/","name":"Boutique2Mode","description":"Le magazine des professionnels de la mode","potentialAction":[{"@type":"SearchAction","target":{"@type":"EntryPoint","urlTemplate":"https:\/\/boutique2mode.com\/?s={search_term_string}"},"query-input":{"@type":"PropertyValueSpecification","valueRequired":true,"valueName":"search_term_string"}}],"inLanguage":"en-US"}]}},"jetpack_publicize_connections":[],"jetpack_sharing_enabled":true,"builder_content":"","_links":{"self":[{"href":"https:\/\/boutique2mode.com\/en\/wp-json\/wp\/v2\/product\/5265","targetHints":{"allow":["GET"]}}],"collection":[{"href":"https:\/\/boutique2mode.com\/en\/wp-json\/wp\/v2\/product"}],"about":[{"href":"https:\/\/boutique2mode.com\/en\/wp-json\/wp\/v2\/types\/product"}],"wp:featuredmedia":[{"embeddable":true,"href":"https:\/\/boutique2mode.com\/en\/wp-json\/wp\/v2\/media\/5266"}],"wp:attachment":[{"href":"https:\/\/boutique2mode.com\/en\/wp-json\/wp\/v2\/media?parent=5265"}],"wp:term":[{"taxonomy":"product_brand","embeddable":true,"href":"https:\/\/boutique2mode.com\/en\/wp-json\/wp\/v2\/product_brand?post=5265"},{"taxonomy":"product_cat","embeddable":true,"href":"https:\/\/boutique2mode.com\/en\/wp-json\/wp\/v2\/product_cat?post=5265"},{"taxonomy":"product_tag","embeddable":true,"href":"https:\/\/boutique2mode.com\/en\/wp-json\/wp\/v2\/product_tag?post=5265"}],"curies":[{"name":"wp","href":"https:\/\/api.w.org\/{rel}","templated":true}]}}