{"id":5277,"date":"2015-04-21T14:09:00","date_gmt":"2015-04-21T12:09:00","guid":{"rendered":"https:\/\/dev.boutique2mode.com\/?post_type=product&#038;p=5277"},"modified":"2019-07-30T03:17:29","modified_gmt":"2019-07-30T01:17:29","slug":"b2m-29-sublimez-la-presentation-de-vos-modeles","status":"publish","type":"product","link":"https:\/\/boutique2mode.com\/en\/boutique\/b2m-29-sublimez-la-presentation-de-vos-modeles","title":{"rendered":"B2M 29 \u2013 Sublimez la pr\u00e9sentation de vos mod\u00e8les"},"content":{"rendered":"<p><strong>Savoir-faire : les techniques pour mieux vendre<\/strong><br \/>\nLongtemps consid\u00e9r\u00e9 comme secondaire, le vendeur rejoue un r\u00f4le primordial pour accroitre le taux de transformation et le panier moyen, afin de compenser la baisse de fr\u00e9quentation des boutiques. Mais, surinform\u00e9, m\u00e9fiant et \u00e9conome, le consommateur d\u2019aujourd\u2019hui ne se laisse pas s\u00e9duire aussi facilement qu&#8217;avant&#8230;<br \/>\nQuels sont les arguments \u00e0 m\u00eame de le convaincre ? Quels sont les ressorts qui permettent aujourd&#8217;hui d&#8217;augmenter les ventes au d\u00e9tail et comment d\u00e9terminer les nouveaux profils de vendeurs ? Boutique2Mode a d\u00e9cortiqu\u00e9 les r\u00e9ponses et vous livre une analyse et un panel des nouvelles pratiques commerciales qui font vendre.<\/p>\n<p><strong>Enqu\u00eate : les centres-villes en perte de vitesse<\/strong><br \/>\nFuite des consommateurs vers les zones commerciales, d\u00e9mocratisation de l\u2019achat sur internet, hausse du prix<br \/>\ndes loyers, difficult\u00e9s de stationnement\u2026 nombreux sont les facteurs qui expliquent la d\u00e9sertification de certains<br \/>\ncentres-villes. Pas question pour autant de rester les bras crois\u00e9s, car les solutions existent et leur mise en \u0153uvre<br \/>\nd\u00e9pend avant tout d\u2019une volont\u00e9 politique de r\u00e9habilitation du c\u0153ur de ville, mais aussi de leurs commer\u00e7ants,<br \/>\nqui doivent \u00eatre soud\u00e9s et force de proposition pour leur commune. De Marseille \u00e0 Mulhouse, nous avons enqu\u00eat\u00e9 sur l&#8217;impact des centres commerciaux et les diff\u00e9rentes politiques d&#8217;urbanisme commercial.<\/p>\n<p><a id=\"sommaire\"><\/a><strong>D\u00e9couvrez le sommaire complet :<br \/>\n<\/strong><\/p>\n<p><img data-recalc-dims=\"1\" loading=\"lazy\" decoding=\"async\" class=\"aligncenter wp-image-5280 size-full\" title=\"L\u2019avenir des m\u00e9tiers du pass\u00e9\" src=\"https:\/\/i0.wp.com\/dev.boutique2mode.com\/wp-content\/uploads\/2019\/07\/sommaire-B2M-29.jpg?resize=1165%2C1552&#038;ssl=1\" alt=\"\" width=\"1165\" height=\"1552\" srcset=\"https:\/\/i0.wp.com\/boutique2mode.com\/wp-content\/uploads\/2019\/07\/sommaire-B2M-29.jpg?w=2409&amp;ssl=1 2409w, https:\/\/i0.wp.com\/boutique2mode.com\/wp-content\/uploads\/2019\/07\/sommaire-B2M-29.jpg?resize=225%2C300&amp;ssl=1 225w, https:\/\/i0.wp.com\/boutique2mode.com\/wp-content\/uploads\/2019\/07\/sommaire-B2M-29.jpg?resize=768%2C1024&amp;ssl=1 768w, https:\/\/i0.wp.com\/boutique2mode.com\/wp-content\/uploads\/2019\/07\/sommaire-B2M-29.jpg?resize=600%2C800&amp;ssl=1 600w, https:\/\/i0.wp.com\/boutique2mode.com\/wp-content\/uploads\/2019\/07\/sommaire-B2M-29.jpg?w=2330&amp;ssl=1 2330w\" sizes=\"auto, (max-width: 1165px) 100vw, 1165px\" \/><\/p>\n<!--themify_builder_content-->\n<div id=\"themify_builder_content-5277\" data-postid=\"5277\" class=\"themify_builder_content themify_builder_content-5277 themify_builder tf_clear\">\n    <\/div>\n<!--\/themify_builder_content-->\n","protected":false},"excerpt":{"rendered":"<p><strong>Merchandising visuel : pr\u00e9sentez mieux pour vendre plus<\/strong><br \/>\nIl y a une quinzaine d\u2019ann\u00e9es, les marques ne se pr\u00e9occupaient pas de la pr\u00e9sentation des produits et leur budget \u2018\u2018d\u00e9co\u2019\u2019 \u00e9tait insignifiant. Depuis, elles ont compris que le merchandising visuel est un atout pour le travail des vendeurs et pour cause : la mise en valeur des articles a un impact direct sur le chiffre d\u2019affaires. L\u2019augmentation va de 10 \u00e0 60 %, pratiquement du jour au lendemain dans certains cas et parfois \u00e0 la faveur d\u2019un simple coup de peinture ! Dans cette nouvelle \u00e9dition du magazine Boutique2Mode, vous allez d\u00e9couvrir des techniques de pr\u00e9sentations efficaces et b\u00e9n\u00e9ficier de conseils d&#8217;experts reconnus, mais aussi d\u2019astuces de certains commer\u00e7ants qui ont bien compris que dans l&#8217;habillement comme dans la chaussure, attirer l&#8217;attention sur un mod\u00e8le le valorise et suscite le d\u00e9sir du client.<br \/>\n<span style=\"text-decoration: underline; color: #902a7d;\"><a style=\"color: #902a7d;\" href=\"#tab-description\">D\u00e9couvrir tous les sujets<\/a><\/span><\/p>\n<p><span style=\"color: #000000;\"><a href=\"#sommaire\"><img loading=\"lazy\" decoding=\"async\" class=\"alignleft wp-image-4930\" src=\"https:\/\/boutique2mode.com\/wp-content\/uploads\/2019\/07\/sommaire-magazine-2-244x300.jpg\" alt=\"sommaire du magazine\" width=\"58\" height=\"71\" srcset=\"https:\/\/i0.wp.com\/boutique2mode.com\/wp-content\/uploads\/2019\/07\/sommaire-magazine-2.jpg?resize=244%2C300&amp;ssl=1 244w, https:\/\/i0.wp.com\/boutique2mode.com\/wp-content\/uploads\/2019\/07\/sommaire-magazine-2.jpg?w=487&amp;ssl=1 487w\" sizes=\"auto, (max-width: 58px) 100vw, 58px\" \/><\/a><\/span><a href=\"#sommaire\" class=\"shortcode button  small  \" style=\"color: #902a7d;\">Consulter le sommaire<\/a><\/p>\n","protected":false},"featured_media":5278,"template":"","meta":{"_monsterinsights_skip_tracking":false,"_monsterinsights_sitenote_active":false,"_monsterinsights_sitenote_note":"","_monsterinsights_sitenote_category":0,"jetpack_post_was_ever_published":false,"jetpack_publicize_message":"","jetpack_publicize_feature_enabled":true,"jetpack_social_post_already_shared":true,"jetpack_social_options":{"image_generator_settings":{"template":"highway","default_image_id":0,"font":"","enabled":false},"version":2}},"product_brand":[],"product_cat":[51],"product_tag":[],"class_list":{"0":"post-5277","1":"product","2":"type-product","3":"status-publish","4":"has-post-thumbnail","6":"product_cat-vente-au-numero","7":"has-post-title","8":"has-post-date","9":"has-post-category","10":"has-post-tag","11":"has-post-comment","12":"has-post-author","13":"","15":"first","16":"instock","17":"shipping-taxable","18":"purchasable","19":"product-type-simple"},"yoast_head":"<!-- This site is optimized with the Yoast SEO plugin v27.4 - https:\/\/yoast.com\/product\/yoast-seo-wordpress\/ -->\n<title>B2M 29 \u2013 Sublimez la pr\u00e9sentation de vos mod\u00e8les - Boutique2Mode<\/title>\n<meta name=\"robots\" content=\"index, follow, max-snippet:-1, max-image-preview:large, max-video-preview:-1\" \/>\n<link rel=\"canonical\" href=\"https:\/\/boutique2mode.com\/boutique\/b2m-29-sublimez-la-presentation-de-vos-modeles\" \/>\n<meta property=\"og:locale\" content=\"en_US\" \/>\n<meta property=\"og:type\" content=\"article\" \/>\n<meta property=\"og:title\" content=\"B2M 29 \u2013 Sublimez la pr\u00e9sentation de vos mod\u00e8les - Boutique2Mode\" \/>\n<meta property=\"og:description\" content=\"Merchandising visuel : pr\u00e9sentez mieux pour vendre plus Il y a une quinzaine d\u2019ann\u00e9es, les marques ne se pr\u00e9occupaient pas de la pr\u00e9sentation des produits et leur budget \u2018\u2018d\u00e9co\u2019\u2019 \u00e9tait insignifiant. Depuis, elles ont compris que le merchandising visuel est un atout pour le travail des vendeurs et pour cause : la mise en valeur des articles a un impact direct sur le chiffre d\u2019affaires. L\u2019augmentation va de 10 \u00e0 60 %, pratiquement du jour au lendemain dans certains cas et parfois \u00e0 la faveur d\u2019un simple coup de peinture ! Dans cette nouvelle \u00e9dition du magazine Boutique2Mode, vous allez d\u00e9couvrir des techniques de pr\u00e9sentations efficaces et b\u00e9n\u00e9ficier de conseils d&#039;experts reconnus, mais aussi d\u2019astuces de certains commer\u00e7ants qui ont bien compris que dans l&#039;habillement comme dans la chaussure, attirer l&#039;attention sur un mod\u00e8le le valorise et suscite le d\u00e9sir du client. D\u00e9couvrir tous les sujets\" \/>\n<meta property=\"og:url\" content=\"https:\/\/boutique2mode.com\/boutique\/b2m-29-sublimez-la-presentation-de-vos-modeles\" \/>\n<meta property=\"og:site_name\" content=\"Boutique2Mode\" \/>\n<meta property=\"article:modified_time\" content=\"2019-07-30T01:17:29+00:00\" \/>\n<meta property=\"og:image\" content=\"https:\/\/i0.wp.com\/boutique2mode.com\/wp-content\/uploads\/2019\/07\/Couv-B2M-29-Sublimez-la-pr\u00e9sentation-de-vos-mod\u00e8les.jpg?fit=1160%2C1160&ssl=1\" \/>\n\t<meta property=\"og:image:width\" content=\"1160\" \/>\n\t<meta property=\"og:image:height\" content=\"1160\" \/>\n\t<meta property=\"og:image:type\" content=\"image\/jpeg\" \/>\n<meta name=\"twitter:card\" content=\"summary_large_image\" \/>\n<meta name=\"twitter:label1\" content=\"Est. reading time\" \/>\n\t<meta name=\"twitter:data1\" content=\"1 minute\" \/>\n<script type=\"application\/ld+json\" class=\"yoast-schema-graph\">{\"@context\":\"https:\\\/\\\/schema.org\",\"@graph\":[{\"@type\":\"WebPage\",\"@id\":\"https:\\\/\\\/boutique2mode.com\\\/boutique\\\/b2m-29-sublimez-la-presentation-de-vos-modeles\",\"url\":\"https:\\\/\\\/boutique2mode.com\\\/boutique\\\/b2m-29-sublimez-la-presentation-de-vos-modeles\",\"name\":\"B2M 29 \u2013 Sublimez la pr\u00e9sentation de vos mod\u00e8les - Boutique2Mode\",\"isPartOf\":{\"@id\":\"https:\\\/\\\/boutique2mode.com\\\/#website\"},\"primaryImageOfPage\":{\"@id\":\"https:\\\/\\\/boutique2mode.com\\\/boutique\\\/b2m-29-sublimez-la-presentation-de-vos-modeles#primaryimage\"},\"image\":{\"@id\":\"https:\\\/\\\/boutique2mode.com\\\/boutique\\\/b2m-29-sublimez-la-presentation-de-vos-modeles#primaryimage\"},\"thumbnailUrl\":\"https:\\\/\\\/i0.wp.com\\\/boutique2mode.com\\\/wp-content\\\/uploads\\\/2019\\\/07\\\/Couv-B2M-29-Sublimez-la-pr%C3%A9sentation-de-vos-mod%C3%A8les.jpg?fit=1160%2C1160&ssl=1\",\"datePublished\":\"2015-04-21T12:09:00+00:00\",\"dateModified\":\"2019-07-30T01:17:29+00:00\",\"breadcrumb\":{\"@id\":\"https:\\\/\\\/boutique2mode.com\\\/boutique\\\/b2m-29-sublimez-la-presentation-de-vos-modeles#breadcrumb\"},\"inLanguage\":\"en-US\",\"potentialAction\":[{\"@type\":\"ReadAction\",\"target\":[\"https:\\\/\\\/boutique2mode.com\\\/boutique\\\/b2m-29-sublimez-la-presentation-de-vos-modeles\"]}]},{\"@type\":\"ImageObject\",\"inLanguage\":\"en-US\",\"@id\":\"https:\\\/\\\/boutique2mode.com\\\/boutique\\\/b2m-29-sublimez-la-presentation-de-vos-modeles#primaryimage\",\"url\":\"https:\\\/\\\/i0.wp.com\\\/boutique2mode.com\\\/wp-content\\\/uploads\\\/2019\\\/07\\\/Couv-B2M-29-Sublimez-la-pr%C3%A9sentation-de-vos-mod%C3%A8les.jpg?fit=1160%2C1160&ssl=1\",\"contentUrl\":\"https:\\\/\\\/i0.wp.com\\\/boutique2mode.com\\\/wp-content\\\/uploads\\\/2019\\\/07\\\/Couv-B2M-29-Sublimez-la-pr%C3%A9sentation-de-vos-mod%C3%A8les.jpg?fit=1160%2C1160&ssl=1\",\"width\":1160,\"height\":1160},{\"@type\":\"BreadcrumbList\",\"@id\":\"https:\\\/\\\/boutique2mode.com\\\/boutique\\\/b2m-29-sublimez-la-presentation-de-vos-modeles#breadcrumb\",\"itemListElement\":[{\"@type\":\"ListItem\",\"position\":1,\"name\":\"Accueil\",\"item\":\"https:\\\/\\\/boutique2mode.com\\\/en\"},{\"@type\":\"ListItem\",\"position\":2,\"name\":\"La boutique\",\"item\":\"https:\\\/\\\/boutique2mode.com\\\/boutique\"},{\"@type\":\"ListItem\",\"position\":3,\"name\":\"B2M 29 \u2013 Sublimez la pr\u00e9sentation de vos mod\u00e8les\"}]},{\"@type\":\"WebSite\",\"@id\":\"https:\\\/\\\/boutique2mode.com\\\/#website\",\"url\":\"https:\\\/\\\/boutique2mode.com\\\/\",\"name\":\"Boutique2Mode\",\"description\":\"Le magazine des professionnels de la mode\",\"potentialAction\":[{\"@type\":\"SearchAction\",\"target\":{\"@type\":\"EntryPoint\",\"urlTemplate\":\"https:\\\/\\\/boutique2mode.com\\\/?s={search_term_string}\"},\"query-input\":{\"@type\":\"PropertyValueSpecification\",\"valueRequired\":true,\"valueName\":\"search_term_string\"}}],\"inLanguage\":\"en-US\"}]}<\/script>\n<!-- \/ Yoast SEO plugin. -->","yoast_head_json":{"title":"B2M 29 \u2013 Sublimez la pr\u00e9sentation de vos mod\u00e8les - Boutique2Mode","robots":{"index":"index","follow":"follow","max-snippet":"max-snippet:-1","max-image-preview":"max-image-preview:large","max-video-preview":"max-video-preview:-1"},"canonical":"https:\/\/boutique2mode.com\/boutique\/b2m-29-sublimez-la-presentation-de-vos-modeles","og_locale":"en_US","og_type":"article","og_title":"B2M 29 \u2013 Sublimez la pr\u00e9sentation de vos mod\u00e8les - Boutique2Mode","og_description":"Merchandising visuel : pr\u00e9sentez mieux pour vendre plus Il y a une quinzaine d\u2019ann\u00e9es, les marques ne se pr\u00e9occupaient pas de la pr\u00e9sentation des produits et leur budget \u2018\u2018d\u00e9co\u2019\u2019 \u00e9tait insignifiant. Depuis, elles ont compris que le merchandising visuel est un atout pour le travail des vendeurs et pour cause : la mise en valeur des articles a un impact direct sur le chiffre d\u2019affaires. L\u2019augmentation va de 10 \u00e0 60 %, pratiquement du jour au lendemain dans certains cas et parfois \u00e0 la faveur d\u2019un simple coup de peinture ! Dans cette nouvelle \u00e9dition du magazine Boutique2Mode, vous allez d\u00e9couvrir des techniques de pr\u00e9sentations efficaces et b\u00e9n\u00e9ficier de conseils d'experts reconnus, mais aussi d\u2019astuces de certains commer\u00e7ants qui ont bien compris que dans l'habillement comme dans la chaussure, attirer l'attention sur un mod\u00e8le le valorise et suscite le d\u00e9sir du client. D\u00e9couvrir tous les sujets","og_url":"https:\/\/boutique2mode.com\/boutique\/b2m-29-sublimez-la-presentation-de-vos-modeles","og_site_name":"Boutique2Mode","article_modified_time":"2019-07-30T01:17:29+00:00","og_image":[{"width":1160,"height":1160,"url":"https:\/\/i0.wp.com\/boutique2mode.com\/wp-content\/uploads\/2019\/07\/Couv-B2M-29-Sublimez-la-pr\u00e9sentation-de-vos-mod\u00e8les.jpg?fit=1160%2C1160&ssl=1","type":"image\/jpeg"}],"twitter_card":"summary_large_image","twitter_misc":{"Est. reading time":"1 minute"},"schema":{"@context":"https:\/\/schema.org","@graph":[{"@type":"WebPage","@id":"https:\/\/boutique2mode.com\/boutique\/b2m-29-sublimez-la-presentation-de-vos-modeles","url":"https:\/\/boutique2mode.com\/boutique\/b2m-29-sublimez-la-presentation-de-vos-modeles","name":"B2M 29 \u2013 Sublimez la pr\u00e9sentation de vos mod\u00e8les - Boutique2Mode","isPartOf":{"@id":"https:\/\/boutique2mode.com\/#website"},"primaryImageOfPage":{"@id":"https:\/\/boutique2mode.com\/boutique\/b2m-29-sublimez-la-presentation-de-vos-modeles#primaryimage"},"image":{"@id":"https:\/\/boutique2mode.com\/boutique\/b2m-29-sublimez-la-presentation-de-vos-modeles#primaryimage"},"thumbnailUrl":"https:\/\/i0.wp.com\/boutique2mode.com\/wp-content\/uploads\/2019\/07\/Couv-B2M-29-Sublimez-la-pr%C3%A9sentation-de-vos-mod%C3%A8les.jpg?fit=1160%2C1160&ssl=1","datePublished":"2015-04-21T12:09:00+00:00","dateModified":"2019-07-30T01:17:29+00:00","breadcrumb":{"@id":"https:\/\/boutique2mode.com\/boutique\/b2m-29-sublimez-la-presentation-de-vos-modeles#breadcrumb"},"inLanguage":"en-US","potentialAction":[{"@type":"ReadAction","target":["https:\/\/boutique2mode.com\/boutique\/b2m-29-sublimez-la-presentation-de-vos-modeles"]}]},{"@type":"ImageObject","inLanguage":"en-US","@id":"https:\/\/boutique2mode.com\/boutique\/b2m-29-sublimez-la-presentation-de-vos-modeles#primaryimage","url":"https:\/\/i0.wp.com\/boutique2mode.com\/wp-content\/uploads\/2019\/07\/Couv-B2M-29-Sublimez-la-pr%C3%A9sentation-de-vos-mod%C3%A8les.jpg?fit=1160%2C1160&ssl=1","contentUrl":"https:\/\/i0.wp.com\/boutique2mode.com\/wp-content\/uploads\/2019\/07\/Couv-B2M-29-Sublimez-la-pr%C3%A9sentation-de-vos-mod%C3%A8les.jpg?fit=1160%2C1160&ssl=1","width":1160,"height":1160},{"@type":"BreadcrumbList","@id":"https:\/\/boutique2mode.com\/boutique\/b2m-29-sublimez-la-presentation-de-vos-modeles#breadcrumb","itemListElement":[{"@type":"ListItem","position":1,"name":"Accueil","item":"https:\/\/boutique2mode.com\/en"},{"@type":"ListItem","position":2,"name":"La boutique","item":"https:\/\/boutique2mode.com\/boutique"},{"@type":"ListItem","position":3,"name":"B2M 29 \u2013 Sublimez la pr\u00e9sentation de vos mod\u00e8les"}]},{"@type":"WebSite","@id":"https:\/\/boutique2mode.com\/#website","url":"https:\/\/boutique2mode.com\/","name":"Boutique2Mode","description":"Le magazine des professionnels de la mode","potentialAction":[{"@type":"SearchAction","target":{"@type":"EntryPoint","urlTemplate":"https:\/\/boutique2mode.com\/?s={search_term_string}"},"query-input":{"@type":"PropertyValueSpecification","valueRequired":true,"valueName":"search_term_string"}}],"inLanguage":"en-US"}]}},"jetpack_publicize_connections":[],"jetpack_sharing_enabled":true,"builder_content":"","_links":{"self":[{"href":"https:\/\/boutique2mode.com\/en\/wp-json\/wp\/v2\/product\/5277","targetHints":{"allow":["GET"]}}],"collection":[{"href":"https:\/\/boutique2mode.com\/en\/wp-json\/wp\/v2\/product"}],"about":[{"href":"https:\/\/boutique2mode.com\/en\/wp-json\/wp\/v2\/types\/product"}],"wp:featuredmedia":[{"embeddable":true,"href":"https:\/\/boutique2mode.com\/en\/wp-json\/wp\/v2\/media\/5278"}],"wp:attachment":[{"href":"https:\/\/boutique2mode.com\/en\/wp-json\/wp\/v2\/media?parent=5277"}],"wp:term":[{"taxonomy":"product_brand","embeddable":true,"href":"https:\/\/boutique2mode.com\/en\/wp-json\/wp\/v2\/product_brand?post=5277"},{"taxonomy":"product_cat","embeddable":true,"href":"https:\/\/boutique2mode.com\/en\/wp-json\/wp\/v2\/product_cat?post=5277"},{"taxonomy":"product_tag","embeddable":true,"href":"https:\/\/boutique2mode.com\/en\/wp-json\/wp\/v2\/product_tag?post=5277"}],"curies":[{"name":"wp","href":"https:\/\/api.w.org\/{rel}","templated":true}]}}