{"id":5297,"date":"2014-04-21T14:52:43","date_gmt":"2014-04-21T12:52:43","guid":{"rendered":"https:\/\/dev.boutique2mode.com\/?post_type=product&#038;p=5297"},"modified":"2019-07-30T03:11:45","modified_gmt":"2019-07-30T01:11:45","slug":"b2m-25-3-strategies-pour-retrouver-la-croissance","status":"publish","type":"product","link":"https:\/\/boutique2mode.com\/en\/boutique\/b2m-25-3-strategies-pour-retrouver-la-croissance","title":{"rendered":"B2M 25 \u2013 3 strat\u00e9gies pour retrouver la croissance"},"content":{"rendered":"<p><strong>Am\u00e9liorez votre r\u00e9f\u00e9rencement sur le web.<\/strong><br \/>\n\u00c9l\u00e9ment clef de la strat\u00e9gie des sites vitrines ou marchands, le r\u00e9f\u00e9rencement naturel \u00e9volue au rythme des moteurs de recherche, Google en t\u00eate. Explication sur le pourquoi du comment du r\u00e9f\u00e9rencement.<\/p>\n<p><strong>Nantes reportage au coeur de la cit\u00e9<\/strong><br \/>\nDesservi par un r\u00e9seau dense de transports en communs et fort de ses atouts historiques, l\u2019hyper-centre nantais harmonieusement pi\u00e9tonnis\u00e9 ne manque pas de charme. Les commer\u00e7ants, \u00e9prouv\u00e9s par les travaux, esp\u00e8rent tourisme et l\u00e8che vitrines.<br \/>\nBienvenue dans les boutiques Nantaises<\/p>\n<p><a id=\"sommaire\"><\/a><strong>D\u00e9couvrez le sommaire complet :<br \/>\n<\/strong><\/p>\n<p><img data-recalc-dims=\"1\" loading=\"lazy\" decoding=\"async\" class=\"aligncenter wp-image-5300 size-full\" title=\"L\u2019avenir des m\u00e9tiers du pass\u00e9\" src=\"https:\/\/i0.wp.com\/dev.boutique2mode.com\/wp-content\/uploads\/2019\/07\/sommaire-B2M-25.jpg?resize=1165%2C1576&#038;ssl=1\" alt=\"\" width=\"1165\" height=\"1576\" srcset=\"https:\/\/i0.wp.com\/boutique2mode.com\/wp-content\/uploads\/2019\/07\/sommaire-B2M-25.jpg?w=2412&amp;ssl=1 2412w, https:\/\/i0.wp.com\/boutique2mode.com\/wp-content\/uploads\/2019\/07\/sommaire-B2M-25.jpg?resize=222%2C300&amp;ssl=1 222w, https:\/\/i0.wp.com\/boutique2mode.com\/wp-content\/uploads\/2019\/07\/sommaire-B2M-25.jpg?resize=768%2C1039&amp;ssl=1 768w, https:\/\/i0.wp.com\/boutique2mode.com\/wp-content\/uploads\/2019\/07\/sommaire-B2M-25.jpg?resize=757%2C1024&amp;ssl=1 757w, https:\/\/i0.wp.com\/boutique2mode.com\/wp-content\/uploads\/2019\/07\/sommaire-B2M-25.jpg?resize=600%2C811&amp;ssl=1 600w, https:\/\/i0.wp.com\/boutique2mode.com\/wp-content\/uploads\/2019\/07\/sommaire-B2M-25.jpg?w=2330&amp;ssl=1 2330w\" sizes=\"auto, (max-width: 1165px) 100vw, 1165px\" \/><\/p>\n<!--themify_builder_content-->\n<div id=\"themify_builder_content-5297\" data-postid=\"5297\" class=\"themify_builder_content themify_builder_content-5297 themify_builder tf_clear\">\n    <\/div>\n<!--\/themify_builder_content-->\n","protected":false},"excerpt":{"rendered":"<p><strong>Interview exclusive de Sylvia Pinel<\/strong><br \/>\nAvant de prendre la direction du minist\u00e8re du logement, Sylvia Pinel nous a accord\u00e9 une derni\u00e8re interview sur ce qui restera comme la mesure phare de son passage au minist\u00e8re du commerce : la nouvelle loi sur l\u2019artisanat, le commerce et les TPE, supprimant notamment les soldes flottants.<br \/>\n<span style=\"text-decoration: underline; color: #902a7d;\"><a style=\"color: #902a7d;\" href=\"#tab-description\">D\u00e9couvrir tous les sujets<\/a><\/span><\/p>\n<p><span style=\"color: #000000;\"><a href=\"#sommaire\"><img loading=\"lazy\" decoding=\"async\" class=\"alignleft wp-image-4930\" src=\"https:\/\/boutique2mode.com\/wp-content\/uploads\/2019\/07\/sommaire-magazine-2-244x300.jpg\" alt=\"sommaire du magazine\" width=\"58\" height=\"71\" srcset=\"https:\/\/i0.wp.com\/boutique2mode.com\/wp-content\/uploads\/2019\/07\/sommaire-magazine-2.jpg?resize=244%2C300&amp;ssl=1 244w, https:\/\/i0.wp.com\/boutique2mode.com\/wp-content\/uploads\/2019\/07\/sommaire-magazine-2.jpg?w=487&amp;ssl=1 487w\" sizes=\"auto, (max-width: 58px) 100vw, 58px\" \/><\/a><\/span><a href=\"#sommaire\" class=\"shortcode button  small  \" style=\"color: #902a7d;\">Consulter le sommaire<\/a><\/p>\n","protected":false},"featured_media":5298,"template":"","meta":{"_monsterinsights_skip_tracking":false,"_monsterinsights_sitenote_active":false,"_monsterinsights_sitenote_note":"","_monsterinsights_sitenote_category":0,"jetpack_post_was_ever_published":false,"jetpack_publicize_message":"","jetpack_publicize_feature_enabled":true,"jetpack_social_post_already_shared":true,"jetpack_social_options":{"image_generator_settings":{"template":"highway","default_image_id":0,"font":"","enabled":false},"version":2}},"product_brand":[],"product_cat":[51],"product_tag":[],"class_list":{"0":"post-5297","1":"product","2":"type-product","3":"status-publish","4":"has-post-thumbnail","6":"product_cat-vente-au-numero","7":"has-post-title","8":"has-post-date","9":"has-post-category","10":"has-post-tag","11":"has-post-comment","12":"has-post-author","13":"","15":"first","16":"instock","17":"shipping-taxable","18":"purchasable","19":"product-type-simple"},"yoast_head":"<!-- This site is optimized with the Yoast SEO plugin v27.4 - https:\/\/yoast.com\/product\/yoast-seo-wordpress\/ -->\n<title>B2M 25 \u2013 3 strat\u00e9gies pour retrouver la croissance - Boutique2Mode<\/title>\n<meta name=\"robots\" content=\"index, follow, max-snippet:-1, max-image-preview:large, max-video-preview:-1\" \/>\n<link rel=\"canonical\" href=\"https:\/\/boutique2mode.com\/boutique\/b2m-25-3-strategies-pour-retrouver-la-croissance\" \/>\n<meta property=\"og:locale\" content=\"en_US\" \/>\n<meta property=\"og:type\" content=\"article\" \/>\n<meta property=\"og:title\" content=\"B2M 25 \u2013 3 strat\u00e9gies pour retrouver la croissance - Boutique2Mode\" \/>\n<meta property=\"og:description\" content=\"Interview exclusive de Sylvia Pinel Avant de prendre la direction du minist\u00e8re du logement, Sylvia Pinel nous a accord\u00e9 une derni\u00e8re interview sur ce qui restera comme la mesure phare de son passage au minist\u00e8re du commerce : la nouvelle loi sur l\u2019artisanat, le commerce et les TPE, supprimant notamment les soldes flottants. D\u00e9couvrir tous les sujets\" \/>\n<meta property=\"og:url\" content=\"https:\/\/boutique2mode.com\/boutique\/b2m-25-3-strategies-pour-retrouver-la-croissance\" \/>\n<meta property=\"og:site_name\" content=\"Boutique2Mode\" \/>\n<meta property=\"article:modified_time\" content=\"2019-07-30T01:11:45+00:00\" \/>\n<meta property=\"og:image\" content=\"https:\/\/i0.wp.com\/boutique2mode.com\/wp-content\/uploads\/2019\/07\/Couv-B2M-25-\u2013-3-strat\u00e9gies-pour-retrouver-la-croissance.jpg?fit=1142%2C1142&ssl=1\" \/>\n\t<meta property=\"og:image:width\" content=\"1142\" \/>\n\t<meta property=\"og:image:height\" content=\"1142\" \/>\n\t<meta property=\"og:image:type\" content=\"image\/jpeg\" \/>\n<meta name=\"twitter:card\" content=\"summary_large_image\" \/>\n<meta name=\"twitter:label1\" content=\"Est. reading time\" \/>\n\t<meta name=\"twitter:data1\" content=\"1 minute\" \/>\n<script type=\"application\/ld+json\" class=\"yoast-schema-graph\">{\"@context\":\"https:\\\/\\\/schema.org\",\"@graph\":[{\"@type\":\"WebPage\",\"@id\":\"https:\\\/\\\/boutique2mode.com\\\/boutique\\\/b2m-25-3-strategies-pour-retrouver-la-croissance\",\"url\":\"https:\\\/\\\/boutique2mode.com\\\/boutique\\\/b2m-25-3-strategies-pour-retrouver-la-croissance\",\"name\":\"B2M 25 \u2013 3 strat\u00e9gies pour retrouver la croissance - Boutique2Mode\",\"isPartOf\":{\"@id\":\"https:\\\/\\\/boutique2mode.com\\\/#website\"},\"primaryImageOfPage\":{\"@id\":\"https:\\\/\\\/boutique2mode.com\\\/boutique\\\/b2m-25-3-strategies-pour-retrouver-la-croissance#primaryimage\"},\"image\":{\"@id\":\"https:\\\/\\\/boutique2mode.com\\\/boutique\\\/b2m-25-3-strategies-pour-retrouver-la-croissance#primaryimage\"},\"thumbnailUrl\":\"https:\\\/\\\/i0.wp.com\\\/boutique2mode.com\\\/wp-content\\\/uploads\\\/2019\\\/07\\\/Couv-B2M-25-%E2%80%93-3-strat%C3%A9gies-pour-retrouver-la-croissance.jpg?fit=1142%2C1142&ssl=1\",\"datePublished\":\"2014-04-21T12:52:43+00:00\",\"dateModified\":\"2019-07-30T01:11:45+00:00\",\"breadcrumb\":{\"@id\":\"https:\\\/\\\/boutique2mode.com\\\/boutique\\\/b2m-25-3-strategies-pour-retrouver-la-croissance#breadcrumb\"},\"inLanguage\":\"en-US\",\"potentialAction\":[{\"@type\":\"ReadAction\",\"target\":[\"https:\\\/\\\/boutique2mode.com\\\/boutique\\\/b2m-25-3-strategies-pour-retrouver-la-croissance\"]}]},{\"@type\":\"ImageObject\",\"inLanguage\":\"en-US\",\"@id\":\"https:\\\/\\\/boutique2mode.com\\\/boutique\\\/b2m-25-3-strategies-pour-retrouver-la-croissance#primaryimage\",\"url\":\"https:\\\/\\\/i0.wp.com\\\/boutique2mode.com\\\/wp-content\\\/uploads\\\/2019\\\/07\\\/Couv-B2M-25-%E2%80%93-3-strat%C3%A9gies-pour-retrouver-la-croissance.jpg?fit=1142%2C1142&ssl=1\",\"contentUrl\":\"https:\\\/\\\/i0.wp.com\\\/boutique2mode.com\\\/wp-content\\\/uploads\\\/2019\\\/07\\\/Couv-B2M-25-%E2%80%93-3-strat%C3%A9gies-pour-retrouver-la-croissance.jpg?fit=1142%2C1142&ssl=1\",\"width\":1142,\"height\":1142},{\"@type\":\"BreadcrumbList\",\"@id\":\"https:\\\/\\\/boutique2mode.com\\\/boutique\\\/b2m-25-3-strategies-pour-retrouver-la-croissance#breadcrumb\",\"itemListElement\":[{\"@type\":\"ListItem\",\"position\":1,\"name\":\"Accueil\",\"item\":\"https:\\\/\\\/boutique2mode.com\\\/en\"},{\"@type\":\"ListItem\",\"position\":2,\"name\":\"La boutique\",\"item\":\"https:\\\/\\\/boutique2mode.com\\\/boutique\"},{\"@type\":\"ListItem\",\"position\":3,\"name\":\"B2M 25 \u2013 3 strat\u00e9gies pour retrouver la croissance\"}]},{\"@type\":\"WebSite\",\"@id\":\"https:\\\/\\\/boutique2mode.com\\\/#website\",\"url\":\"https:\\\/\\\/boutique2mode.com\\\/\",\"name\":\"Boutique2Mode\",\"description\":\"Le magazine des professionnels de la mode\",\"potentialAction\":[{\"@type\":\"SearchAction\",\"target\":{\"@type\":\"EntryPoint\",\"urlTemplate\":\"https:\\\/\\\/boutique2mode.com\\\/?s={search_term_string}\"},\"query-input\":{\"@type\":\"PropertyValueSpecification\",\"valueRequired\":true,\"valueName\":\"search_term_string\"}}],\"inLanguage\":\"en-US\"}]}<\/script>\n<!-- \/ Yoast SEO plugin. -->","yoast_head_json":{"title":"B2M 25 \u2013 3 strat\u00e9gies pour retrouver la croissance - Boutique2Mode","robots":{"index":"index","follow":"follow","max-snippet":"max-snippet:-1","max-image-preview":"max-image-preview:large","max-video-preview":"max-video-preview:-1"},"canonical":"https:\/\/boutique2mode.com\/boutique\/b2m-25-3-strategies-pour-retrouver-la-croissance","og_locale":"en_US","og_type":"article","og_title":"B2M 25 \u2013 3 strat\u00e9gies pour retrouver la croissance - Boutique2Mode","og_description":"Interview exclusive de Sylvia Pinel Avant de prendre la direction du minist\u00e8re du logement, Sylvia Pinel nous a accord\u00e9 une derni\u00e8re interview sur ce qui restera comme la mesure phare de son passage au minist\u00e8re du commerce : la nouvelle loi sur l\u2019artisanat, le commerce et les TPE, supprimant notamment les soldes flottants. D\u00e9couvrir tous les sujets","og_url":"https:\/\/boutique2mode.com\/boutique\/b2m-25-3-strategies-pour-retrouver-la-croissance","og_site_name":"Boutique2Mode","article_modified_time":"2019-07-30T01:11:45+00:00","og_image":[{"width":1142,"height":1142,"url":"https:\/\/i0.wp.com\/boutique2mode.com\/wp-content\/uploads\/2019\/07\/Couv-B2M-25-\u2013-3-strat\u00e9gies-pour-retrouver-la-croissance.jpg?fit=1142%2C1142&ssl=1","type":"image\/jpeg"}],"twitter_card":"summary_large_image","twitter_misc":{"Est. reading time":"1 minute"},"schema":{"@context":"https:\/\/schema.org","@graph":[{"@type":"WebPage","@id":"https:\/\/boutique2mode.com\/boutique\/b2m-25-3-strategies-pour-retrouver-la-croissance","url":"https:\/\/boutique2mode.com\/boutique\/b2m-25-3-strategies-pour-retrouver-la-croissance","name":"B2M 25 \u2013 3 strat\u00e9gies pour retrouver la croissance - Boutique2Mode","isPartOf":{"@id":"https:\/\/boutique2mode.com\/#website"},"primaryImageOfPage":{"@id":"https:\/\/boutique2mode.com\/boutique\/b2m-25-3-strategies-pour-retrouver-la-croissance#primaryimage"},"image":{"@id":"https:\/\/boutique2mode.com\/boutique\/b2m-25-3-strategies-pour-retrouver-la-croissance#primaryimage"},"thumbnailUrl":"https:\/\/i0.wp.com\/boutique2mode.com\/wp-content\/uploads\/2019\/07\/Couv-B2M-25-%E2%80%93-3-strat%C3%A9gies-pour-retrouver-la-croissance.jpg?fit=1142%2C1142&ssl=1","datePublished":"2014-04-21T12:52:43+00:00","dateModified":"2019-07-30T01:11:45+00:00","breadcrumb":{"@id":"https:\/\/boutique2mode.com\/boutique\/b2m-25-3-strategies-pour-retrouver-la-croissance#breadcrumb"},"inLanguage":"en-US","potentialAction":[{"@type":"ReadAction","target":["https:\/\/boutique2mode.com\/boutique\/b2m-25-3-strategies-pour-retrouver-la-croissance"]}]},{"@type":"ImageObject","inLanguage":"en-US","@id":"https:\/\/boutique2mode.com\/boutique\/b2m-25-3-strategies-pour-retrouver-la-croissance#primaryimage","url":"https:\/\/i0.wp.com\/boutique2mode.com\/wp-content\/uploads\/2019\/07\/Couv-B2M-25-%E2%80%93-3-strat%C3%A9gies-pour-retrouver-la-croissance.jpg?fit=1142%2C1142&ssl=1","contentUrl":"https:\/\/i0.wp.com\/boutique2mode.com\/wp-content\/uploads\/2019\/07\/Couv-B2M-25-%E2%80%93-3-strat%C3%A9gies-pour-retrouver-la-croissance.jpg?fit=1142%2C1142&ssl=1","width":1142,"height":1142},{"@type":"BreadcrumbList","@id":"https:\/\/boutique2mode.com\/boutique\/b2m-25-3-strategies-pour-retrouver-la-croissance#breadcrumb","itemListElement":[{"@type":"ListItem","position":1,"name":"Accueil","item":"https:\/\/boutique2mode.com\/en"},{"@type":"ListItem","position":2,"name":"La boutique","item":"https:\/\/boutique2mode.com\/boutique"},{"@type":"ListItem","position":3,"name":"B2M 25 \u2013 3 strat\u00e9gies pour retrouver la croissance"}]},{"@type":"WebSite","@id":"https:\/\/boutique2mode.com\/#website","url":"https:\/\/boutique2mode.com\/","name":"Boutique2Mode","description":"Le magazine des professionnels de la mode","potentialAction":[{"@type":"SearchAction","target":{"@type":"EntryPoint","urlTemplate":"https:\/\/boutique2mode.com\/?s={search_term_string}"},"query-input":{"@type":"PropertyValueSpecification","valueRequired":true,"valueName":"search_term_string"}}],"inLanguage":"en-US"}]}},"jetpack_publicize_connections":[],"jetpack_sharing_enabled":true,"builder_content":"","_links":{"self":[{"href":"https:\/\/boutique2mode.com\/en\/wp-json\/wp\/v2\/product\/5297","targetHints":{"allow":["GET"]}}],"collection":[{"href":"https:\/\/boutique2mode.com\/en\/wp-json\/wp\/v2\/product"}],"about":[{"href":"https:\/\/boutique2mode.com\/en\/wp-json\/wp\/v2\/types\/product"}],"wp:featuredmedia":[{"embeddable":true,"href":"https:\/\/boutique2mode.com\/en\/wp-json\/wp\/v2\/media\/5298"}],"wp:attachment":[{"href":"https:\/\/boutique2mode.com\/en\/wp-json\/wp\/v2\/media?parent=5297"}],"wp:term":[{"taxonomy":"product_brand","embeddable":true,"href":"https:\/\/boutique2mode.com\/en\/wp-json\/wp\/v2\/product_brand?post=5297"},{"taxonomy":"product_cat","embeddable":true,"href":"https:\/\/boutique2mode.com\/en\/wp-json\/wp\/v2\/product_cat?post=5297"},{"taxonomy":"product_tag","embeddable":true,"href":"https:\/\/boutique2mode.com\/en\/wp-json\/wp\/v2\/product_tag?post=5297"}],"curies":[{"name":"wp","href":"https:\/\/api.w.org\/{rel}","templated":true}]}}