{"id":5309,"date":"2013-07-21T15:09:23","date_gmt":"2013-07-21T13:09:23","guid":{"rendered":"https:\/\/dev.boutique2mode.com\/?post_type=product&#038;p=5309"},"modified":"2019-07-30T03:12:35","modified_gmt":"2019-07-30T01:12:35","slug":"b2m-23-special-cannes-palmes-du-luxe-sur-la-croisette","status":"publish","type":"product","link":"https:\/\/boutique2mode.com\/en\/boutique\/b2m-23-special-cannes-palmes-du-luxe-sur-la-croisette","title":{"rendered":"B2M 23 \u2013 SP\u00c9CIAL CANNES, Palmes du Luxe sur La Croisette"},"content":{"rendered":"<p><strong>Comment bien vendre ses nouvelles collections ?<\/strong><br \/>\nMettre en valeur sa nouvelle collection pour mieux la vendre : si le merchandising est l\u2019une des bases du m\u00e9tier, il n\u2019en reste pas moins que le savoir-\u00eatre est un atout primordial pour ne pas recourir aux rabais. Enqu\u00eate sur les m\u00e9thodes des d\u00e9taillants et acheteurs professionnels.<\/p>\n<p><strong>Ouvrir une deuxi\u00e8me boutique<\/strong><br \/>\nOuvrir une deuxi\u00e8me boutique est le symbole d\u2019une r\u00e9ussite, l\u2019occasion de donner une nouvelle impulsion \u00e0 sa carri\u00e8re. La crise ne doit pas freiner ceux qui veulent se lancer, mais une bonne pr\u00e9paration s\u2019impose car de une \u00e0 deux boutiques, il y a un monde : investissement personnel, financier, pr\u00e9paration des l\u2019\u00e9quipe, choix du format, du moment&#8230; D\u00e9couvrez dans ce num\u00e9ro les retours d&#8217;exp\u00e9rience et les conseils des professionnels.<\/p>\n<p><a id=\"sommaire\"><\/a><strong>D\u00e9couvrez le sommaire complet :<br \/>\n<\/strong><\/p>\n<p><img data-recalc-dims=\"1\" loading=\"lazy\" decoding=\"async\" class=\"aligncenter wp-image-5312 size-full\" title=\"L\u2019avenir des m\u00e9tiers du pass\u00e9\" src=\"https:\/\/i0.wp.com\/dev.boutique2mode.com\/wp-content\/uploads\/2019\/07\/Sommaire-B2M-23.jpg?resize=1165%2C1247&#038;ssl=1\" alt=\"\" width=\"1165\" height=\"1247\" srcset=\"https:\/\/i0.wp.com\/boutique2mode.com\/wp-content\/uploads\/2019\/07\/Sommaire-B2M-23.jpg?w=2470&amp;ssl=1 2470w, https:\/\/i0.wp.com\/boutique2mode.com\/wp-content\/uploads\/2019\/07\/Sommaire-B2M-23.jpg?resize=280%2C300&amp;ssl=1 280w, https:\/\/i0.wp.com\/boutique2mode.com\/wp-content\/uploads\/2019\/07\/Sommaire-B2M-23.jpg?resize=768%2C822&amp;ssl=1 768w, https:\/\/i0.wp.com\/boutique2mode.com\/wp-content\/uploads\/2019\/07\/Sommaire-B2M-23.jpg?resize=957%2C1024&amp;ssl=1 957w, https:\/\/i0.wp.com\/boutique2mode.com\/wp-content\/uploads\/2019\/07\/Sommaire-B2M-23.jpg?resize=600%2C642&amp;ssl=1 600w, https:\/\/i0.wp.com\/boutique2mode.com\/wp-content\/uploads\/2019\/07\/Sommaire-B2M-23.jpg?w=2330&amp;ssl=1 2330w\" sizes=\"auto, (max-width: 1165px) 100vw, 1165px\" \/><\/p>\n<!--themify_builder_content-->\n<div id=\"themify_builder_content-5309\" data-postid=\"5309\" class=\"themify_builder_content themify_builder_content-5309 themify_builder tf_clear\">\n    <\/div>\n<!--\/themify_builder_content-->\n","protected":false},"excerpt":{"rendered":"<p><strong>Cannes, Le Festival de vitrines !<\/strong><br \/>\nCit\u00e9 historique du tourisme de la C\u00f4te d\u2019Azur depuis l\u2019implantation de palaces au d\u00e9but du 20\u00e8 si\u00e8cle, Cannes s\u2019est tr\u00e8s vite impos\u00e9e en incontournable du shopping. Des commerces situ\u00e9s alors rue d&#8217;Antibes, avant de se d\u00e9ployer \u00e9galement sur La Croisette, jusqu&#8217;\u00e0 repr\u00e9senter la plus grande concentration de boutiques de luxe au monde !<br \/>\nT\u00e9moignages de commer\u00e7ants historiques et (re)d\u00e9couverte des marques de mode embl\u00e9matiques, montez quelques marches et laissez vous guider en baie de Cannes, avec notre reportage exclusif.<br \/>\n<span style=\"text-decoration: underline; color: #902a7d;\"><a style=\"color: #902a7d;\" href=\"#tab-description\">D\u00e9couvrir tous les sujets<\/a><\/span><\/p>\n<p><span style=\"color: #000000;\"><a href=\"#sommaire\"><img loading=\"lazy\" decoding=\"async\" class=\"alignnone wp-image-4930\" src=\"https:\/\/boutique2mode.com\/wp-content\/uploads\/2019\/07\/sommaire-magazine-2-244x300.jpg\" alt=\"sommaire du magazine\" width=\"58\" height=\"71\" srcset=\"https:\/\/i0.wp.com\/boutique2mode.com\/wp-content\/uploads\/2019\/07\/sommaire-magazine-2.jpg?resize=244%2C300&amp;ssl=1 244w, https:\/\/i0.wp.com\/boutique2mode.com\/wp-content\/uploads\/2019\/07\/sommaire-magazine-2.jpg?w=487&amp;ssl=1 487w\" sizes=\"auto, (max-width: 58px) 100vw, 58px\" \/><\/a><\/span><a href=\"#sommaire\" class=\"shortcode button  small  \" style=\"color: #902a7d;\">Consulter le sommaire<\/a><\/p>\n","protected":false},"featured_media":5310,"template":"","meta":{"_monsterinsights_skip_tracking":false,"_monsterinsights_sitenote_active":false,"_monsterinsights_sitenote_note":"","_monsterinsights_sitenote_category":0,"jetpack_post_was_ever_published":false,"jetpack_publicize_message":"","jetpack_publicize_feature_enabled":true,"jetpack_social_post_already_shared":true,"jetpack_social_options":{"image_generator_settings":{"template":"highway","default_image_id":0,"font":"","enabled":false},"version":2}},"product_brand":[],"product_cat":[51],"product_tag":[],"class_list":{"0":"post-5309","1":"product","2":"type-product","3":"status-publish","4":"has-post-thumbnail","6":"product_cat-vente-au-numero","7":"has-post-title","8":"has-post-date","9":"has-post-category","10":"has-post-tag","11":"has-post-comment","12":"has-post-author","13":"","15":"first","16":"instock","17":"shipping-taxable","18":"purchasable","19":"product-type-simple"},"yoast_head":"<!-- This site is optimized with the Yoast SEO plugin v27.4 - https:\/\/yoast.com\/product\/yoast-seo-wordpress\/ -->\n<title>B2M 23 \u2013 SP\u00c9CIAL CANNES, Palmes du Luxe sur La Croisette - Boutique2Mode<\/title>\n<meta name=\"robots\" content=\"index, follow, max-snippet:-1, max-image-preview:large, max-video-preview:-1\" \/>\n<link rel=\"canonical\" href=\"https:\/\/boutique2mode.com\/boutique\/b2m-23-special-cannes-palmes-du-luxe-sur-la-croisette\" \/>\n<meta property=\"og:locale\" content=\"en_US\" \/>\n<meta property=\"og:type\" content=\"article\" \/>\n<meta property=\"og:title\" content=\"B2M 23 \u2013 SP\u00c9CIAL CANNES, Palmes du Luxe sur La Croisette - Boutique2Mode\" \/>\n<meta property=\"og:description\" content=\"Cannes, Le Festival de vitrines ! Cit\u00e9 historique du tourisme de la C\u00f4te d\u2019Azur depuis l\u2019implantation de palaces au d\u00e9but du 20\u00e8 si\u00e8cle, Cannes s\u2019est tr\u00e8s vite impos\u00e9e en incontournable du shopping. Des commerces situ\u00e9s alors rue d&#039;Antibes, avant de se d\u00e9ployer \u00e9galement sur La Croisette, jusqu&#039;\u00e0 repr\u00e9senter la plus grande concentration de boutiques de luxe au monde ! T\u00e9moignages de commer\u00e7ants historiques et (re)d\u00e9couverte des marques de mode embl\u00e9matiques, montez quelques marches et laissez vous guider en baie de Cannes, avec notre reportage exclusif. D\u00e9couvrir tous les sujets\" \/>\n<meta property=\"og:url\" content=\"https:\/\/boutique2mode.com\/boutique\/b2m-23-special-cannes-palmes-du-luxe-sur-la-croisette\" \/>\n<meta property=\"og:site_name\" content=\"Boutique2Mode\" \/>\n<meta property=\"article:modified_time\" content=\"2019-07-30T01:12:35+00:00\" \/>\n<meta property=\"og:image\" content=\"https:\/\/i0.wp.com\/boutique2mode.com\/wp-content\/uploads\/2019\/07\/Couv-B2M-23-SP\u00c9CIAL-CANNES-Palmes-du-Luxe-sur-La-Croisette.jpg?fit=1063%2C1063&ssl=1\" \/>\n\t<meta property=\"og:image:width\" content=\"1063\" \/>\n\t<meta property=\"og:image:height\" content=\"1063\" \/>\n\t<meta property=\"og:image:type\" content=\"image\/jpeg\" \/>\n<meta name=\"twitter:card\" content=\"summary_large_image\" \/>\n<meta name=\"twitter:label1\" content=\"Est. reading time\" \/>\n\t<meta name=\"twitter:data1\" content=\"1 minute\" \/>\n<script type=\"application\/ld+json\" class=\"yoast-schema-graph\">{\"@context\":\"https:\\\/\\\/schema.org\",\"@graph\":[{\"@type\":\"WebPage\",\"@id\":\"https:\\\/\\\/boutique2mode.com\\\/boutique\\\/b2m-23-special-cannes-palmes-du-luxe-sur-la-croisette\",\"url\":\"https:\\\/\\\/boutique2mode.com\\\/boutique\\\/b2m-23-special-cannes-palmes-du-luxe-sur-la-croisette\",\"name\":\"B2M 23 \u2013 SP\u00c9CIAL CANNES, Palmes du Luxe sur La Croisette - Boutique2Mode\",\"isPartOf\":{\"@id\":\"https:\\\/\\\/boutique2mode.com\\\/#website\"},\"primaryImageOfPage\":{\"@id\":\"https:\\\/\\\/boutique2mode.com\\\/boutique\\\/b2m-23-special-cannes-palmes-du-luxe-sur-la-croisette#primaryimage\"},\"image\":{\"@id\":\"https:\\\/\\\/boutique2mode.com\\\/boutique\\\/b2m-23-special-cannes-palmes-du-luxe-sur-la-croisette#primaryimage\"},\"thumbnailUrl\":\"https:\\\/\\\/i0.wp.com\\\/boutique2mode.com\\\/wp-content\\\/uploads\\\/2019\\\/07\\\/Couv-B2M-23-SP%C3%89CIAL-CANNES-Palmes-du-Luxe-sur-La-Croisette.jpg?fit=1063%2C1063&ssl=1\",\"datePublished\":\"2013-07-21T13:09:23+00:00\",\"dateModified\":\"2019-07-30T01:12:35+00:00\",\"breadcrumb\":{\"@id\":\"https:\\\/\\\/boutique2mode.com\\\/boutique\\\/b2m-23-special-cannes-palmes-du-luxe-sur-la-croisette#breadcrumb\"},\"inLanguage\":\"en-US\",\"potentialAction\":[{\"@type\":\"ReadAction\",\"target\":[\"https:\\\/\\\/boutique2mode.com\\\/boutique\\\/b2m-23-special-cannes-palmes-du-luxe-sur-la-croisette\"]}]},{\"@type\":\"ImageObject\",\"inLanguage\":\"en-US\",\"@id\":\"https:\\\/\\\/boutique2mode.com\\\/boutique\\\/b2m-23-special-cannes-palmes-du-luxe-sur-la-croisette#primaryimage\",\"url\":\"https:\\\/\\\/i0.wp.com\\\/boutique2mode.com\\\/wp-content\\\/uploads\\\/2019\\\/07\\\/Couv-B2M-23-SP%C3%89CIAL-CANNES-Palmes-du-Luxe-sur-La-Croisette.jpg?fit=1063%2C1063&ssl=1\",\"contentUrl\":\"https:\\\/\\\/i0.wp.com\\\/boutique2mode.com\\\/wp-content\\\/uploads\\\/2019\\\/07\\\/Couv-B2M-23-SP%C3%89CIAL-CANNES-Palmes-du-Luxe-sur-La-Croisette.jpg?fit=1063%2C1063&ssl=1\",\"width\":1063,\"height\":1063},{\"@type\":\"BreadcrumbList\",\"@id\":\"https:\\\/\\\/boutique2mode.com\\\/boutique\\\/b2m-23-special-cannes-palmes-du-luxe-sur-la-croisette#breadcrumb\",\"itemListElement\":[{\"@type\":\"ListItem\",\"position\":1,\"name\":\"Accueil\",\"item\":\"https:\\\/\\\/boutique2mode.com\\\/en\"},{\"@type\":\"ListItem\",\"position\":2,\"name\":\"La boutique\",\"item\":\"https:\\\/\\\/boutique2mode.com\\\/boutique\"},{\"@type\":\"ListItem\",\"position\":3,\"name\":\"B2M 23 \u2013 SP\u00c9CIAL CANNES, Palmes du Luxe sur La Croisette\"}]},{\"@type\":\"WebSite\",\"@id\":\"https:\\\/\\\/boutique2mode.com\\\/#website\",\"url\":\"https:\\\/\\\/boutique2mode.com\\\/\",\"name\":\"Boutique2Mode\",\"description\":\"Le magazine des professionnels de la mode\",\"potentialAction\":[{\"@type\":\"SearchAction\",\"target\":{\"@type\":\"EntryPoint\",\"urlTemplate\":\"https:\\\/\\\/boutique2mode.com\\\/?s={search_term_string}\"},\"query-input\":{\"@type\":\"PropertyValueSpecification\",\"valueRequired\":true,\"valueName\":\"search_term_string\"}}],\"inLanguage\":\"en-US\"}]}<\/script>\n<!-- \/ Yoast SEO plugin. -->","yoast_head_json":{"title":"B2M 23 \u2013 SP\u00c9CIAL CANNES, Palmes du Luxe sur La Croisette - Boutique2Mode","robots":{"index":"index","follow":"follow","max-snippet":"max-snippet:-1","max-image-preview":"max-image-preview:large","max-video-preview":"max-video-preview:-1"},"canonical":"https:\/\/boutique2mode.com\/boutique\/b2m-23-special-cannes-palmes-du-luxe-sur-la-croisette","og_locale":"en_US","og_type":"article","og_title":"B2M 23 \u2013 SP\u00c9CIAL CANNES, Palmes du Luxe sur La Croisette - Boutique2Mode","og_description":"Cannes, Le Festival de vitrines ! Cit\u00e9 historique du tourisme de la C\u00f4te d\u2019Azur depuis l\u2019implantation de palaces au d\u00e9but du 20\u00e8 si\u00e8cle, Cannes s\u2019est tr\u00e8s vite impos\u00e9e en incontournable du shopping. Des commerces situ\u00e9s alors rue d'Antibes, avant de se d\u00e9ployer \u00e9galement sur La Croisette, jusqu'\u00e0 repr\u00e9senter la plus grande concentration de boutiques de luxe au monde ! T\u00e9moignages de commer\u00e7ants historiques et (re)d\u00e9couverte des marques de mode embl\u00e9matiques, montez quelques marches et laissez vous guider en baie de Cannes, avec notre reportage exclusif. D\u00e9couvrir tous les sujets","og_url":"https:\/\/boutique2mode.com\/boutique\/b2m-23-special-cannes-palmes-du-luxe-sur-la-croisette","og_site_name":"Boutique2Mode","article_modified_time":"2019-07-30T01:12:35+00:00","og_image":[{"width":1063,"height":1063,"url":"https:\/\/i0.wp.com\/boutique2mode.com\/wp-content\/uploads\/2019\/07\/Couv-B2M-23-SP\u00c9CIAL-CANNES-Palmes-du-Luxe-sur-La-Croisette.jpg?fit=1063%2C1063&ssl=1","type":"image\/jpeg"}],"twitter_card":"summary_large_image","twitter_misc":{"Est. reading time":"1 minute"},"schema":{"@context":"https:\/\/schema.org","@graph":[{"@type":"WebPage","@id":"https:\/\/boutique2mode.com\/boutique\/b2m-23-special-cannes-palmes-du-luxe-sur-la-croisette","url":"https:\/\/boutique2mode.com\/boutique\/b2m-23-special-cannes-palmes-du-luxe-sur-la-croisette","name":"B2M 23 \u2013 SP\u00c9CIAL CANNES, Palmes du Luxe sur La Croisette - Boutique2Mode","isPartOf":{"@id":"https:\/\/boutique2mode.com\/#website"},"primaryImageOfPage":{"@id":"https:\/\/boutique2mode.com\/boutique\/b2m-23-special-cannes-palmes-du-luxe-sur-la-croisette#primaryimage"},"image":{"@id":"https:\/\/boutique2mode.com\/boutique\/b2m-23-special-cannes-palmes-du-luxe-sur-la-croisette#primaryimage"},"thumbnailUrl":"https:\/\/i0.wp.com\/boutique2mode.com\/wp-content\/uploads\/2019\/07\/Couv-B2M-23-SP%C3%89CIAL-CANNES-Palmes-du-Luxe-sur-La-Croisette.jpg?fit=1063%2C1063&ssl=1","datePublished":"2013-07-21T13:09:23+00:00","dateModified":"2019-07-30T01:12:35+00:00","breadcrumb":{"@id":"https:\/\/boutique2mode.com\/boutique\/b2m-23-special-cannes-palmes-du-luxe-sur-la-croisette#breadcrumb"},"inLanguage":"en-US","potentialAction":[{"@type":"ReadAction","target":["https:\/\/boutique2mode.com\/boutique\/b2m-23-special-cannes-palmes-du-luxe-sur-la-croisette"]}]},{"@type":"ImageObject","inLanguage":"en-US","@id":"https:\/\/boutique2mode.com\/boutique\/b2m-23-special-cannes-palmes-du-luxe-sur-la-croisette#primaryimage","url":"https:\/\/i0.wp.com\/boutique2mode.com\/wp-content\/uploads\/2019\/07\/Couv-B2M-23-SP%C3%89CIAL-CANNES-Palmes-du-Luxe-sur-La-Croisette.jpg?fit=1063%2C1063&ssl=1","contentUrl":"https:\/\/i0.wp.com\/boutique2mode.com\/wp-content\/uploads\/2019\/07\/Couv-B2M-23-SP%C3%89CIAL-CANNES-Palmes-du-Luxe-sur-La-Croisette.jpg?fit=1063%2C1063&ssl=1","width":1063,"height":1063},{"@type":"BreadcrumbList","@id":"https:\/\/boutique2mode.com\/boutique\/b2m-23-special-cannes-palmes-du-luxe-sur-la-croisette#breadcrumb","itemListElement":[{"@type":"ListItem","position":1,"name":"Accueil","item":"https:\/\/boutique2mode.com\/en"},{"@type":"ListItem","position":2,"name":"La boutique","item":"https:\/\/boutique2mode.com\/boutique"},{"@type":"ListItem","position":3,"name":"B2M 23 \u2013 SP\u00c9CIAL CANNES, Palmes du Luxe sur La Croisette"}]},{"@type":"WebSite","@id":"https:\/\/boutique2mode.com\/#website","url":"https:\/\/boutique2mode.com\/","name":"Boutique2Mode","description":"Le magazine des professionnels de la mode","potentialAction":[{"@type":"SearchAction","target":{"@type":"EntryPoint","urlTemplate":"https:\/\/boutique2mode.com\/?s={search_term_string}"},"query-input":{"@type":"PropertyValueSpecification","valueRequired":true,"valueName":"search_term_string"}}],"inLanguage":"en-US"}]}},"jetpack_publicize_connections":[],"jetpack_sharing_enabled":true,"builder_content":"","_links":{"self":[{"href":"https:\/\/boutique2mode.com\/en\/wp-json\/wp\/v2\/product\/5309","targetHints":{"allow":["GET"]}}],"collection":[{"href":"https:\/\/boutique2mode.com\/en\/wp-json\/wp\/v2\/product"}],"about":[{"href":"https:\/\/boutique2mode.com\/en\/wp-json\/wp\/v2\/types\/product"}],"wp:featuredmedia":[{"embeddable":true,"href":"https:\/\/boutique2mode.com\/en\/wp-json\/wp\/v2\/media\/5310"}],"wp:attachment":[{"href":"https:\/\/boutique2mode.com\/en\/wp-json\/wp\/v2\/media?parent=5309"}],"wp:term":[{"taxonomy":"product_brand","embeddable":true,"href":"https:\/\/boutique2mode.com\/en\/wp-json\/wp\/v2\/product_brand?post=5309"},{"taxonomy":"product_cat","embeddable":true,"href":"https:\/\/boutique2mode.com\/en\/wp-json\/wp\/v2\/product_cat?post=5309"},{"taxonomy":"product_tag","embeddable":true,"href":"https:\/\/boutique2mode.com\/en\/wp-json\/wp\/v2\/product_tag?post=5309"}],"curies":[{"name":"wp","href":"https:\/\/api.w.org\/{rel}","templated":true}]}}