{"id":5402,"date":"2017-12-22T03:30:35","date_gmt":"2017-12-22T02:30:35","guid":{"rendered":"https:\/\/dev.boutique2mode.com\/?post_type=product&#038;p=5402"},"modified":"2019-07-22T03:45:11","modified_gmt":"2019-07-22T01:45:11","slug":"dossier-special-affiliation-franchise","status":"publish","type":"product","link":"https:\/\/boutique2mode.com\/en\/boutique\/dossier-special-affiliation-franchise","title":{"rendered":"Dossier sp\u00e9cial Affiliation-franchise"},"content":{"rendered":"<p><strong>1\u00e8re Partie : La s\u00e9lection de la r\u00e9daction<\/strong><br \/>\nClient\u00e8le vis\u00e9e, univers de concurrence, zone de chalandise, droit d\u2019entr\u00e9e, taux de marge sur les produits\u2026 cette s\u00e9lection organis\u00e9e par secteur d\u2019activit\u00e9 (PAP Homme, PAP Femme, PAP Enfant, Chaussures, Accessoires) vous permet de comparer les sp\u00e9cificit\u00e9s de chaque r\u00e9seau.<\/p>\n<p><strong>2\u00e8me Partie : Les articles parus de 2010 \u00e0 2016<\/strong><br \/>\n28 pages d\u2019articles riches en retours d\u2019exp\u00e9riences de d\u00e9taillants affili\u00e9s ou franchis\u00e9s, de zooms sur certains r\u00e9seaux, ainsi que de conseils avis\u00e9s de sp\u00e9cialistes de la vente en r\u00e9seaux. Une lecture enrichissante et indispensable pour tous les candidats \u00e0 la franchise !<\/p>\n<p><strong>3\u00e8me Partie : Les s\u00e9lections 2010 \u00e0 2016<\/strong><br \/>\n80 r\u00e9seaux r\u00e9pertori\u00e9s en fonction de l\u2019investissement initial \u00e0 consentir et accompagn\u00e9s d\u2019une analyse d\u00e9taill\u00e9e des caract\u00e9ristiques de l\u2019enseigne (client\u00e8le vis\u00e9e, concurrents, chiffre d\u2019affaires par unit\u00e9, redevance\u2026).<\/p>\n<p><a id=\"sommaire\"><\/a><strong>D\u00e9couvrez un extrait :<\/strong><\/p>\n<div style=\"text-align: center;\">\n<p><iframe loading=\"lazy\" style=\"margin: 0 auto;\" src=\"\/\/v.calameo.com\/?bkcode=004238383c052661a74a8&amp;AuthID=38SU49vTi4yE\" width=\"300\" height=\"194\" frameborder=\"0\" scrolling=\"no\" allowfullscreen=\"allowfullscreen\"><span style=\"display: inline-block; width: 0px; overflow: hidden; line-height: 0;\" data-mce-type=\"bookmark\" class=\"mce_SELRES_start\">\ufeff<\/span><span style=\"display: inline-block; width: 0px; overflow: hidden; line-height: 0;\" data-mce-type=\"bookmark\" class=\"mce_SELRES_start\">\ufeff<\/span><\/iframe><\/p>\n<div style=\"margin: 4px 0px 8px;\"><\/div>\n<\/div>\n<p>&nbsp;<\/p>\n<p>&nbsp;<\/p>\n<!--themify_builder_content-->\n<div id=\"themify_builder_content-5402\" data-postid=\"5402\" class=\"themify_builder_content themify_builder_content-5402 themify_builder tf_clear\">\n    <\/div>\n<!--\/themify_builder_content-->\n","protected":false},"excerpt":{"rendered":"<p>Le secteur de la franchise a le vent en poupe, port\u00e9 par un chiffre d\u2019affaires globalement en hausse. Pour autant, comme pour toute activit\u00e9 commerciale, le risque reste pr\u00e9sent, d\u2019o\u00f9 la n\u00e9cessit\u00e9 de bien se renseigner avant de se lancer. De l\u2019investissement initial (droit d\u2019entr\u00e9e, stock\u2026) aux caract\u00e9ristiques de l\u2019enseigne (superficie, emplacement, chiffre d\u2019affaires\u2026) en passant par les d\u00e9tails du contrat (redevance, publicit\u00e9\u2026) Boutique2Mode a effectu\u00e9 une s\u00e9lection pointue des franchises du secteur de la mode.<br \/>\n<span style=\"color: #800080;\"><a style=\"color: #800080;\" href=\"#tab-description\">D\u00e9couvrir tous les sujets<\/a> <\/span><br \/>\n<a href=\"#sommaire\" class=\"shortcode button  small  \" style=\"color: #902a7d;\">Consulter un exemple<\/a><\/p>\n","protected":false},"featured_media":5403,"template":"","meta":{"_monsterinsights_skip_tracking":false,"_monsterinsights_sitenote_active":false,"_monsterinsights_sitenote_note":"","_monsterinsights_sitenote_category":0,"jetpack_post_was_ever_published":false,"jetpack_publicize_message":"","jetpack_publicize_feature_enabled":true,"jetpack_social_post_already_shared":true,"jetpack_social_options":{"image_generator_settings":{"template":"highway","default_image_id":0,"font":"","enabled":false},"version":2}},"product_brand":[],"product_cat":[51],"product_tag":[],"class_list":{"0":"post-5402","1":"product","2":"type-product","3":"status-publish","4":"has-post-thumbnail","6":"product_cat-vente-au-numero","7":"has-post-title","8":"has-post-date","9":"has-post-category","10":"has-post-tag","11":"has-post-comment","12":"has-post-author","13":"","15":"first","16":"instock","17":"shipping-taxable","18":"purchasable","19":"product-type-simple"},"yoast_head":"<!-- This site is optimized with the Yoast SEO plugin v27.0 - https:\/\/yoast.com\/product\/yoast-seo-wordpress\/ -->\n<title>Dossier sp\u00e9cial Affiliation-franchise - Boutique2Mode<\/title>\n<meta name=\"robots\" content=\"index, follow, max-snippet:-1, max-image-preview:large, max-video-preview:-1\" \/>\n<link rel=\"canonical\" href=\"https:\/\/boutique2mode.com\/boutique\/dossier-special-affiliation-franchise\" \/>\n<meta property=\"og:locale\" content=\"en_US\" \/>\n<meta property=\"og:type\" content=\"article\" \/>\n<meta property=\"og:title\" content=\"Dossier sp\u00e9cial Affiliation-franchise - Boutique2Mode\" \/>\n<meta property=\"og:description\" content=\"Le secteur de la franchise a le vent en poupe, port\u00e9 par un chiffre d\u2019affaires globalement en hausse. Pour autant, comme pour toute activit\u00e9 commerciale, le risque reste pr\u00e9sent, d\u2019o\u00f9 la n\u00e9cessit\u00e9 de bien se renseigner avant de se lancer. De l\u2019investissement initial (droit d\u2019entr\u00e9e, stock\u2026) aux caract\u00e9ristiques de l\u2019enseigne (superficie, emplacement, chiffre d\u2019affaires\u2026) en passant par les d\u00e9tails du contrat (redevance, publicit\u00e9\u2026) Boutique2Mode a effectu\u00e9 une s\u00e9lection pointue des franchises du secteur de la mode. D\u00e9couvrir tous les sujets\" \/>\n<meta property=\"og:url\" content=\"https:\/\/boutique2mode.com\/boutique\/dossier-special-affiliation-franchise\" \/>\n<meta property=\"og:site_name\" content=\"Boutique2Mode\" \/>\n<meta property=\"article:modified_time\" content=\"2019-07-22T01:45:11+00:00\" \/>\n<meta property=\"og:image\" content=\"https:\/\/i2.wp.com\/boutique2mode.com\/wp-content\/uploads\/2019\/07\/Dossier-sp\u00e9cial-Affiliation-franchise-B2M.jpg?fit=1141%2C1141&ssl=1\" \/>\n\t<meta property=\"og:image:width\" content=\"1141\" \/>\n\t<meta property=\"og:image:height\" content=\"1141\" \/>\n\t<meta property=\"og:image:type\" content=\"image\/jpeg\" \/>\n<meta name=\"twitter:card\" content=\"summary_large_image\" \/>\n<meta name=\"twitter:label1\" content=\"Est. reading time\" \/>\n\t<meta name=\"twitter:data1\" content=\"1 minute\" \/>\n<script type=\"application\/ld+json\" class=\"yoast-schema-graph\">{\"@context\":\"https:\/\/schema.org\",\"@graph\":[{\"@type\":\"WebPage\",\"@id\":\"https:\/\/boutique2mode.com\/boutique\/dossier-special-affiliation-franchise\",\"url\":\"https:\/\/boutique2mode.com\/boutique\/dossier-special-affiliation-franchise\",\"name\":\"Dossier sp\u00e9cial Affiliation-franchise - Boutique2Mode\",\"isPartOf\":{\"@id\":\"https:\/\/boutique2mode.com\/#website\"},\"primaryImageOfPage\":{\"@id\":\"https:\/\/boutique2mode.com\/boutique\/dossier-special-affiliation-franchise#primaryimage\"},\"image\":{\"@id\":\"https:\/\/boutique2mode.com\/boutique\/dossier-special-affiliation-franchise#primaryimage\"},\"thumbnailUrl\":\"https:\/\/i0.wp.com\/boutique2mode.com\/wp-content\/uploads\/2019\/07\/Dossier-sp%C3%A9cial-Affiliation-franchise-B2M.jpg?fit=1141%2C1141&ssl=1\",\"datePublished\":\"2017-12-22T02:30:35+00:00\",\"dateModified\":\"2019-07-22T01:45:11+00:00\",\"breadcrumb\":{\"@id\":\"https:\/\/boutique2mode.com\/boutique\/dossier-special-affiliation-franchise#breadcrumb\"},\"inLanguage\":\"en-US\",\"potentialAction\":[{\"@type\":\"ReadAction\",\"target\":[\"https:\/\/boutique2mode.com\/boutique\/dossier-special-affiliation-franchise\"]}]},{\"@type\":\"ImageObject\",\"inLanguage\":\"en-US\",\"@id\":\"https:\/\/boutique2mode.com\/boutique\/dossier-special-affiliation-franchise#primaryimage\",\"url\":\"https:\/\/i0.wp.com\/boutique2mode.com\/wp-content\/uploads\/2019\/07\/Dossier-sp%C3%A9cial-Affiliation-franchise-B2M.jpg?fit=1141%2C1141&ssl=1\",\"contentUrl\":\"https:\/\/i0.wp.com\/boutique2mode.com\/wp-content\/uploads\/2019\/07\/Dossier-sp%C3%A9cial-Affiliation-franchise-B2M.jpg?fit=1141%2C1141&ssl=1\",\"width\":1141,\"height\":1141},{\"@type\":\"BreadcrumbList\",\"@id\":\"https:\/\/boutique2mode.com\/boutique\/dossier-special-affiliation-franchise#breadcrumb\",\"itemListElement\":[{\"@type\":\"ListItem\",\"position\":1,\"name\":\"Accueil\",\"item\":\"https:\/\/boutique2mode.com\/en\"},{\"@type\":\"ListItem\",\"position\":2,\"name\":\"La boutique\",\"item\":\"https:\/\/boutique2mode.com\/boutique\"},{\"@type\":\"ListItem\",\"position\":3,\"name\":\"Dossier sp\u00e9cial Affiliation-franchise\"}]},{\"@type\":\"WebSite\",\"@id\":\"https:\/\/boutique2mode.com\/#website\",\"url\":\"https:\/\/boutique2mode.com\/\",\"name\":\"Boutique2Mode\",\"description\":\"Le magazine des professionnels de la mode\",\"potentialAction\":[{\"@type\":\"SearchAction\",\"target\":{\"@type\":\"EntryPoint\",\"urlTemplate\":\"https:\/\/boutique2mode.com\/?s={search_term_string}\"},\"query-input\":{\"@type\":\"PropertyValueSpecification\",\"valueRequired\":true,\"valueName\":\"search_term_string\"}}],\"inLanguage\":\"en-US\"}]}<\/script>\n<!-- \/ Yoast SEO plugin. -->","yoast_head_json":{"title":"Dossier sp\u00e9cial Affiliation-franchise - Boutique2Mode","robots":{"index":"index","follow":"follow","max-snippet":"max-snippet:-1","max-image-preview":"max-image-preview:large","max-video-preview":"max-video-preview:-1"},"canonical":"https:\/\/boutique2mode.com\/boutique\/dossier-special-affiliation-franchise","og_locale":"en_US","og_type":"article","og_title":"Dossier sp\u00e9cial Affiliation-franchise - Boutique2Mode","og_description":"Le secteur de la franchise a le vent en poupe, port\u00e9 par un chiffre d\u2019affaires globalement en hausse. Pour autant, comme pour toute activit\u00e9 commerciale, le risque reste pr\u00e9sent, d\u2019o\u00f9 la n\u00e9cessit\u00e9 de bien se renseigner avant de se lancer. De l\u2019investissement initial (droit d\u2019entr\u00e9e, stock\u2026) aux caract\u00e9ristiques de l\u2019enseigne (superficie, emplacement, chiffre d\u2019affaires\u2026) en passant par les d\u00e9tails du contrat (redevance, publicit\u00e9\u2026) Boutique2Mode a effectu\u00e9 une s\u00e9lection pointue des franchises du secteur de la mode. D\u00e9couvrir tous les sujets","og_url":"https:\/\/boutique2mode.com\/boutique\/dossier-special-affiliation-franchise","og_site_name":"Boutique2Mode","article_modified_time":"2019-07-22T01:45:11+00:00","og_image":[{"width":1141,"height":1141,"url":"https:\/\/i2.wp.com\/boutique2mode.com\/wp-content\/uploads\/2019\/07\/Dossier-sp\u00e9cial-Affiliation-franchise-B2M.jpg?fit=1141%2C1141&ssl=1","type":"image\/jpeg"}],"twitter_card":"summary_large_image","twitter_misc":{"Est. reading time":"1 minute"},"schema":{"@context":"https:\/\/schema.org","@graph":[{"@type":"WebPage","@id":"https:\/\/boutique2mode.com\/boutique\/dossier-special-affiliation-franchise","url":"https:\/\/boutique2mode.com\/boutique\/dossier-special-affiliation-franchise","name":"Dossier sp\u00e9cial Affiliation-franchise - Boutique2Mode","isPartOf":{"@id":"https:\/\/boutique2mode.com\/#website"},"primaryImageOfPage":{"@id":"https:\/\/boutique2mode.com\/boutique\/dossier-special-affiliation-franchise#primaryimage"},"image":{"@id":"https:\/\/boutique2mode.com\/boutique\/dossier-special-affiliation-franchise#primaryimage"},"thumbnailUrl":"https:\/\/i0.wp.com\/boutique2mode.com\/wp-content\/uploads\/2019\/07\/Dossier-sp%C3%A9cial-Affiliation-franchise-B2M.jpg?fit=1141%2C1141&ssl=1","datePublished":"2017-12-22T02:30:35+00:00","dateModified":"2019-07-22T01:45:11+00:00","breadcrumb":{"@id":"https:\/\/boutique2mode.com\/boutique\/dossier-special-affiliation-franchise#breadcrumb"},"inLanguage":"en-US","potentialAction":[{"@type":"ReadAction","target":["https:\/\/boutique2mode.com\/boutique\/dossier-special-affiliation-franchise"]}]},{"@type":"ImageObject","inLanguage":"en-US","@id":"https:\/\/boutique2mode.com\/boutique\/dossier-special-affiliation-franchise#primaryimage","url":"https:\/\/i0.wp.com\/boutique2mode.com\/wp-content\/uploads\/2019\/07\/Dossier-sp%C3%A9cial-Affiliation-franchise-B2M.jpg?fit=1141%2C1141&ssl=1","contentUrl":"https:\/\/i0.wp.com\/boutique2mode.com\/wp-content\/uploads\/2019\/07\/Dossier-sp%C3%A9cial-Affiliation-franchise-B2M.jpg?fit=1141%2C1141&ssl=1","width":1141,"height":1141},{"@type":"BreadcrumbList","@id":"https:\/\/boutique2mode.com\/boutique\/dossier-special-affiliation-franchise#breadcrumb","itemListElement":[{"@type":"ListItem","position":1,"name":"Accueil","item":"https:\/\/boutique2mode.com\/en"},{"@type":"ListItem","position":2,"name":"La boutique","item":"https:\/\/boutique2mode.com\/boutique"},{"@type":"ListItem","position":3,"name":"Dossier sp\u00e9cial Affiliation-franchise"}]},{"@type":"WebSite","@id":"https:\/\/boutique2mode.com\/#website","url":"https:\/\/boutique2mode.com\/","name":"Boutique2Mode","description":"Le magazine des professionnels de la mode","potentialAction":[{"@type":"SearchAction","target":{"@type":"EntryPoint","urlTemplate":"https:\/\/boutique2mode.com\/?s={search_term_string}"},"query-input":{"@type":"PropertyValueSpecification","valueRequired":true,"valueName":"search_term_string"}}],"inLanguage":"en-US"}]}},"jetpack_publicize_connections":[],"jetpack_sharing_enabled":true,"builder_content":"","_links":{"self":[{"href":"https:\/\/boutique2mode.com\/en\/wp-json\/wp\/v2\/product\/5402","targetHints":{"allow":["GET"]}}],"collection":[{"href":"https:\/\/boutique2mode.com\/en\/wp-json\/wp\/v2\/product"}],"about":[{"href":"https:\/\/boutique2mode.com\/en\/wp-json\/wp\/v2\/types\/product"}],"wp:featuredmedia":[{"embeddable":true,"href":"https:\/\/boutique2mode.com\/en\/wp-json\/wp\/v2\/media\/5403"}],"wp:attachment":[{"href":"https:\/\/boutique2mode.com\/en\/wp-json\/wp\/v2\/media?parent=5402"}],"wp:term":[{"taxonomy":"product_brand","embeddable":true,"href":"https:\/\/boutique2mode.com\/en\/wp-json\/wp\/v2\/product_brand?post=5402"},{"taxonomy":"product_cat","embeddable":true,"href":"https:\/\/boutique2mode.com\/en\/wp-json\/wp\/v2\/product_cat?post=5402"},{"taxonomy":"product_tag","embeddable":true,"href":"https:\/\/boutique2mode.com\/en\/wp-json\/wp\/v2\/product_tag?post=5402"}],"curies":[{"name":"wp","href":"https:\/\/api.w.org\/{rel}","templated":true}]}}