{"id":7830,"date":"2019-08-27T11:03:07","date_gmt":"2019-08-27T09:03:07","guid":{"rendered":"https:\/\/boutique2mode.com\/?post_type=product&#038;p=7830"},"modified":"2019-09-13T21:00:06","modified_gmt":"2019-09-13T19:00:06","slug":"b2m-43-createurs-detaillants-le-duo-gagnant","status":"publish","type":"product","link":"https:\/\/boutique2mode.com\/en\/boutique\/b2m-43-createurs-detaillants-le-duo-gagnant","title":{"rendered":"B2M 43 \u2013 Cr\u00e9ateurs\/D\u00e9taillants, le duo gagnant"},"content":{"rendered":"<p><strong>Merchandising : R\u00e9nover sa boutique sans se ruiner<\/strong><br \/>\nUne augmentation de 5 \u00e0 10 % de votre chiffre d\u2019affaires, cela vous int\u00e9resse ? C\u2019est ce que permet une r\u00e9novation ou une am\u00e9lioration partielle de votre boutique. Nos experts expliquent comment proc\u00e9der.<\/p>\n<p><strong>Mode \u00e9co-responsable : Vers un nouveau mod\u00e8le \u00e9conomique<\/strong><br \/>\nLe sujet de la mode \u00e9co-responsable est sur toutes les l\u00e8vres. Mais comment allier ces valeurs avec un business florissant ? Se pose la question du sourcing des mati\u00e8res, de la fabrication, de l\u2019impact de cette industrie tr\u00e8s polluante.<\/p>\n<p><strong>Interview : \u00ab L\u2019\u00e9tat Fran\u00e7ais a organis\u00e9 la d\u00e9sertification des centres-villes \u00bb<\/strong><br \/>\nComment expliquer la perte d\u2019attractivit\u00e9 des centres-villes fran\u00e7ais, et comment y rem\u00e9dier ? \u00c9l\u00e9ments de r\u00e9ponses avec Martial Bourquin, s\u00e9nateur du Doubs, et co-auteur du \u00ab Pacte national de revitalisation des centres-villes et des centres-bourgs \u00bb.<\/p>\n<p><strong>Enqu\u00eate : Concept-store, c\u2019est quoi le concept ?<\/strong><br \/>\nLe concept store est devenu l\u2019appellation \u00e0 la mode, \u00e0 tel point qu\u2019il est parfois consid\u00e9r\u00e9 comme un rem\u00e8de anti-crise pour boutiques en difficult\u00e9. Que cache r\u00e9ellement cette d\u00e9nomination aux contours un peu flous ? Nous avons men\u00e9 l\u2019enqu\u00eate.<\/p>\n<p><a id=\"sommaire\"><\/a><strong>D\u00e9couvrez le sommaire complet :<br \/>\n<\/strong><\/p>\n<p><img data-recalc-dims=\"1\" loading=\"lazy\" decoding=\"async\" class=\"aligncenter wp-image-7848 size-full\" title=\"L\u2019avenir des m\u00e9tiers du pass\u00e9\" src=\"https:\/\/i0.wp.com\/boutique2mode.com\/wp-content\/uploads\/2019\/08\/Sommaire.jpg?resize=1165%2C1576&#038;ssl=1\" alt=\"\" width=\"1165\" height=\"1576\" srcset=\"https:\/\/i0.wp.com\/boutique2mode.com\/wp-content\/uploads\/2019\/08\/Sommaire.jpg?w=2537&amp;ssl=1 2537w, https:\/\/i0.wp.com\/boutique2mode.com\/wp-content\/uploads\/2019\/08\/Sommaire.jpg?resize=222%2C300&amp;ssl=1 222w, https:\/\/i0.wp.com\/boutique2mode.com\/wp-content\/uploads\/2019\/08\/Sommaire.jpg?resize=768%2C1039&amp;ssl=1 768w, https:\/\/i0.wp.com\/boutique2mode.com\/wp-content\/uploads\/2019\/08\/Sommaire.jpg?resize=757%2C1024&amp;ssl=1 757w, https:\/\/i0.wp.com\/boutique2mode.com\/wp-content\/uploads\/2019\/08\/Sommaire.jpg?resize=600%2C812&amp;ssl=1 600w, https:\/\/i0.wp.com\/boutique2mode.com\/wp-content\/uploads\/2019\/08\/Sommaire.jpg?w=2330&amp;ssl=1 2330w\" sizes=\"auto, (max-width: 1165px) 100vw, 1165px\" \/><\/p>\n<!--themify_builder_content-->\n<div id=\"themify_builder_content-7830\" data-postid=\"7830\" class=\"themify_builder_content themify_builder_content-7830 themify_builder tf_clear\">\n    <\/div>\n<!--\/themify_builder_content-->\n","protected":false},"excerpt":{"rendered":"<p><strong>Strat\u00e9gie : Cr\u00e9ateurs-d\u00e9taillants, un duo gagnant<br \/>\n<\/strong>Nouvelles griffes et commer\u00e7ants ont maintes bonnes raisons de collaborer. Pour les d\u00e9taillants, le pari de la jeune cr\u00e9ation est l\u2019occasion de retrouver une l\u00e9gitimit\u00e9, aux avant-postes de la mode. Enqu\u00eate sur un rapprochement doublement profitable.<br \/>\n<span style=\"text-decoration: underline; color: #902a7d;\"><a style=\"color: #902a7d;\" href=\"#tab-description\">D\u00e9couvrir tous les sujets<\/a><\/span><\/p>\n<p><a href=\"#sommaire\"><span style=\"color: #000000;\"><img loading=\"lazy\" decoding=\"async\" class=\"alignleft wp-image-4930\" src=\"https:\/\/boutique2mode.com\/wp-content\/uploads\/2019\/07\/sommaire-magazine-2-244x300.jpg\" alt=\"sommaire du magazine\" width=\"58\" height=\"71\" srcset=\"https:\/\/i0.wp.com\/boutique2mode.com\/wp-content\/uploads\/2019\/07\/sommaire-magazine-2.jpg?resize=244%2C300&amp;ssl=1 244w, https:\/\/i0.wp.com\/boutique2mode.com\/wp-content\/uploads\/2019\/07\/sommaire-magazine-2.jpg?w=487&amp;ssl=1 487w\" sizes=\"auto, (max-width: 58px) 100vw, 58px\" \/><\/span><\/a><a href=\"#sommaire\" class=\"shortcode button  small  \" style=\"color: #902a7d;\">Consulter le sommaire<\/a><\/p>\n","protected":false},"featured_media":7832,"template":"","meta":{"_monsterinsights_skip_tracking":false,"_monsterinsights_sitenote_active":false,"_monsterinsights_sitenote_note":"","_monsterinsights_sitenote_category":0,"jetpack_post_was_ever_published":false,"jetpack_publicize_message":"","jetpack_publicize_feature_enabled":true,"jetpack_social_post_already_shared":true,"jetpack_social_options":{"image_generator_settings":{"template":"highway","default_image_id":0,"font":"","enabled":false},"version":2}},"product_brand":[],"product_cat":[51],"product_tag":[],"class_list":{"0":"post-7830","1":"product","2":"type-product","3":"status-publish","4":"has-post-thumbnail","6":"product_cat-vente-au-numero","7":"has-post-title","8":"has-post-date","9":"has-post-category","10":"has-post-tag","11":"has-post-comment","12":"has-post-author","13":"","15":"first","16":"instock","17":"shipping-taxable","18":"purchasable","19":"product-type-simple"},"yoast_head":"<!-- This site is optimized with the Yoast SEO plugin v27.0 - https:\/\/yoast.com\/product\/yoast-seo-wordpress\/ -->\n<title>B2M 43 \u2013 Cr\u00e9ateurs\/D\u00e9taillants, le duo gagnant - Boutique2Mode<\/title>\n<meta name=\"robots\" content=\"index, follow, max-snippet:-1, max-image-preview:large, max-video-preview:-1\" \/>\n<link rel=\"canonical\" href=\"https:\/\/boutique2mode.com\/boutique\/b2m-43-createurs-detaillants-le-duo-gagnant\" \/>\n<meta property=\"og:locale\" content=\"en_US\" \/>\n<meta property=\"og:type\" content=\"article\" \/>\n<meta property=\"og:title\" content=\"B2M 43 \u2013 Cr\u00e9ateurs\/D\u00e9taillants, le duo gagnant - Boutique2Mode\" \/>\n<meta property=\"og:description\" content=\"Strat\u00e9gie : Cr\u00e9ateurs-d\u00e9taillants, un duo gagnant Nouvelles griffes et commer\u00e7ants ont maintes bonnes raisons de collaborer. Pour les d\u00e9taillants, le pari de la jeune cr\u00e9ation est l\u2019occasion de retrouver une l\u00e9gitimit\u00e9, aux avant-postes de la mode. Enqu\u00eate sur un rapprochement doublement profitable. D\u00e9couvrir tous les sujets\" \/>\n<meta property=\"og:url\" content=\"https:\/\/boutique2mode.com\/boutique\/b2m-43-createurs-detaillants-le-duo-gagnant\" \/>\n<meta property=\"og:site_name\" content=\"Boutique2Mode\" \/>\n<meta property=\"article:modified_time\" content=\"2019-09-13T19:00:06+00:00\" \/>\n<meta property=\"og:image\" content=\"https:\/\/i1.wp.com\/boutique2mode.com\/wp-content\/uploads\/2019\/08\/Cr\u00e9ateurs-d\u00e9taillants-le-duo-gagnant.jpg?fit=1226%2C1226&ssl=1\" \/>\n\t<meta property=\"og:image:width\" content=\"1226\" \/>\n\t<meta property=\"og:image:height\" content=\"1226\" \/>\n\t<meta property=\"og:image:type\" content=\"image\/jpeg\" \/>\n<meta name=\"twitter:card\" content=\"summary_large_image\" \/>\n<meta name=\"twitter:label1\" content=\"Est. reading time\" \/>\n\t<meta name=\"twitter:data1\" content=\"1 minute\" \/>\n<script type=\"application\/ld+json\" class=\"yoast-schema-graph\">{\"@context\":\"https:\/\/schema.org\",\"@graph\":[{\"@type\":\"WebPage\",\"@id\":\"https:\/\/boutique2mode.com\/boutique\/b2m-43-createurs-detaillants-le-duo-gagnant\",\"url\":\"https:\/\/boutique2mode.com\/boutique\/b2m-43-createurs-detaillants-le-duo-gagnant\",\"name\":\"B2M 43 \u2013 Cr\u00e9ateurs\/D\u00e9taillants, le duo gagnant - Boutique2Mode\",\"isPartOf\":{\"@id\":\"https:\/\/boutique2mode.com\/#website\"},\"primaryImageOfPage\":{\"@id\":\"https:\/\/boutique2mode.com\/boutique\/b2m-43-createurs-detaillants-le-duo-gagnant#primaryimage\"},\"image\":{\"@id\":\"https:\/\/boutique2mode.com\/boutique\/b2m-43-createurs-detaillants-le-duo-gagnant#primaryimage\"},\"thumbnailUrl\":\"https:\/\/i0.wp.com\/boutique2mode.com\/wp-content\/uploads\/2019\/08\/Cr%C3%A9ateurs-d%C3%A9taillants-le-duo-gagnant.jpg?fit=1226%2C1226&ssl=1\",\"datePublished\":\"2019-08-27T09:03:07+00:00\",\"dateModified\":\"2019-09-13T19:00:06+00:00\",\"breadcrumb\":{\"@id\":\"https:\/\/boutique2mode.com\/boutique\/b2m-43-createurs-detaillants-le-duo-gagnant#breadcrumb\"},\"inLanguage\":\"en-US\",\"potentialAction\":[{\"@type\":\"ReadAction\",\"target\":[\"https:\/\/boutique2mode.com\/boutique\/b2m-43-createurs-detaillants-le-duo-gagnant\"]}]},{\"@type\":\"ImageObject\",\"inLanguage\":\"en-US\",\"@id\":\"https:\/\/boutique2mode.com\/boutique\/b2m-43-createurs-detaillants-le-duo-gagnant#primaryimage\",\"url\":\"https:\/\/i0.wp.com\/boutique2mode.com\/wp-content\/uploads\/2019\/08\/Cr%C3%A9ateurs-d%C3%A9taillants-le-duo-gagnant.jpg?fit=1226%2C1226&ssl=1\",\"contentUrl\":\"https:\/\/i0.wp.com\/boutique2mode.com\/wp-content\/uploads\/2019\/08\/Cr%C3%A9ateurs-d%C3%A9taillants-le-duo-gagnant.jpg?fit=1226%2C1226&ssl=1\",\"width\":1226,\"height\":1226},{\"@type\":\"BreadcrumbList\",\"@id\":\"https:\/\/boutique2mode.com\/boutique\/b2m-43-createurs-detaillants-le-duo-gagnant#breadcrumb\",\"itemListElement\":[{\"@type\":\"ListItem\",\"position\":1,\"name\":\"Accueil\",\"item\":\"https:\/\/boutique2mode.com\/en\"},{\"@type\":\"ListItem\",\"position\":2,\"name\":\"La boutique\",\"item\":\"https:\/\/boutique2mode.com\/boutique\"},{\"@type\":\"ListItem\",\"position\":3,\"name\":\"B2M 43 \u2013 Cr\u00e9ateurs\/D\u00e9taillants, le duo gagnant\"}]},{\"@type\":\"WebSite\",\"@id\":\"https:\/\/boutique2mode.com\/#website\",\"url\":\"https:\/\/boutique2mode.com\/\",\"name\":\"Boutique2Mode\",\"description\":\"Le magazine des professionnels de la mode\",\"potentialAction\":[{\"@type\":\"SearchAction\",\"target\":{\"@type\":\"EntryPoint\",\"urlTemplate\":\"https:\/\/boutique2mode.com\/?s={search_term_string}\"},\"query-input\":{\"@type\":\"PropertyValueSpecification\",\"valueRequired\":true,\"valueName\":\"search_term_string\"}}],\"inLanguage\":\"en-US\"}]}<\/script>\n<!-- \/ Yoast SEO plugin. -->","yoast_head_json":{"title":"B2M 43 \u2013 Cr\u00e9ateurs\/D\u00e9taillants, le duo gagnant - Boutique2Mode","robots":{"index":"index","follow":"follow","max-snippet":"max-snippet:-1","max-image-preview":"max-image-preview:large","max-video-preview":"max-video-preview:-1"},"canonical":"https:\/\/boutique2mode.com\/boutique\/b2m-43-createurs-detaillants-le-duo-gagnant","og_locale":"en_US","og_type":"article","og_title":"B2M 43 \u2013 Cr\u00e9ateurs\/D\u00e9taillants, le duo gagnant - Boutique2Mode","og_description":"Strat\u00e9gie : Cr\u00e9ateurs-d\u00e9taillants, un duo gagnant Nouvelles griffes et commer\u00e7ants ont maintes bonnes raisons de collaborer. Pour les d\u00e9taillants, le pari de la jeune cr\u00e9ation est l\u2019occasion de retrouver une l\u00e9gitimit\u00e9, aux avant-postes de la mode. Enqu\u00eate sur un rapprochement doublement profitable. D\u00e9couvrir tous les sujets","og_url":"https:\/\/boutique2mode.com\/boutique\/b2m-43-createurs-detaillants-le-duo-gagnant","og_site_name":"Boutique2Mode","article_modified_time":"2019-09-13T19:00:06+00:00","og_image":[{"width":1226,"height":1226,"url":"https:\/\/i1.wp.com\/boutique2mode.com\/wp-content\/uploads\/2019\/08\/Cr\u00e9ateurs-d\u00e9taillants-le-duo-gagnant.jpg?fit=1226%2C1226&ssl=1","type":"image\/jpeg"}],"twitter_card":"summary_large_image","twitter_misc":{"Est. reading time":"1 minute"},"schema":{"@context":"https:\/\/schema.org","@graph":[{"@type":"WebPage","@id":"https:\/\/boutique2mode.com\/boutique\/b2m-43-createurs-detaillants-le-duo-gagnant","url":"https:\/\/boutique2mode.com\/boutique\/b2m-43-createurs-detaillants-le-duo-gagnant","name":"B2M 43 \u2013 Cr\u00e9ateurs\/D\u00e9taillants, le duo gagnant - Boutique2Mode","isPartOf":{"@id":"https:\/\/boutique2mode.com\/#website"},"primaryImageOfPage":{"@id":"https:\/\/boutique2mode.com\/boutique\/b2m-43-createurs-detaillants-le-duo-gagnant#primaryimage"},"image":{"@id":"https:\/\/boutique2mode.com\/boutique\/b2m-43-createurs-detaillants-le-duo-gagnant#primaryimage"},"thumbnailUrl":"https:\/\/i0.wp.com\/boutique2mode.com\/wp-content\/uploads\/2019\/08\/Cr%C3%A9ateurs-d%C3%A9taillants-le-duo-gagnant.jpg?fit=1226%2C1226&ssl=1","datePublished":"2019-08-27T09:03:07+00:00","dateModified":"2019-09-13T19:00:06+00:00","breadcrumb":{"@id":"https:\/\/boutique2mode.com\/boutique\/b2m-43-createurs-detaillants-le-duo-gagnant#breadcrumb"},"inLanguage":"en-US","potentialAction":[{"@type":"ReadAction","target":["https:\/\/boutique2mode.com\/boutique\/b2m-43-createurs-detaillants-le-duo-gagnant"]}]},{"@type":"ImageObject","inLanguage":"en-US","@id":"https:\/\/boutique2mode.com\/boutique\/b2m-43-createurs-detaillants-le-duo-gagnant#primaryimage","url":"https:\/\/i0.wp.com\/boutique2mode.com\/wp-content\/uploads\/2019\/08\/Cr%C3%A9ateurs-d%C3%A9taillants-le-duo-gagnant.jpg?fit=1226%2C1226&ssl=1","contentUrl":"https:\/\/i0.wp.com\/boutique2mode.com\/wp-content\/uploads\/2019\/08\/Cr%C3%A9ateurs-d%C3%A9taillants-le-duo-gagnant.jpg?fit=1226%2C1226&ssl=1","width":1226,"height":1226},{"@type":"BreadcrumbList","@id":"https:\/\/boutique2mode.com\/boutique\/b2m-43-createurs-detaillants-le-duo-gagnant#breadcrumb","itemListElement":[{"@type":"ListItem","position":1,"name":"Accueil","item":"https:\/\/boutique2mode.com\/en"},{"@type":"ListItem","position":2,"name":"La boutique","item":"https:\/\/boutique2mode.com\/boutique"},{"@type":"ListItem","position":3,"name":"B2M 43 \u2013 Cr\u00e9ateurs\/D\u00e9taillants, le duo gagnant"}]},{"@type":"WebSite","@id":"https:\/\/boutique2mode.com\/#website","url":"https:\/\/boutique2mode.com\/","name":"Boutique2Mode","description":"Le magazine des professionnels de la mode","potentialAction":[{"@type":"SearchAction","target":{"@type":"EntryPoint","urlTemplate":"https:\/\/boutique2mode.com\/?s={search_term_string}"},"query-input":{"@type":"PropertyValueSpecification","valueRequired":true,"valueName":"search_term_string"}}],"inLanguage":"en-US"}]}},"jetpack_publicize_connections":[],"jetpack_sharing_enabled":true,"builder_content":"","_links":{"self":[{"href":"https:\/\/boutique2mode.com\/en\/wp-json\/wp\/v2\/product\/7830","targetHints":{"allow":["GET"]}}],"collection":[{"href":"https:\/\/boutique2mode.com\/en\/wp-json\/wp\/v2\/product"}],"about":[{"href":"https:\/\/boutique2mode.com\/en\/wp-json\/wp\/v2\/types\/product"}],"wp:featuredmedia":[{"embeddable":true,"href":"https:\/\/boutique2mode.com\/en\/wp-json\/wp\/v2\/media\/7832"}],"wp:attachment":[{"href":"https:\/\/boutique2mode.com\/en\/wp-json\/wp\/v2\/media?parent=7830"}],"wp:term":[{"taxonomy":"product_brand","embeddable":true,"href":"https:\/\/boutique2mode.com\/en\/wp-json\/wp\/v2\/product_brand?post=7830"},{"taxonomy":"product_cat","embeddable":true,"href":"https:\/\/boutique2mode.com\/en\/wp-json\/wp\/v2\/product_cat?post=7830"},{"taxonomy":"product_tag","embeddable":true,"href":"https:\/\/boutique2mode.com\/en\/wp-json\/wp\/v2\/product_tag?post=7830"}],"curies":[{"name":"wp","href":"https:\/\/api.w.org\/{rel}","templated":true}]}}