{"id":8788,"date":"2019-09-11T19:12:43","date_gmt":"2019-09-11T17:12:43","guid":{"rendered":"https:\/\/boutique2mode.com\/?post_type=product&#038;p=8788"},"modified":"2020-11-30T10:52:56","modified_gmt":"2020-11-30T09:52:56","slug":"abonnement-par-cheque","status":"publish","type":"product","link":"https:\/\/boutique2mode.com\/en\/boutique\/abonnement-par-cheque","title":{"rendered":"Abonnement par ch\u00e8que"},"content":{"rendered":"<!--themify_builder_content-->\n<div id=\"themify_builder_content-8788\" data-postid=\"8788\" class=\"themify_builder_content themify_builder_content-8788 themify_builder tf_clear\">\n    <\/div>\n<!--\/themify_builder_content-->\n","protected":false},"excerpt":{"rendered":"<h3><span style=\"color: #ff0000;\">VEUILLEZ ACC\u00c9DER A NOUVELLE PAGE D&#8217;ABONNEMENT <span style=\"text-decoration: underline;\"><a style=\"color: #ff0000; text-decoration: underline;\" href=\"https:\/\/lechommerces.fr\/boutique\/boutique2mode-lechommerces-abonnement\/\">EN CLIQUANT ICI<\/a><\/span><\/span><\/h3>\n<h3>Un abonnement unique pour tous les professionnels de la mode :<\/h3>\n<p><span class=\"shortcode themify-icon bold\"><i class=\"themify-icon-icon\" style=\"color: #ea2316;\"><svg  class=\"tf_fa tf-ti-alert\" aria-hidden=\"true\"><use href=\"#tf-ti-alert\"><\/use><\/svg><\/i><\/span>Pour les abonnements par ch\u00e8que vous n&#8217;aurez acc\u00e8s aux articles r\u00e9serv\u00e9s aux abonn\u00e9s qu&#8217;apr\u00e8s r\u00e9ception de votre ch\u00e8que et validation.<br \/>\nSi vous souhaitez que votre abonnement soit actif imm\u00e9diatement, choisissez notre <a href=\"\/boutique\/abonnement-integral\">formule int\u00e9grale<\/a><\/p>\n<p><span class=\"shortcode themify-icon bold\"><i class=\"themify-icon-icon\" style=\"color: #902a7d;\"><svg  class=\"tf_fa tf-ti-check\" aria-hidden=\"true\"><use href=\"#tf-ti-check\"><\/use><\/svg><\/i><\/span> Tous les contenus du site en illimit\u00e9 (articles et enqu\u00eates)<br \/>\n<span class=\"shortcode themify-icon \"><i class=\"themify-icon-icon\" style=\"color: #902a7d;\"><svg  class=\"tf_fa tf-ti-check\" aria-hidden=\"true\"><use href=\"#tf-ti-check\"><\/use><\/svg><\/i><\/span> Le magazine Boutique2Mode chaque semestre<br \/>\n<span class=\"shortcode themify-icon \"><i class=\"themify-icon-icon\" style=\"color: #902a7d;\"><svg  class=\"tf_fa tf-ti-check\" aria-hidden=\"true\"><use href=\"#tf-ti-check\"><\/use><\/svg><\/i><\/span> L&#8217;acc\u00e8s \u00e0 tous les magazines en lecture num\u00e9rique<br \/>\n<span class=\"shortcode themify-icon \"><i class=\"themify-icon-icon\" style=\"color: #902a7d;\"><svg  class=\"tf_fa tf-ti-check\" aria-hidden=\"true\"><use href=\"#tf-ti-check\"><\/use><\/svg><\/i><\/span> Les newsletters hebdomadaires avec acc\u00e8s \u00e0 tous les articles<br \/>\n<span class=\"shortcode themify-icon \"><i class=\"themify-icon-icon\" style=\"color: #902a7d;\"><svg  class=\"tf_fa tf-ti-check\" aria-hidden=\"true\"><use href=\"#tf-ti-check\"><\/use><\/svg><\/i><\/span> Abonnement flexible et sans engagement<br \/>\n<span class=\"shortcode themify-icon \"><i class=\"themify-icon-icon\" style=\"color: #902a7d;\"><svg  class=\"tf_fa tf-ti-plus\" aria-hidden=\"true\"><use href=\"#tf-ti-plus\"><\/use><\/svg><\/i><\/span> Acc\u00e8s en illimit\u00e9 \u00e0 <a href=\"https:\/\/lechommerces.fr\/\" target=\"_blank\" rel=\"noopener noreferrer\">L&#8217;echommerces<\/a> pour 1\u20ac\/mois<\/p>\n","protected":false},"featured_media":3507,"template":"","meta":{"_monsterinsights_skip_tracking":false,"_monsterinsights_sitenote_active":false,"_monsterinsights_sitenote_note":"","_monsterinsights_sitenote_category":0,"jetpack_post_was_ever_published":false,"jetpack_publicize_message":"","jetpack_publicize_feature_enabled":true,"jetpack_social_post_already_shared":true,"jetpack_social_options":{"image_generator_settings":{"template":"highway","default_image_id":0,"font":"","enabled":false},"version":2}},"product_brand":[],"product_cat":[44],"product_tag":[],"class_list":{"0":"post-8788","1":"product","2":"type-product","3":"status-publish","4":"has-post-thumbnail","6":"product_cat-abonnement","7":"has-post-title","8":"has-post-date","9":"has-post-category","10":"has-post-tag","11":"has-post-comment","12":"has-post-author","13":"","15":"first","16":"outofstock","17":"shipping-taxable","18":"purchasable","19":"product-type-variable","20":"has-default-attributes"},"yoast_head":"<!-- This site is optimized with the Yoast SEO plugin v27.4 - https:\/\/yoast.com\/product\/yoast-seo-wordpress\/ -->\n<title>Abonnement par ch\u00e8que - Boutique2Mode<\/title>\n<meta name=\"robots\" content=\"index, follow, max-snippet:-1, max-image-preview:large, max-video-preview:-1\" \/>\n<link rel=\"canonical\" href=\"https:\/\/boutique2mode.com\/boutique\/abonnement-par-cheque\" \/>\n<meta property=\"og:locale\" content=\"en_US\" \/>\n<meta property=\"og:type\" content=\"article\" \/>\n<meta property=\"og:title\" content=\"Abonnement par ch\u00e8que - Boutique2Mode\" \/>\n<meta property=\"og:description\" content=\"VEUILLEZ ACC\u00c9DER A NOUVELLE PAGE D&#039;ABONNEMENT EN CLIQUANT ICI Un abonnement unique pour tous les professionnels de la mode : Pour les abonnements par ch\u00e8que vous n&#039;aurez acc\u00e8s aux articles r\u00e9serv\u00e9s aux abonn\u00e9s qu&#039;apr\u00e8s r\u00e9ception de votre ch\u00e8que et validation. Si vous souhaitez que votre abonnement soit actif imm\u00e9diatement, choisissez notre formule int\u00e9grale   Tous les contenus du site en illimit\u00e9 (articles et enqu\u00eates)  Le magazine Boutique2Mode chaque semestre  L&#039;acc\u00e8s \u00e0 tous les magazines en lecture num\u00e9rique  Les newsletters hebdomadaires avec acc\u00e8s \u00e0 tous les articles  Abonnement flexible et sans engagement  Acc\u00e8s en illimit\u00e9 \u00e0 L&#039;echommerces pour 1\u20ac\/mois\" \/>\n<meta property=\"og:url\" content=\"https:\/\/boutique2mode.com\/boutique\/abonnement-par-cheque\" \/>\n<meta property=\"og:site_name\" content=\"Boutique2Mode\" \/>\n<meta property=\"article:modified_time\" content=\"2020-11-30T09:52:56+00:00\" \/>\n<meta property=\"og:image\" content=\"https:\/\/i2.wp.com\/boutique2mode.com\/wp-content\/uploads\/2018\/03\/vide.png?fit=100%2C10&ssl=1\" \/>\n\t<meta property=\"og:image:width\" content=\"100\" \/>\n\t<meta property=\"og:image:height\" content=\"10\" \/>\n\t<meta property=\"og:image:type\" content=\"image\/png\" \/>\n<meta name=\"twitter:card\" content=\"summary_large_image\" \/>\n<script type=\"application\/ld+json\" class=\"yoast-schema-graph\">{\"@context\":\"https:\\\/\\\/schema.org\",\"@graph\":[{\"@type\":\"WebPage\",\"@id\":\"https:\\\/\\\/boutique2mode.com\\\/boutique\\\/abonnement-par-cheque\",\"url\":\"https:\\\/\\\/boutique2mode.com\\\/boutique\\\/abonnement-par-cheque\",\"name\":\"Abonnement par ch\u00e8que - Boutique2Mode\",\"isPartOf\":{\"@id\":\"https:\\\/\\\/boutique2mode.com\\\/#website\"},\"primaryImageOfPage\":{\"@id\":\"https:\\\/\\\/boutique2mode.com\\\/boutique\\\/abonnement-par-cheque#primaryimage\"},\"image\":{\"@id\":\"https:\\\/\\\/boutique2mode.com\\\/boutique\\\/abonnement-par-cheque#primaryimage\"},\"thumbnailUrl\":\"https:\\\/\\\/i0.wp.com\\\/boutique2mode.com\\\/wp-content\\\/uploads\\\/2018\\\/03\\\/vide.png?fit=100%2C10&ssl=1\",\"datePublished\":\"2019-09-11T17:12:43+00:00\",\"dateModified\":\"2020-11-30T09:52:56+00:00\",\"breadcrumb\":{\"@id\":\"https:\\\/\\\/boutique2mode.com\\\/boutique\\\/abonnement-par-cheque#breadcrumb\"},\"inLanguage\":\"en-US\",\"potentialAction\":[{\"@type\":\"ReadAction\",\"target\":[\"https:\\\/\\\/boutique2mode.com\\\/boutique\\\/abonnement-par-cheque\"]}]},{\"@type\":\"ImageObject\",\"inLanguage\":\"en-US\",\"@id\":\"https:\\\/\\\/boutique2mode.com\\\/boutique\\\/abonnement-par-cheque#primaryimage\",\"url\":\"https:\\\/\\\/i0.wp.com\\\/boutique2mode.com\\\/wp-content\\\/uploads\\\/2018\\\/03\\\/vide.png?fit=100%2C10&ssl=1\",\"contentUrl\":\"https:\\\/\\\/i0.wp.com\\\/boutique2mode.com\\\/wp-content\\\/uploads\\\/2018\\\/03\\\/vide.png?fit=100%2C10&ssl=1\",\"width\":100,\"height\":10},{\"@type\":\"BreadcrumbList\",\"@id\":\"https:\\\/\\\/boutique2mode.com\\\/boutique\\\/abonnement-par-cheque#breadcrumb\",\"itemListElement\":[{\"@type\":\"ListItem\",\"position\":1,\"name\":\"Accueil\",\"item\":\"https:\\\/\\\/boutique2mode.com\\\/en\"},{\"@type\":\"ListItem\",\"position\":2,\"name\":\"La boutique\",\"item\":\"https:\\\/\\\/boutique2mode.com\\\/boutique\"},{\"@type\":\"ListItem\",\"position\":3,\"name\":\"Abonnement par ch\u00e8que\"}]},{\"@type\":\"WebSite\",\"@id\":\"https:\\\/\\\/boutique2mode.com\\\/#website\",\"url\":\"https:\\\/\\\/boutique2mode.com\\\/\",\"name\":\"Boutique2Mode\",\"description\":\"Le magazine des professionnels de la mode\",\"potentialAction\":[{\"@type\":\"SearchAction\",\"target\":{\"@type\":\"EntryPoint\",\"urlTemplate\":\"https:\\\/\\\/boutique2mode.com\\\/?s={search_term_string}\"},\"query-input\":{\"@type\":\"PropertyValueSpecification\",\"valueRequired\":true,\"valueName\":\"search_term_string\"}}],\"inLanguage\":\"en-US\"}]}<\/script>\n<!-- \/ Yoast SEO plugin. -->","yoast_head_json":{"title":"Abonnement par ch\u00e8que - Boutique2Mode","robots":{"index":"index","follow":"follow","max-snippet":"max-snippet:-1","max-image-preview":"max-image-preview:large","max-video-preview":"max-video-preview:-1"},"canonical":"https:\/\/boutique2mode.com\/boutique\/abonnement-par-cheque","og_locale":"en_US","og_type":"article","og_title":"Abonnement par ch\u00e8que - Boutique2Mode","og_description":"VEUILLEZ ACC\u00c9DER A NOUVELLE PAGE D'ABONNEMENT EN CLIQUANT ICI Un abonnement unique pour tous les professionnels de la mode : Pour les abonnements par ch\u00e8que vous n'aurez acc\u00e8s aux articles r\u00e9serv\u00e9s aux abonn\u00e9s qu'apr\u00e8s r\u00e9ception de votre ch\u00e8que et validation. Si vous souhaitez que votre abonnement soit actif imm\u00e9diatement, choisissez notre formule int\u00e9grale   Tous les contenus du site en illimit\u00e9 (articles et enqu\u00eates)  Le magazine Boutique2Mode chaque semestre  L'acc\u00e8s \u00e0 tous les magazines en lecture num\u00e9rique  Les newsletters hebdomadaires avec acc\u00e8s \u00e0 tous les articles  Abonnement flexible et sans engagement  Acc\u00e8s en illimit\u00e9 \u00e0 L'echommerces pour 1\u20ac\/mois","og_url":"https:\/\/boutique2mode.com\/boutique\/abonnement-par-cheque","og_site_name":"Boutique2Mode","article_modified_time":"2020-11-30T09:52:56+00:00","og_image":[{"width":100,"height":10,"url":"https:\/\/i2.wp.com\/boutique2mode.com\/wp-content\/uploads\/2018\/03\/vide.png?fit=100%2C10&ssl=1","type":"image\/png"}],"twitter_card":"summary_large_image","schema":{"@context":"https:\/\/schema.org","@graph":[{"@type":"WebPage","@id":"https:\/\/boutique2mode.com\/boutique\/abonnement-par-cheque","url":"https:\/\/boutique2mode.com\/boutique\/abonnement-par-cheque","name":"Abonnement par ch\u00e8que - Boutique2Mode","isPartOf":{"@id":"https:\/\/boutique2mode.com\/#website"},"primaryImageOfPage":{"@id":"https:\/\/boutique2mode.com\/boutique\/abonnement-par-cheque#primaryimage"},"image":{"@id":"https:\/\/boutique2mode.com\/boutique\/abonnement-par-cheque#primaryimage"},"thumbnailUrl":"https:\/\/i0.wp.com\/boutique2mode.com\/wp-content\/uploads\/2018\/03\/vide.png?fit=100%2C10&ssl=1","datePublished":"2019-09-11T17:12:43+00:00","dateModified":"2020-11-30T09:52:56+00:00","breadcrumb":{"@id":"https:\/\/boutique2mode.com\/boutique\/abonnement-par-cheque#breadcrumb"},"inLanguage":"en-US","potentialAction":[{"@type":"ReadAction","target":["https:\/\/boutique2mode.com\/boutique\/abonnement-par-cheque"]}]},{"@type":"ImageObject","inLanguage":"en-US","@id":"https:\/\/boutique2mode.com\/boutique\/abonnement-par-cheque#primaryimage","url":"https:\/\/i0.wp.com\/boutique2mode.com\/wp-content\/uploads\/2018\/03\/vide.png?fit=100%2C10&ssl=1","contentUrl":"https:\/\/i0.wp.com\/boutique2mode.com\/wp-content\/uploads\/2018\/03\/vide.png?fit=100%2C10&ssl=1","width":100,"height":10},{"@type":"BreadcrumbList","@id":"https:\/\/boutique2mode.com\/boutique\/abonnement-par-cheque#breadcrumb","itemListElement":[{"@type":"ListItem","position":1,"name":"Accueil","item":"https:\/\/boutique2mode.com\/en"},{"@type":"ListItem","position":2,"name":"La boutique","item":"https:\/\/boutique2mode.com\/boutique"},{"@type":"ListItem","position":3,"name":"Abonnement par ch\u00e8que"}]},{"@type":"WebSite","@id":"https:\/\/boutique2mode.com\/#website","url":"https:\/\/boutique2mode.com\/","name":"Boutique2Mode","description":"Le magazine des professionnels de la mode","potentialAction":[{"@type":"SearchAction","target":{"@type":"EntryPoint","urlTemplate":"https:\/\/boutique2mode.com\/?s={search_term_string}"},"query-input":{"@type":"PropertyValueSpecification","valueRequired":true,"valueName":"search_term_string"}}],"inLanguage":"en-US"}]}},"jetpack_publicize_connections":[],"jetpack_sharing_enabled":true,"builder_content":"","_links":{"self":[{"href":"https:\/\/boutique2mode.com\/en\/wp-json\/wp\/v2\/product\/8788","targetHints":{"allow":["GET"]}}],"collection":[{"href":"https:\/\/boutique2mode.com\/en\/wp-json\/wp\/v2\/product"}],"about":[{"href":"https:\/\/boutique2mode.com\/en\/wp-json\/wp\/v2\/types\/product"}],"wp:featuredmedia":[{"embeddable":true,"href":"https:\/\/boutique2mode.com\/en\/wp-json\/wp\/v2\/media\/3507"}],"wp:attachment":[{"href":"https:\/\/boutique2mode.com\/en\/wp-json\/wp\/v2\/media?parent=8788"}],"wp:term":[{"taxonomy":"product_brand","embeddable":true,"href":"https:\/\/boutique2mode.com\/en\/wp-json\/wp\/v2\/product_brand?post=8788"},{"taxonomy":"product_cat","embeddable":true,"href":"https:\/\/boutique2mode.com\/en\/wp-json\/wp\/v2\/product_cat?post=8788"},{"taxonomy":"product_tag","embeddable":true,"href":"https:\/\/boutique2mode.com\/en\/wp-json\/wp\/v2\/product_tag?post=8788"}],"curies":[{"name":"wp","href":"https:\/\/api.w.org\/{rel}","templated":true}]}}